{"id":205184,"date":"2025-03-22T16:59:25","date_gmt":"2025-03-22T16:59:25","guid":{"rendered":"https:\/\/aromasentia.com\/product\/pack-of-2mm-indonesia-reed-diffuser-sticks-approx-100-sticks\/"},"modified":"2025-05-31T01:35:20","modified_gmt":"2025-05-31T01:35:20","slug":"pakke-med-2-mm-indonesiske-duftpinner-ca-100-pinner","status":"publish","type":"product","link":"https:\/\/aromasentia.com\/no\/pakke-med-2-mm-indonesiske-duftpinner-ca-100-pinner\/","title":{"rendered":"Pakke med 2 mm Indonesiske Duftpinner &#8211; Ca. 100 Pinner"},"content":{"rendered":"<p>Reed Diffuses er enkle \u00e5 selge &#8230; Med en Reed Diffuse f\u00e5r du ingen r\u00f8yk, dryppende voks eller angst for brennende stearinlys, s\u00e5 sivdiffusorer er ideelle for bruk rundt barn eller dyr.<\/p>\n<p>La de aromatiske oljene absorberes opp gjennom de slanke sivene og frigj\u00f8r aromaen naturlig.<\/p>\n<p>Reed Diffusorer er en veldig popul\u00e6r gave og et flott alternativ til oljebrennere.<\/p>\n<p>\n","protected":false},"excerpt":{"rendered":"<p>Reed Diffuses er enkle \u00e5 selge &#8230; Med en Reed Diffuse f\u00e5r du ingen r\u00f8yk, dryppende voks eller angst for brennende stearinlys, s\u00e5 sivdiffusorer er ideelle for bruk rundt barn eller dyr. La de aromatiske oljene absorberes opp gjennom de slanke sivene og frigj\u00f8r aromaen naturlig. Reed Diffusorer er en veldig popul\u00e6r gave og et [&hellip;]<\/p>\n","protected":false},"featured_media":391637,"comment_status":"closed","ping_status":"open","template":"","meta":{"_angie_page":false},"product_brand":[],"product_cat":[9065,9088],"product_tag":[],"class_list":{"0":"post-205184","1":"product","2":"type-product","3":"status-publish","4":"has-post-thumbnail","6":"product_cat-aromaterapi-og-romduft","7":"product_cat-aromaterapi-flasker-og-tilbehor","8":"pa_collection-bulk-reed-diffusers-sticks-no","9":"pa_made-in-indonesia","11":"first","12":"outofstock","13":"purchasable","14":"product-type-simple"},"supplier_id":null,"supplier_sku":"Rreed-04","barcode":null,"atum_controlled":true,"out_stock_date":"2025-09-05 14:05:37","out_stock_threshold":null,"inheritable":false,"inbound_stock":null,"stock_on_hold":0,"sold_today":0,"sales_last_days":0,"reserved_stock":null,"customer_returns":null,"warehouse_damage":null,"lost_in_post":null,"other_logs":null,"out_stock_days":0,"lost_sales":0,"has_location":null,"update_date":"2026-04-27T07:19:52","atum_locations":[],"atum_stock_status":"outofstock","restock_status":false,"low_stock_amount":"","sales_update_date":"2025-09-03T00:21:37","calc_backorders":null,"_links":{"self":[{"href":"https:\/\/aromasentia.com\/no\/wp-json\/wp\/v2\/product\/205184","targetHints":{"allow":["GET"]}}],"collection":[{"href":"https:\/\/aromasentia.com\/no\/wp-json\/wp\/v2\/product"}],"about":[{"href":"https:\/\/aromasentia.com\/no\/wp-json\/wp\/v2\/types\/product"}],"replies":[{"embeddable":true,"href":"https:\/\/aromasentia.com\/no\/wp-json\/wp\/v2\/comments?post=205184"}],"version-history":[{"count":0,"href":"https:\/\/aromasentia.com\/no\/wp-json\/wp\/v2\/product\/205184\/revisions"}],"wp:featuredmedia":[{"embeddable":true,"href":"https:\/\/aromasentia.com\/no\/wp-json\/wp\/v2\/media\/391637"}],"wp:attachment":[{"href":"https:\/\/aromasentia.com\/no\/wp-json\/wp\/v2\/media?parent=205184"}],"wp:term":[{"taxonomy":"product_brand","embeddable":true,"href":"https:\/\/aromasentia.com\/no\/wp-json\/wp\/v2\/product_brand?post=205184"},{"taxonomy":"product_cat","embeddable":true,"href":"https:\/\/aromasentia.com\/no\/wp-json\/wp\/v2\/product_cat?post=205184"},{"taxonomy":"product_tag","embeddable":true,"href":"https:\/\/aromasentia.com\/no\/wp-json\/wp\/v2\/product_tag?post=205184"}],"curies":[{"name":"wp","href":"https:\/\/api.w.org\/{rel}","templated":true}]}}