{"id":205183,"date":"2025-03-22T16:59:25","date_gmt":"2025-03-22T16:59:25","guid":{"rendered":"https:\/\/aromasentia.com\/product\/fibre-black-reed-diffuser-25cm-x-4mm\/"},"modified":"2025-05-31T01:35:18","modified_gmt":"2025-05-31T01:35:18","slug":"fiber-svart-duftpinner-25-cm-x-4-mm","status":"publish","type":"product","link":"https:\/\/aromasentia.com\/no\/fiber-svart-duftpinner-25-cm-x-4-mm\/","title":{"rendered":"Fiber Svart Duftpinner 25 cm x 4 mm"},"content":{"rendered":"<p>En r\u00f8rdiffuser er en enkel, effektiv og trygg m\u00e5te \u00e5 spre kontinuerlig duft i milj\u00f8et ditt. Ideell for soner uten stearinlys, som kontorer og sovesaler eller hjem med sm\u00e5 barn, laget for <strong>Aroma Sentia<\/strong>.<\/p>\n<p>Mange ber om ekstra r\u00f8r til diffuserne sine.<\/p>\n<p>Med en r\u00f8rdiffuser slipper du r\u00f8yk, dryppende voks eller angst for brennende lys, s\u00e5 r\u00f8rdiffusere er ideelle for bruk rundt barn eller dyr.<\/p>\n<p>La de aromatiske oljene absorberes opp gjennom de tynne r\u00f8rene og frigj\u00f8r aromaen naturlig. R\u00f8rdiffusere er en veldig popul\u00e6r gave og et flott alternativ til oljebrennere.<\/p>\n<p><strong>For n\u00e5r du trenger mange r\u00f8r.<\/strong><\/p>\n","protected":false},"excerpt":{"rendered":"<p>En r\u00f8rdiffuser er en enkel, effektiv og trygg m\u00e5te \u00e5 spre kontinuerlig duft i milj\u00f8et ditt. Ideell for soner uten stearinlys, som kontorer og sovesaler eller hjem med sm\u00e5 barn, laget for Aroma Sentia. Mange ber om ekstra r\u00f8r til diffuserne sine. Med en r\u00f8rdiffuser slipper du r\u00f8yk, dryppende voks eller angst for brennende lys, [&hellip;]<\/p>\n","protected":false},"featured_media":391620,"comment_status":"closed","ping_status":"open","template":"","meta":{"_angie_page":false},"product_brand":[],"product_cat":[9065,9088],"product_tag":[],"class_list":{"0":"post-205183","1":"product","2":"type-product","3":"status-publish","4":"has-post-thumbnail","6":"product_cat-aromaterapi-og-romduft","7":"product_cat-aromaterapi-flasker-og-tilbehor","8":"pa_collection-bulk-reed-diffusers-sticks-no","9":"pa_made-in-kina","11":"first","12":"instock","13":"purchasable","14":"product-type-simple"},"supplier_id":null,"supplier_sku":"Rreed-14","barcode":null,"atum_controlled":true,"out_stock_date":null,"out_stock_threshold":null,"inheritable":false,"inbound_stock":null,"stock_on_hold":0,"sold_today":0,"sales_last_days":0,"reserved_stock":null,"customer_returns":null,"warehouse_damage":null,"lost_in_post":null,"other_logs":null,"out_stock_days":0,"lost_sales":0,"has_location":null,"update_date":"2026-04-27T07:19:59","atum_locations":[],"atum_stock_status":"instock","restock_status":false,"low_stock_amount":"","sales_update_date":"2026-01-30T01:24:47","calc_backorders":null,"_links":{"self":[{"href":"https:\/\/aromasentia.com\/no\/wp-json\/wp\/v2\/product\/205183","targetHints":{"allow":["GET"]}}],"collection":[{"href":"https:\/\/aromasentia.com\/no\/wp-json\/wp\/v2\/product"}],"about":[{"href":"https:\/\/aromasentia.com\/no\/wp-json\/wp\/v2\/types\/product"}],"replies":[{"embeddable":true,"href":"https:\/\/aromasentia.com\/no\/wp-json\/wp\/v2\/comments?post=205183"}],"version-history":[{"count":0,"href":"https:\/\/aromasentia.com\/no\/wp-json\/wp\/v2\/product\/205183\/revisions"}],"wp:featuredmedia":[{"embeddable":true,"href":"https:\/\/aromasentia.com\/no\/wp-json\/wp\/v2\/media\/391620"}],"wp:attachment":[{"href":"https:\/\/aromasentia.com\/no\/wp-json\/wp\/v2\/media?parent=205183"}],"wp:term":[{"taxonomy":"product_brand","embeddable":true,"href":"https:\/\/aromasentia.com\/no\/wp-json\/wp\/v2\/product_brand?post=205183"},{"taxonomy":"product_cat","embeddable":true,"href":"https:\/\/aromasentia.com\/no\/wp-json\/wp\/v2\/product_cat?post=205183"},{"taxonomy":"product_tag","embeddable":true,"href":"https:\/\/aromasentia.com\/no\/wp-json\/wp\/v2\/product_tag?post=205183"}],"curies":[{"name":"wp","href":"https:\/\/api.w.org\/{rel}","templated":true}]}}