{"id":205173,"date":"2025-03-22T16:59:25","date_gmt":"2025-03-22T16:59:25","guid":{"rendered":"https:\/\/aromasentia.com\/product\/120ml-reed-diffuser-pomegranate-nutmeg\/"},"modified":"2025-05-31T01:34:30","modified_gmt":"2025-05-31T01:34:30","slug":"granateple-muskatnott-duftpinner-120ml","status":"publish","type":"product","link":"https:\/\/aromasentia.com\/no\/granateple-muskatnott-duftpinner-120ml\/","title":{"rendered":"Granateple &#038; Muskatn\u00f8tt Duftpinner 120ml"},"content":{"rendered":"<p>Jordaktig, men s\u00f8t, denne majestetiske blandingen av <strong>granateple- og muskatn\u00f8ttduft<\/strong> vil f\u00e5 kundene dine til \u00e5 ta inn den velduftende aromaen. Granateplenes fruktige og overd\u00e5dige duft kombinert med den subtile krydrede duften av muskatn\u00f8tt skaper en unik luksuri\u00f8s duft som vil gi kundene dine hjem en duft i opptil 12 uker.<\/p>\n<p><strong>Duftdiffusere for hjemmet<\/strong> er et ekstremt popul\u00e6rt n\u00f8dvendighetsprodukt som pleier \u00e5 bli kj\u00f8pt regelmessig, i tillegg til \u00e5 v\u00e6re en sv\u00e6rt popul\u00e6r gave, noe som gj\u00f8r den til en s\u00e5 god selger \u00e5ret rundt. Denne diffuseren leveres til og med klar til salgs i sin elegante og i\u00f8ynefallende emballasje.<\/p>\n<p>Fjern all emballasje f\u00f8r bruk. Bare \u00e5pne lokket, fjern pluggen og plasser de indonesiske rottingpinnene i halsen. N\u00e5r pipene har absorbert oljen, kan du eventuelt snu dem og sette dem tilbake i glasskrukken med den oljegjennomv\u00e5te enden synlig for raskere frigj\u00f8ring av duften.<\/p>\n","protected":false},"excerpt":{"rendered":"<p>Jordaktig, men s\u00f8t, denne majestetiske blandingen av granateple- og muskatn\u00f8ttduft vil f\u00e5 kundene dine til \u00e5 ta inn den velduftende aromaen. Granateplenes fruktige og overd\u00e5dige duft kombinert med den subtile krydrede duften av muskatn\u00f8tt skaper en unik luksuri\u00f8s duft som vil gi kundene dine hjem en duft i opptil 12 uker. Duftdiffusere for hjemmet er [&hellip;]<\/p>\n","protected":false},"featured_media":391282,"comment_status":"closed","ping_status":"open","template":"","meta":{"_angie_page":false},"product_brand":[],"product_cat":[9081,25843,9082,26848,26490,26890,26304],"product_tag":[],"class_list":{"0":"post-205173","1":"product","2":"type-product","3":"status-publish","4":"has-post-thumbnail","6":"product_cat-aroma-diffuser-aromalamper-og-duftpinner","7":"product_cat-dufter-aromaer","8":"product_cat-duftpinner","9":"product_cat-fruktig","10":"product_cat-granateple","11":"product_cat-krydret","12":"product_cat-muskatnott","13":"pa_collection-reed-diffusers-home-fragrance-reed-diffusers-120ml-no","14":"pa_made-in-storbritannia","16":"first","17":"instock","18":"purchasable","19":"product-type-simple"},"supplier_id":null,"supplier_sku":"RDHF-11","barcode":null,"atum_controlled":true,"out_stock_date":null,"out_stock_threshold":null,"inheritable":false,"inbound_stock":null,"stock_on_hold":0,"sold_today":0,"sales_last_days":0,"reserved_stock":null,"customer_returns":null,"warehouse_damage":null,"lost_in_post":null,"other_logs":null,"out_stock_days":0,"lost_sales":0,"has_location":null,"update_date":"2026-05-01T01:01:55","atum_locations":[],"atum_stock_status":"instock","restock_status":false,"low_stock_amount":"","sales_update_date":"2025-09-03T00:21:36","calc_backorders":null,"_links":{"self":[{"href":"https:\/\/aromasentia.com\/no\/wp-json\/wp\/v2\/product\/205173","targetHints":{"allow":["GET"]}}],"collection":[{"href":"https:\/\/aromasentia.com\/no\/wp-json\/wp\/v2\/product"}],"about":[{"href":"https:\/\/aromasentia.com\/no\/wp-json\/wp\/v2\/types\/product"}],"replies":[{"embeddable":true,"href":"https:\/\/aromasentia.com\/no\/wp-json\/wp\/v2\/comments?post=205173"}],"version-history":[{"count":0,"href":"https:\/\/aromasentia.com\/no\/wp-json\/wp\/v2\/product\/205173\/revisions"}],"wp:featuredmedia":[{"embeddable":true,"href":"https:\/\/aromasentia.com\/no\/wp-json\/wp\/v2\/media\/391282"}],"wp:attachment":[{"href":"https:\/\/aromasentia.com\/no\/wp-json\/wp\/v2\/media?parent=205173"}],"wp:term":[{"taxonomy":"product_brand","embeddable":true,"href":"https:\/\/aromasentia.com\/no\/wp-json\/wp\/v2\/product_brand?post=205173"},{"taxonomy":"product_cat","embeddable":true,"href":"https:\/\/aromasentia.com\/no\/wp-json\/wp\/v2\/product_cat?post=205173"},{"taxonomy":"product_tag","embeddable":true,"href":"https:\/\/aromasentia.com\/no\/wp-json\/wp\/v2\/product_tag?post=205173"}],"curies":[{"name":"wp","href":"https:\/\/api.w.org\/{rel}","templated":true}]}}