{"id":205167,"date":"2025-03-22T16:59:25","date_gmt":"2025-03-22T16:59:25","guid":{"rendered":"https:\/\/aromasentia.com\/product\/120ml-reed-diffuser-fig-cassis\/"},"modified":"2025-05-31T01:33:45","modified_gmt":"2025-05-31T01:33:45","slug":"fig-cassis-duftpinner-120ml","status":"publish","type":"product","link":"https:\/\/aromasentia.com\/no\/fig-cassis-duftpinner-120ml\/","title":{"rendered":"Fig &#038; Cassis Duftpinner 120ml"},"content":{"rendered":"<p>Jordaktig, men likevel subtilt s\u00f8t, denne majestetiske blandingen av<strong>Fiken og Cassis<\/strong>dufter vil f\u00e5 kundene dine p\u00e5 ferie i Middelhavet og nyte det varme v\u00e6ret. Den modne og jordaktige duften av fiken kombinert med den friske og fruktige duften av Cassis skaper en herlig, oppl\u00f8ftende duft som vil f\u00e5 kundenes hjem til \u00e5 lukte fantastisk i opptil 12 uker.<\/p>\n<p><strong>Hjemmeduftdiffusere<\/strong>er et ekstremt popul\u00e6rt n\u00f8dvendighetsprodukt som pleier \u00e5 bli kj\u00f8pt regelmessig, i tillegg til \u00e5 v\u00e6re en sv\u00e6rt popul\u00e6r gave, noe som gj\u00f8r den til en s\u00e5 god selger \u00e5ret rundt. Denne diffuseren leveres til og med klar til salgs i sin elegante og i\u00f8ynefallende emballasje.<\/p>\n<p>Fjern all emballasje f\u00f8r bruk. Bare \u00e5pne lokket, fjern pluggen og plasser de indonesiske rottingpinnene i halsen. Du kan eventuelt snu r\u00f8rene n\u00e5r de har absorbert oljen og sette dem tilbake i glasskrukken med den oljegjennomv\u00e5te enden synlig for raskere frigj\u00f8ring av duften.<\/p>\n","protected":false},"excerpt":{"rendered":"<p>Jordaktig, men likevel subtilt s\u00f8t, denne majestetiske blandingen avFiken og Cassisdufter vil f\u00e5 kundene dine p\u00e5 ferie i Middelhavet og nyte det varme v\u00e6ret. Den modne og jordaktige duften av fiken kombinert med den friske og fruktige duften av Cassis skaper en herlig, oppl\u00f8ftende duft som vil f\u00e5 kundenes hjem til \u00e5 lukte fantastisk i [&hellip;]<\/p>\n","protected":false},"featured_media":391036,"comment_status":"closed","ping_status":"open","template":"","meta":{"_angie_page":false},"product_brand":[],"product_cat":[9081,9082],"product_tag":[],"class_list":{"0":"post-205167","1":"product","2":"type-product","3":"status-publish","4":"has-post-thumbnail","6":"product_cat-aroma-diffuser-aromalamper-og-duftpinner","7":"product_cat-duftpinner","8":"pa_collection-reed-diffusers-home-fragrance-reed-diffusers-120ml-no","9":"pa_made-in-storbritannia","11":"first","12":"instock","13":"purchasable","14":"product-type-simple"},"supplier_id":null,"supplier_sku":"RDHF-05","barcode":null,"atum_controlled":true,"out_stock_date":null,"out_stock_threshold":null,"inheritable":false,"inbound_stock":null,"stock_on_hold":0,"sold_today":0,"sales_last_days":0,"reserved_stock":null,"customer_returns":null,"warehouse_damage":null,"lost_in_post":null,"other_logs":null,"out_stock_days":0,"lost_sales":0,"has_location":null,"update_date":"2026-04-27T07:19:22","atum_locations":[],"atum_stock_status":"instock","restock_status":false,"low_stock_amount":"","sales_update_date":"2026-02-06T00:01:54","calc_backorders":null,"_links":{"self":[{"href":"https:\/\/aromasentia.com\/no\/wp-json\/wp\/v2\/product\/205167","targetHints":{"allow":["GET"]}}],"collection":[{"href":"https:\/\/aromasentia.com\/no\/wp-json\/wp\/v2\/product"}],"about":[{"href":"https:\/\/aromasentia.com\/no\/wp-json\/wp\/v2\/types\/product"}],"replies":[{"embeddable":true,"href":"https:\/\/aromasentia.com\/no\/wp-json\/wp\/v2\/comments?post=205167"}],"version-history":[{"count":0,"href":"https:\/\/aromasentia.com\/no\/wp-json\/wp\/v2\/product\/205167\/revisions"}],"wp:featuredmedia":[{"embeddable":true,"href":"https:\/\/aromasentia.com\/no\/wp-json\/wp\/v2\/media\/391036"}],"wp:attachment":[{"href":"https:\/\/aromasentia.com\/no\/wp-json\/wp\/v2\/media?parent=205167"}],"wp:term":[{"taxonomy":"product_brand","embeddable":true,"href":"https:\/\/aromasentia.com\/no\/wp-json\/wp\/v2\/product_brand?post=205167"},{"taxonomy":"product_cat","embeddable":true,"href":"https:\/\/aromasentia.com\/no\/wp-json\/wp\/v2\/product_cat?post=205167"},{"taxonomy":"product_tag","embeddable":true,"href":"https:\/\/aromasentia.com\/no\/wp-json\/wp\/v2\/product_tag?post=205167"}],"curies":[{"name":"wp","href":"https:\/\/api.w.org\/{rel}","templated":true}]}}