{"id":205164,"date":"2025-03-22T16:59:25","date_gmt":"2025-03-22T16:59:25","guid":{"rendered":"https:\/\/aromasentia.com\/product\/120ml-reed-diffuser-in-cherry-woods\/"},"modified":"2025-05-31T01:33:17","modified_gmt":"2025-05-31T01:33:17","slug":"i-kirsebaerskogen-duftpinner-120ml","status":"publish","type":"product","link":"https:\/\/aromasentia.com\/no\/i-kirsebaerskogen-duftpinner-120ml\/","title":{"rendered":"I Kirseb\u00e6rskogen Duftpinner 120ml"},"content":{"rendered":"<p>B\u00e5de s\u00f8t og syrlig uten \u00e5 v\u00e6re overveldende, denne majestetiske blandingen av kirseb\u00e6rduft vil f\u00e5 kundene dine til \u00e5 f\u00f8le at de tar en rolig spasertur gjennom et <strong>kirseb\u00e6rskog<\/strong>. Den s\u00f8te duften av kirseb\u00e6r skaper en herlig fruktig og s\u00e6regen duft som vil f\u00e5 kundenes hjem til \u00e5 lukte fantastisk i opptil 12 uker. &nbsp; &nbsp;<\/p>\n<p><strong>R\u00f8rdiffusere for hjemmet<\/strong> er et ekstremt popul\u00e6rt n\u00f8dvendighetsprodukt som pleier \u00e5 bli kj\u00f8pt om og om igjen regelmessig, i tillegg til \u00e5 v\u00e6re en sv\u00e6rt popul\u00e6r gave, noe som gj\u00f8r den til en s\u00e5 god selger \u00e5ret rundt. Denne r\u00f8rdiffuseren kommer til og med klar til salgs i sin elegante og i\u00f8ynefallende emballasje.<\/p>\n<p>Fjern all emballasje f\u00f8r bruk. Bare \u00e5pne lokket, fjern pluggen og plasser de indonesiske rottingpinnene i halsen. N\u00e5r r\u00f8rene har absorbert oljen, kan du eventuelt snu dem og sette dem tilbake i glasskrukken med den oljegjennomv\u00e5te enden synlig for en raskere frigj\u00f8ring av duften.<\/p>\n","protected":false},"excerpt":{"rendered":"<p>B\u00e5de s\u00f8t og syrlig uten \u00e5 v\u00e6re overveldende, denne majestetiske blandingen av kirseb\u00e6rduft vil f\u00e5 kundene dine til \u00e5 f\u00f8le at de tar en rolig spasertur gjennom et kirseb\u00e6rskog. Den s\u00f8te duften av kirseb\u00e6r skaper en herlig fruktig og s\u00e6regen duft som vil f\u00e5 kundenes hjem til \u00e5 lukte fantastisk i opptil 12 uker. &nbsp; [&hellip;]<\/p>\n","protected":false},"featured_media":390913,"comment_status":"closed","ping_status":"open","template":"","meta":[],"product_brand":[],"product_cat":[9081,9082],"product_tag":[],"class_list":{"0":"post-205164","1":"product","2":"type-product","3":"status-publish","4":"has-post-thumbnail","6":"product_cat-aroma-diffuser-aromalamper-og-duftpinner","7":"product_cat-duftpinner","8":"pa_collection-reed-diffusers-home-fragrance-reed-diffusers-120ml-no","9":"pa_made-in-storbritannia","11":"first","12":"instock","13":"purchasable","14":"product-type-simple"},"supplier_id":null,"supplier_sku":"RDHF-02","barcode":null,"atum_controlled":true,"out_stock_date":null,"out_stock_threshold":null,"inheritable":false,"inbound_stock":null,"stock_on_hold":0,"sold_today":0,"sales_last_days":0,"reserved_stock":null,"customer_returns":null,"warehouse_damage":null,"lost_in_post":null,"other_logs":null,"out_stock_days":17,"lost_sales":0,"has_location":null,"update_date":"2026-02-05T22:29:13","atum_locations":[],"atum_stock_status":"instock","restock_status":false,"low_stock_amount":"","sales_update_date":"2026-01-30T01:24:37","calc_backorders":null,"_links":{"self":[{"href":"https:\/\/aromasentia.com\/no\/wp-json\/wp\/v2\/product\/205164","targetHints":{"allow":["GET"]}}],"collection":[{"href":"https:\/\/aromasentia.com\/no\/wp-json\/wp\/v2\/product"}],"about":[{"href":"https:\/\/aromasentia.com\/no\/wp-json\/wp\/v2\/types\/product"}],"replies":[{"embeddable":true,"href":"https:\/\/aromasentia.com\/no\/wp-json\/wp\/v2\/comments?post=205164"}],"version-history":[{"count":0,"href":"https:\/\/aromasentia.com\/no\/wp-json\/wp\/v2\/product\/205164\/revisions"}],"wp:featuredmedia":[{"embeddable":true,"href":"https:\/\/aromasentia.com\/no\/wp-json\/wp\/v2\/media\/390913"}],"wp:attachment":[{"href":"https:\/\/aromasentia.com\/no\/wp-json\/wp\/v2\/media?parent=205164"}],"wp:term":[{"taxonomy":"product_brand","embeddable":true,"href":"https:\/\/aromasentia.com\/no\/wp-json\/wp\/v2\/product_brand?post=205164"},{"taxonomy":"product_cat","embeddable":true,"href":"https:\/\/aromasentia.com\/no\/wp-json\/wp\/v2\/product_cat?post=205164"},{"taxonomy":"product_tag","embeddable":true,"href":"https:\/\/aromasentia.com\/no\/wp-json\/wp\/v2\/product_tag?post=205164"}],"curies":[{"name":"wp","href":"https:\/\/api.w.org\/{rel}","templated":true}]}}