{"id":205163,"date":"2025-03-22T16:59:25","date_gmt":"2025-03-22T16:59:25","guid":{"rendered":"https:\/\/aromasentia.com\/product\/120ml-reed-diffuser-white-strawberry-blackberry\/"},"modified":"2025-05-31T01:33:15","modified_gmt":"2025-05-31T01:33:15","slug":"hvite-jordbaer-og-bjornebaer-duftpinner-120ml","status":"publish","type":"product","link":"https:\/\/aromasentia.com\/no\/hvite-jordbaer-og-bjornebaer-duftpinner-120ml\/","title":{"rendered":"Hvite Jordb\u00e6r Og Bj\u00f8rneb\u00e6r Duftpinner 120ml"},"content":{"rendered":"<p>S\u00f8t uten \u00e5 v\u00e6re klissete,<strong>&nbsp;Sweet Strawberry and Blackberry&nbsp;<\/strong><strong>Leaf<\/strong>-duften vil f\u00e5 deg til \u00e5 vandre gjennom \u00e5kre med sukkerfioler, peoner og jasmin, alt s\u00f8tet med jordb\u00e6r-, r\u00f8de eple- og bj\u00f8rneb\u00e6rblader. &nbsp;Myknet av en base av vanilje og sandeltre, lokker denne lyse, men myke duften til kj\u00f8lige netter og friske morgener, og vil etterlate kundenes hjem omgitt av de vakre aksentene av aromaen som kan vare i opptil 12 uker. &nbsp;<\/p>\n<p><strong>Hjemmeduftdiffusere<\/strong> er et ekstremt popul\u00e6rt n\u00f8dvendighetsprodukt som pleier \u00e5 bli kj\u00f8pt om igjen regelmessig, i tillegg til \u00e5 v\u00e6re en sv\u00e6rt popul\u00e6r gave, noe som gj\u00f8r den til en s\u00e5 god selger \u00e5ret rundt. Denne diffuseren leveres til og med klar til salgs i sin elegante og i\u00f8ynefallende emballasje.&nbsp;<\/p>\n<p>Fjern all emballasje f\u00f8r bruk. Bare \u00e5pne lokket, fjern pluggen og plasser de indonesiske rottingpinnene i halsen. Du kan eventuelt snu r\u00f8rbladene n\u00e5r de har absorbert oljen og sette dem tilbake i glasskrukken med den oljegjennomv\u00e5te enden synlig for raskere frigj\u00f8ring av duften.<\/p>\n<p><\/p>\n","protected":false},"excerpt":{"rendered":"<p>S\u00f8t uten \u00e5 v\u00e6re klissete,&nbsp;Sweet Strawberry and Blackberry&nbsp;Leaf-duften vil f\u00e5 deg til \u00e5 vandre gjennom \u00e5kre med sukkerfioler, peoner og jasmin, alt s\u00f8tet med jordb\u00e6r-, r\u00f8de eple- og bj\u00f8rneb\u00e6rblader. &nbsp;Myknet av en base av vanilje og sandeltre, lokker denne lyse, men myke duften til kj\u00f8lige netter og friske morgener, og vil etterlate kundenes hjem omgitt [&hellip;]<\/p>\n","protected":false},"featured_media":390872,"comment_status":"closed","ping_status":"open","template":"","meta":[],"product_brand":[],"product_cat":[9081,26537,25843,9082,26848,26539],"product_tag":[],"class_list":{"0":"post-205163","1":"product","2":"type-product","3":"status-publish","4":"has-post-thumbnail","6":"product_cat-aroma-diffuser-aromalamper-og-duftpinner","7":"product_cat-bjornebaer","8":"product_cat-dufter-aromaer","9":"product_cat-duftpinner","10":"product_cat-fruktig","11":"product_cat-jordbaer","12":"pa_collection-reed-diffusers-home-fragrance-reed-diffusers-120ml-no","13":"pa_made-in-storbritannia","15":"first","16":"instock","17":"purchasable","18":"product-type-simple"},"supplier_id":null,"supplier_sku":"RDHF-01","barcode":null,"atum_controlled":true,"out_stock_date":null,"out_stock_threshold":null,"inheritable":false,"inbound_stock":null,"stock_on_hold":0,"sold_today":0,"sales_last_days":0,"reserved_stock":null,"customer_returns":null,"warehouse_damage":null,"lost_in_post":null,"other_logs":null,"out_stock_days":0,"lost_sales":0,"has_location":null,"update_date":"2026-02-05T22:38:58","atum_locations":[],"atum_stock_status":"instock","restock_status":false,"low_stock_amount":"","sales_update_date":"2025-09-03T00:21:34","calc_backorders":null,"_links":{"self":[{"href":"https:\/\/aromasentia.com\/no\/wp-json\/wp\/v2\/product\/205163","targetHints":{"allow":["GET"]}}],"collection":[{"href":"https:\/\/aromasentia.com\/no\/wp-json\/wp\/v2\/product"}],"about":[{"href":"https:\/\/aromasentia.com\/no\/wp-json\/wp\/v2\/types\/product"}],"replies":[{"embeddable":true,"href":"https:\/\/aromasentia.com\/no\/wp-json\/wp\/v2\/comments?post=205163"}],"version-history":[{"count":0,"href":"https:\/\/aromasentia.com\/no\/wp-json\/wp\/v2\/product\/205163\/revisions"}],"wp:featuredmedia":[{"embeddable":true,"href":"https:\/\/aromasentia.com\/no\/wp-json\/wp\/v2\/media\/390872"}],"wp:attachment":[{"href":"https:\/\/aromasentia.com\/no\/wp-json\/wp\/v2\/media?parent=205163"}],"wp:term":[{"taxonomy":"product_brand","embeddable":true,"href":"https:\/\/aromasentia.com\/no\/wp-json\/wp\/v2\/product_brand?post=205163"},{"taxonomy":"product_cat","embeddable":true,"href":"https:\/\/aromasentia.com\/no\/wp-json\/wp\/v2\/product_cat?post=205163"},{"taxonomy":"product_tag","embeddable":true,"href":"https:\/\/aromasentia.com\/no\/wp-json\/wp\/v2\/product_tag?post=205163"}],"curies":[{"name":"wp","href":"https:\/\/api.w.org\/{rel}","templated":true}]}}