{"id":205135,"date":"2025-03-22T16:59:35","date_gmt":"2025-03-22T16:59:35","guid":{"rendered":"https:\/\/aromasentia.com\/product\/white-christmas-fragrance-oil-10ml-white-label\/"},"modified":"2025-05-31T01:31:10","modified_gmt":"2025-05-31T01:31:10","slug":"white-christmas-duftolje-10ml-uten-etikett","status":"publish","type":"product","link":"https:\/\/aromasentia.com\/no\/white-christmas-duftolje-10ml-uten-etikett\/","title":{"rendered":"White Christmas Duftolje 10ml &#8211; Uten Etikett"},"content":{"rendered":"<p>Ta med deg den friske og rene duften av et sn\u00f8dekt landskap innend\u00f8rs med denne 10 ml hvitmerkede White Christmas-duftoljen. Perfekt til bruk i oljebrennere, diffusorer eller til \u00e5 lage dine egne duftprodukter.<\/p>\n","protected":false},"excerpt":{"rendered":"<p>Ta med deg den friske og rene duften av et sn\u00f8dekt landskap innend\u00f8rs med denne 10 ml hvitmerkede White Christmas-duftoljen. Perfekt til bruk i oljebrennere, diffusorer eller til \u00e5 lage dine egne duftprodukter.<\/p>\n","protected":false},"featured_media":394571,"comment_status":"closed","ping_status":"open","template":"","meta":{"_angie_page":false},"product_brand":[],"product_cat":[9065,9070,27381],"product_tag":[],"class_list":{"0":"post-205135","1":"product","2":"type-product","3":"status-publish","4":"has-post-thumbnail","6":"product_cat-aromaterapi-og-romduft","7":"product_cat-duftoljer","8":"product_cat-juledufter","9":"pa_collection-ancient-wisdom-fragrance-oils-unlabelled-no","10":"pa_made-in-storbritannia","11":"pa_size-10ml","13":"first","14":"instock","15":"purchasable","16":"product-type-simple"},"supplier_id":null,"supplier_sku":"ULFO-104","barcode":null,"atum_controlled":true,"out_stock_date":null,"out_stock_threshold":null,"inheritable":false,"inbound_stock":null,"stock_on_hold":0,"sold_today":0,"sales_last_days":0,"reserved_stock":null,"customer_returns":null,"warehouse_damage":null,"lost_in_post":null,"other_logs":null,"out_stock_days":0,"lost_sales":0,"has_location":null,"update_date":"2026-05-08T05:21:28","atum_locations":[],"atum_stock_status":"instock","restock_status":false,"low_stock_amount":"","sales_update_date":"2026-01-30T01:25:59","calc_backorders":null,"_links":{"self":[{"href":"https:\/\/aromasentia.com\/no\/wp-json\/wp\/v2\/product\/205135","targetHints":{"allow":["GET"]}}],"collection":[{"href":"https:\/\/aromasentia.com\/no\/wp-json\/wp\/v2\/product"}],"about":[{"href":"https:\/\/aromasentia.com\/no\/wp-json\/wp\/v2\/types\/product"}],"replies":[{"embeddable":true,"href":"https:\/\/aromasentia.com\/no\/wp-json\/wp\/v2\/comments?post=205135"}],"version-history":[{"count":0,"href":"https:\/\/aromasentia.com\/no\/wp-json\/wp\/v2\/product\/205135\/revisions"}],"wp:featuredmedia":[{"embeddable":true,"href":"https:\/\/aromasentia.com\/no\/wp-json\/wp\/v2\/media\/394571"}],"wp:attachment":[{"href":"https:\/\/aromasentia.com\/no\/wp-json\/wp\/v2\/media?parent=205135"}],"wp:term":[{"taxonomy":"product_brand","embeddable":true,"href":"https:\/\/aromasentia.com\/no\/wp-json\/wp\/v2\/product_brand?post=205135"},{"taxonomy":"product_cat","embeddable":true,"href":"https:\/\/aromasentia.com\/no\/wp-json\/wp\/v2\/product_cat?post=205135"},{"taxonomy":"product_tag","embeddable":true,"href":"https:\/\/aromasentia.com\/no\/wp-json\/wp\/v2\/product_tag?post=205135"}],"curies":[{"name":"wp","href":"https:\/\/api.w.org\/{rel}","templated":true}]}}