{"id":205069,"date":"2025-03-22T16:59:35","date_gmt":"2025-03-22T16:59:35","guid":{"rendered":"https:\/\/aromasentia.com\/product\/10ml-frankincense-fragrance-oil-unlabelled\/"},"modified":"2025-05-31T01:27:02","modified_gmt":"2025-05-31T01:27:02","slug":"frankincense-duftolje-10ml-uten-etikett","status":"publish","type":"product","link":"https:\/\/aromasentia.com\/no\/frankincense-duftolje-10ml-uten-etikett\/","title":{"rendered":"Frankincense Duftolje 10ml &#8211; Uten Etikett"},"content":{"rendered":"<p><strong>Aroma Sentia ping Frankincense duftoljer<\/strong> er sv\u00e6rt langvarige fordi de er fortynnet med en annen olje laget av dipropylenglykol (DPG). DPG er en vanlig b\u00e6rerolje som brukes til \u00e5 kutte duftoljer for \u00e5 gj\u00f8re dem mer effektive.<\/p>\n<p>I tillegg vil den nydelige, s\u00e6regne duften definitivt fange noen kunders oppmerksomhet.<\/p>\n","protected":false},"excerpt":{"rendered":"<p>Aroma Sentia ping Frankincense duftoljer er sv\u00e6rt langvarige fordi de er fortynnet med en annen olje laget av dipropylenglykol (DPG). DPG er en vanlig b\u00e6rerolje som brukes til \u00e5 kutte duftoljer for \u00e5 gj\u00f8re dem mer effektive. I tillegg vil den nydelige, s\u00e6regne duften definitivt fange noen kunders oppmerksomhet.<\/p>\n","protected":false},"featured_media":393489,"comment_status":"closed","ping_status":"open","template":"","meta":[],"product_brand":[],"product_cat":[9065,25843,9070,26883,26199],"product_tag":[],"class_list":{"0":"post-205069","1":"product","2":"type-product","3":"status-publish","4":"has-post-thumbnail","6":"product_cat-aromaterapi-og-romduft","7":"product_cat-dufter-aromaer","8":"product_cat-duftoljer","9":"product_cat-harpiksaktig-balsamisk","10":"product_cat-rokelse","11":"pa_collection-ancient-wisdom-fragrance-oils-unlabelled-no","12":"pa_made-in-storbritannia","13":"pa_size-10ml","15":"first","16":"instock","17":"purchasable","18":"product-type-simple"},"supplier_id":null,"supplier_sku":"ULFO-23","barcode":null,"atum_controlled":true,"out_stock_date":null,"out_stock_threshold":null,"inheritable":false,"inbound_stock":null,"stock_on_hold":0,"sold_today":0,"sales_last_days":0,"reserved_stock":null,"customer_returns":null,"warehouse_damage":null,"lost_in_post":null,"other_logs":null,"out_stock_days":0,"lost_sales":0,"has_location":null,"update_date":"2026-01-30T01:25:39","atum_locations":[],"atum_stock_status":"instock","restock_status":false,"low_stock_amount":"","sales_update_date":"2026-01-30T01:25:39","calc_backorders":null,"_links":{"self":[{"href":"https:\/\/aromasentia.com\/no\/wp-json\/wp\/v2\/product\/205069","targetHints":{"allow":["GET"]}}],"collection":[{"href":"https:\/\/aromasentia.com\/no\/wp-json\/wp\/v2\/product"}],"about":[{"href":"https:\/\/aromasentia.com\/no\/wp-json\/wp\/v2\/types\/product"}],"replies":[{"embeddable":true,"href":"https:\/\/aromasentia.com\/no\/wp-json\/wp\/v2\/comments?post=205069"}],"version-history":[{"count":0,"href":"https:\/\/aromasentia.com\/no\/wp-json\/wp\/v2\/product\/205069\/revisions"}],"wp:featuredmedia":[{"embeddable":true,"href":"https:\/\/aromasentia.com\/no\/wp-json\/wp\/v2\/media\/393489"}],"wp:attachment":[{"href":"https:\/\/aromasentia.com\/no\/wp-json\/wp\/v2\/media?parent=205069"}],"wp:term":[{"taxonomy":"product_brand","embeddable":true,"href":"https:\/\/aromasentia.com\/no\/wp-json\/wp\/v2\/product_brand?post=205069"},{"taxonomy":"product_cat","embeddable":true,"href":"https:\/\/aromasentia.com\/no\/wp-json\/wp\/v2\/product_cat?post=205069"},{"taxonomy":"product_tag","embeddable":true,"href":"https:\/\/aromasentia.com\/no\/wp-json\/wp\/v2\/product_tag?post=205069"}],"curies":[{"name":"wp","href":"https:\/\/api.w.org\/{rel}","templated":true}]}}