{"id":205041,"date":"2025-03-23T10:29:29","date_gmt":"2025-03-23T10:29:29","guid":{"rendered":"https:\/\/aromasentia.com\/product\/aromatica-premium-incense-palo-santo\/"},"modified":"2025-05-31T01:25:10","modified_gmt":"2025-05-31T01:25:10","slug":"aromatica-premium-rokelsespinner-palo-santo","status":"publish","type":"product","link":"https:\/\/aromasentia.com\/no\/aromatica-premium-rokelsespinner-palo-santo\/","title":{"rendered":"Aromatica Premium R\u00f8kelsespinner &#8211; Palo Santo"},"content":{"rendered":"<p style=\"text-align: justify;\"><strong style=\"color: rgb(75, 80, 88);\">Aroma Sentia<\/strong> <strong style=\"color: rgb(75, 80, 88);\">Naturlige Masala r\u00f8kelsespinner<\/strong> er laget med eldgamle <strong>tradisjonelle oppskrifter fra Ayurveda<\/strong> fra India. Bare tenn en r\u00f8kelsespinne og vent p\u00e5 at hjemmet ditt skal forvandles med disse lyse og energigivende aromaene.<\/p>\n<p>Disse <strong>Aromatika<\/strong> r\u00f8kelsespinnene er <strong>h\u00e5ndrullet<\/strong> i India med naturlig trepulver, josspulver, gummier, <strong>harpikser<\/strong> og <strong>essensielle aromaoljer<\/strong>. Disse pinnene er <strong>giftfrie og fri for kjemikalier<\/strong>. Disse r\u00f8kelsespinnene gir <strong>kullfri r\u00f8yk.<\/strong><br \/>Det er enkelt \u00e5 bruke r\u00f8kelsespinner, bare tenn enden og vent p\u00e5 at den gl\u00f8der og bl\u00e5s ut flammen. Plasser den deretter i en r\u00f8kelsesholder og nyt den fantastiske duften som produseres.<\/p>\n<p style=\"text-align: justify;\"><span style=\"color: rgb(141, 186, 216);\"><strong>La denne aromaen fylle hjemmet eller kontoret ditt og skape en herlig atmosf\u00e6re. &nbsp;Legg den til i produktportef\u00f8ljen din.<\/strong><\/span><\/p>\n","protected":false},"excerpt":{"rendered":"<p>Aroma Sentia Naturlige Masala r\u00f8kelsespinner er laget med eldgamle tradisjonelle oppskrifter fra Ayurveda fra India. Bare tenn en r\u00f8kelsespinne og vent p\u00e5 at hjemmet ditt skal forvandles med disse lyse og energigivende aromaene. Disse Aromatika r\u00f8kelsespinnene er h\u00e5ndrullet i India med naturlig trepulver, josspulver, gummier, harpikser og essensielle aromaoljer. Disse pinnene er giftfrie og fri [&hellip;]<\/p>\n","protected":false},"featured_media":395917,"comment_status":"closed","ping_status":"open","template":"","meta":[],"product_brand":[27102],"product_cat":[25843,26325,8747,26897],"product_tag":[],"class_list":{"0":"post-205041","1":"product","2":"type-product","3":"status-publish","4":"has-post-thumbnail","6":"product_brand-aromatika","7":"product_cat-dufter-aromaer","8":"product_cat-palo-santo-scents-aromas","9":"product_cat-rokelse-og-rokelsesholdere","10":"product_cat-treaktig","11":"pa_made-in-india","13":"first","14":"outofstock","15":"purchasable","16":"product-type-simple"},"supplier_id":null,"supplier_sku":"ARomI-02","barcode":null,"atum_controlled":true,"out_stock_date":"2025-10-08 12:04:58","out_stock_threshold":null,"inheritable":false,"inbound_stock":null,"stock_on_hold":0,"sold_today":0,"sales_last_days":0,"reserved_stock":null,"customer_returns":null,"warehouse_damage":null,"lost_in_post":null,"other_logs":null,"out_stock_days":120,"lost_sales":0,"has_location":null,"update_date":"2026-02-06T00:00:51","atum_locations":[],"atum_stock_status":"outofstock","restock_status":false,"low_stock_amount":"","sales_update_date":"2026-02-06T00:00:51","calc_backorders":null,"_links":{"self":[{"href":"https:\/\/aromasentia.com\/no\/wp-json\/wp\/v2\/product\/205041","targetHints":{"allow":["GET"]}}],"collection":[{"href":"https:\/\/aromasentia.com\/no\/wp-json\/wp\/v2\/product"}],"about":[{"href":"https:\/\/aromasentia.com\/no\/wp-json\/wp\/v2\/types\/product"}],"replies":[{"embeddable":true,"href":"https:\/\/aromasentia.com\/no\/wp-json\/wp\/v2\/comments?post=205041"}],"version-history":[{"count":0,"href":"https:\/\/aromasentia.com\/no\/wp-json\/wp\/v2\/product\/205041\/revisions"}],"wp:featuredmedia":[{"embeddable":true,"href":"https:\/\/aromasentia.com\/no\/wp-json\/wp\/v2\/media\/395917"}],"wp:attachment":[{"href":"https:\/\/aromasentia.com\/no\/wp-json\/wp\/v2\/media?parent=205041"}],"wp:term":[{"taxonomy":"product_brand","embeddable":true,"href":"https:\/\/aromasentia.com\/no\/wp-json\/wp\/v2\/product_brand?post=205041"},{"taxonomy":"product_cat","embeddable":true,"href":"https:\/\/aromasentia.com\/no\/wp-json\/wp\/v2\/product_cat?post=205041"},{"taxonomy":"product_tag","embeddable":true,"href":"https:\/\/aromasentia.com\/no\/wp-json\/wp\/v2\/product_tag?post=205041"}],"curies":[{"name":"wp","href":"https:\/\/api.w.org\/{rel}","templated":true}]}}