{"id":205039,"date":"2025-03-23T10:29:29","date_gmt":"2025-03-23T10:29:29","guid":{"rendered":"https:\/\/aromasentia.com\/product\/aromatica-backflow-incense-cones-lotus\/"},"modified":"2025-05-31T01:24:58","modified_gmt":"2025-05-31T01:24:58","slug":"aromatica-backflow-rokelseskjegler-lotus","status":"publish","type":"product","link":"https:\/\/aromasentia.com\/no\/aromatica-backflow-rokelseskjegler-lotus\/","title":{"rendered":"Aromatica Backflow R\u00f8kelseskjegler &#8211; Lotus"},"content":{"rendered":"<p>R\u00f8kelseskjegle med tilbakestr\u00f8mning \u2013 Lotus med tropisk s\u00f8t og fruktig duft kan brukes til \u00e5 oppn\u00e5 \u00f8kt bevissthet og emosjonell klarhet, og er ogs\u00e5 perfekt for yoga, meditasjon eller andre ting der du trenger litt mer fokus eller kreativitet.<\/p>\n<p>R\u00f8yken fra r\u00f8kelseskjeglen er tyngre enn luft, s\u00e5 den vil falle dramatisk i virvler og vridninger, gjennom hullet i den spesielle r\u00f8kelsesbrenneren med tilbakestr\u00f8mning og ned over gjenstanden, for \u00e5 samle seg i bunnen. Det er utrolig \u00e5 se p\u00e5 og veldig avslappende. Tenn r\u00f8kelseskjeglen og vent til enden gl\u00f8der. Bl\u00e5s ut flammen og plasser kjeglen i r\u00f8kelsesbrenneren med tilbakestr\u00f8mning. Den fantastiske duften vil fylle hjemmet ditt.<\/p>\n","protected":false},"excerpt":{"rendered":"<p>R\u00f8kelseskjegle med tilbakestr\u00f8mning \u2013 Lotus med tropisk s\u00f8t og fruktig duft kan brukes til \u00e5 oppn\u00e5 \u00f8kt bevissthet og emosjonell klarhet, og er ogs\u00e5 perfekt for yoga, meditasjon eller andre ting der du trenger litt mer fokus eller kreativitet. R\u00f8yken fra r\u00f8kelseskjeglen er tyngre enn luft, s\u00e5 den vil falle dramatisk i virvler og vridninger, [&hellip;]<\/p>\n","protected":false},"featured_media":395867,"comment_status":"closed","ping_status":"open","template":"","meta":[],"product_brand":[],"product_cat":[8747,8792],"product_tag":[],"class_list":{"0":"post-205039","1":"product","2":"type-product","3":"status-publish","4":"has-post-thumbnail","6":"product_cat-rokelse-og-rokelsesholdere","7":"product_cat-rokelseskjegler","8":"pa_collection-aromatika-backflow-incense-cones-no","9":"pa_made-in-india","11":"first","12":"instock","13":"purchasable","14":"product-type-simple"},"supplier_id":null,"supplier_sku":"AromaBF-10","barcode":null,"atum_controlled":true,"out_stock_date":null,"out_stock_threshold":null,"inheritable":false,"inbound_stock":null,"stock_on_hold":0,"sold_today":0,"sales_last_days":0,"reserved_stock":null,"customer_returns":null,"warehouse_damage":null,"lost_in_post":null,"other_logs":null,"out_stock_days":0,"lost_sales":0,"has_location":null,"update_date":"2026-02-10T17:48:26","atum_locations":[],"atum_stock_status":"instock","restock_status":false,"low_stock_amount":"","sales_update_date":"2026-02-06T00:01:53","calc_backorders":null,"_links":{"self":[{"href":"https:\/\/aromasentia.com\/no\/wp-json\/wp\/v2\/product\/205039","targetHints":{"allow":["GET"]}}],"collection":[{"href":"https:\/\/aromasentia.com\/no\/wp-json\/wp\/v2\/product"}],"about":[{"href":"https:\/\/aromasentia.com\/no\/wp-json\/wp\/v2\/types\/product"}],"replies":[{"embeddable":true,"href":"https:\/\/aromasentia.com\/no\/wp-json\/wp\/v2\/comments?post=205039"}],"version-history":[{"count":0,"href":"https:\/\/aromasentia.com\/no\/wp-json\/wp\/v2\/product\/205039\/revisions"}],"wp:featuredmedia":[{"embeddable":true,"href":"https:\/\/aromasentia.com\/no\/wp-json\/wp\/v2\/media\/395867"}],"wp:attachment":[{"href":"https:\/\/aromasentia.com\/no\/wp-json\/wp\/v2\/media?parent=205039"}],"wp:term":[{"taxonomy":"product_brand","embeddable":true,"href":"https:\/\/aromasentia.com\/no\/wp-json\/wp\/v2\/product_brand?post=205039"},{"taxonomy":"product_cat","embeddable":true,"href":"https:\/\/aromasentia.com\/no\/wp-json\/wp\/v2\/product_cat?post=205039"},{"taxonomy":"product_tag","embeddable":true,"href":"https:\/\/aromasentia.com\/no\/wp-json\/wp\/v2\/product_tag?post=205039"}],"curies":[{"name":"wp","href":"https:\/\/api.w.org\/{rel}","templated":true}]}}