{"id":205036,"date":"2025-03-23T10:29:29","date_gmt":"2025-03-23T10:29:29","guid":{"rendered":"https:\/\/aromasentia.com\/product\/aromatica-backflow-incense-cones-rose\/"},"modified":"2025-05-31T01:24:43","modified_gmt":"2025-05-31T01:24:43","slug":"aromatica-backflow-rokelseskjegler-rose","status":"publish","type":"product","link":"https:\/\/aromasentia.com\/no\/aromatica-backflow-rokelseskjegler-rose\/","title":{"rendered":"Aromatica Backflow R\u00f8kelseskjegler &#8211; Rose"},"content":{"rendered":"<p>Backflow-r\u00f8kelseskjeglene \u2013 Rose fanger den friske, lette og romantiske duften fra en rosehage og fyller hjemmet ditt med en vakker duft.<\/p>\n<p>R\u00f8yken fra r\u00f8kelsen er tyngre enn luft, s\u00e5 den vil falle dramatisk i virvler og vridninger, gjennom hullet i den spesielle backflow-oljebrenneren og ned over gjenstanden, for \u00e5 samle seg i bunnen. Det er utrolig \u00e5 se p\u00e5 og veldig avslappende. Tenn r\u00f8kelseskjeglen og vent til enden gl\u00f8der. Bl\u00e5s ut flammen og plasser kjeglen i backflow-r\u00f8kelsesbrenneren. Den fantastiske duften vil fylle hjemmet ditt.<\/p>\n","protected":false},"excerpt":{"rendered":"<p>Backflow-r\u00f8kelseskjeglene \u2013 Rose fanger den friske, lette og romantiske duften fra en rosehage og fyller hjemmet ditt med en vakker duft. R\u00f8yken fra r\u00f8kelsen er tyngre enn luft, s\u00e5 den vil falle dramatisk i virvler og vridninger, gjennom hullet i den spesielle backflow-oljebrenneren og ned over gjenstanden, for \u00e5 samle seg i bunnen. Det er [&hellip;]<\/p>\n","protected":false},"featured_media":395792,"comment_status":"closed","ping_status":"open","template":"","meta":{"_angie_page":false},"product_brand":[],"product_cat":[26834,25843,8747,8792,26366],"product_tag":[],"class_list":{"0":"post-205036","1":"product","2":"type-product","3":"status-publish","4":"has-post-thumbnail","6":"product_cat-blomster","7":"product_cat-dufter-aromaer","8":"product_cat-rokelse-og-rokelsesholdere","9":"product_cat-rokelseskjegler","10":"product_cat-rose","11":"pa_collection-aromatika-backflow-incense-cones-no","12":"pa_made-in-india","14":"first","15":"instock","16":"purchasable","17":"product-type-simple"},"supplier_id":null,"supplier_sku":"AromaBF-07","barcode":null,"atum_controlled":true,"out_stock_date":null,"out_stock_threshold":null,"inheritable":false,"inbound_stock":null,"stock_on_hold":0,"sold_today":0,"sales_last_days":0,"reserved_stock":null,"customer_returns":null,"warehouse_damage":null,"lost_in_post":null,"other_logs":null,"out_stock_days":0,"lost_sales":0,"has_location":null,"update_date":"2026-05-08T05:02:37","atum_locations":[],"atum_stock_status":"instock","restock_status":false,"low_stock_amount":"","sales_update_date":"2026-01-30T01:24:54","calc_backorders":null,"_links":{"self":[{"href":"https:\/\/aromasentia.com\/no\/wp-json\/wp\/v2\/product\/205036","targetHints":{"allow":["GET"]}}],"collection":[{"href":"https:\/\/aromasentia.com\/no\/wp-json\/wp\/v2\/product"}],"about":[{"href":"https:\/\/aromasentia.com\/no\/wp-json\/wp\/v2\/types\/product"}],"replies":[{"embeddable":true,"href":"https:\/\/aromasentia.com\/no\/wp-json\/wp\/v2\/comments?post=205036"}],"version-history":[{"count":0,"href":"https:\/\/aromasentia.com\/no\/wp-json\/wp\/v2\/product\/205036\/revisions"}],"wp:featuredmedia":[{"embeddable":true,"href":"https:\/\/aromasentia.com\/no\/wp-json\/wp\/v2\/media\/395792"}],"wp:attachment":[{"href":"https:\/\/aromasentia.com\/no\/wp-json\/wp\/v2\/media?parent=205036"}],"wp:term":[{"taxonomy":"product_brand","embeddable":true,"href":"https:\/\/aromasentia.com\/no\/wp-json\/wp\/v2\/product_brand?post=205036"},{"taxonomy":"product_cat","embeddable":true,"href":"https:\/\/aromasentia.com\/no\/wp-json\/wp\/v2\/product_cat?post=205036"},{"taxonomy":"product_tag","embeddable":true,"href":"https:\/\/aromasentia.com\/no\/wp-json\/wp\/v2\/product_tag?post=205036"}],"curies":[{"name":"wp","href":"https:\/\/api.w.org\/{rel}","templated":true}]}}