{"id":205034,"date":"2025-03-23T10:29:29","date_gmt":"2025-03-23T10:29:29","guid":{"rendered":"https:\/\/aromasentia.com\/product\/aromatica-backflow-incense-cones-sandalwood\/"},"modified":"2025-05-31T01:24:35","modified_gmt":"2025-05-31T01:24:35","slug":"aromatica-backflow-rokelseskjegler-sandeltre","status":"publish","type":"product","link":"https:\/\/aromasentia.com\/no\/aromatica-backflow-rokelseskjegler-sandeltre\/","title":{"rendered":"Aromatica Backflow R\u00f8kelseskjegler &#8211; Sandeltre"},"content":{"rendered":"<p>Den jordaktige duften til Backflow Incense Cones &#8211; Sandalwood er den perfekte duften for meditasjon og avslapning, og gir klarhet og ro. Fyll hjemmet ditt med den treaktige aromaen av sandeltre.<\/p>\n<p>R\u00f8yken fra r\u00f8kelsen er tyngre enn luft, s\u00e5 den vil falle dramatisk i virvler og vridninger, gjennom hullet i den spesielle backflow-r\u00f8kelsesbrenneren og ned over gjenstanden, for \u00e5 samle seg i bunnen. Det er utrolig \u00e5 se p\u00e5 og veldig avslappende. Tenn r\u00f8kelseskjeglen og vent til enden gl\u00f8der. Bl\u00e5s ut flammen og plasser kjeglen i backflow-r\u00f8kelsesbrenneren. Den fantastiske duften vil fylle hjemmet ditt.<\/p>\n","protected":false},"excerpt":{"rendered":"<p>Den jordaktige duften til Backflow Incense Cones &#8211; Sandalwood er den perfekte duften for meditasjon og avslapning, og gir klarhet og ro. Fyll hjemmet ditt med den treaktige aromaen av sandeltre. R\u00f8yken fra r\u00f8kelsen er tyngre enn luft, s\u00e5 den vil falle dramatisk i virvler og vridninger, gjennom hullet i den spesielle backflow-r\u00f8kelsesbrenneren og ned [&hellip;]<\/p>\n","protected":false},"featured_media":395734,"comment_status":"closed","ping_status":"open","template":"","meta":{"_angie_page":false},"product_brand":[],"product_cat":[25843,8747,8792,26386,26897],"product_tag":[],"class_list":{"0":"post-205034","1":"product","2":"type-product","3":"status-publish","4":"has-post-thumbnail","6":"product_cat-dufter-aromaer","7":"product_cat-rokelse-og-rokelsesholdere","8":"product_cat-rokelseskjegler","9":"product_cat-sandelte","10":"product_cat-treaktig","11":"pa_collection-aromatika-backflow-incense-cones-no","12":"pa_made-in-india","14":"first","15":"instock","16":"purchasable","17":"product-type-simple"},"supplier_id":null,"supplier_sku":"AromaBF-05","barcode":null,"atum_controlled":true,"out_stock_date":null,"out_stock_threshold":null,"inheritable":false,"inbound_stock":null,"stock_on_hold":0,"sold_today":0,"sales_last_days":0,"reserved_stock":null,"customer_returns":null,"warehouse_damage":null,"lost_in_post":null,"other_logs":null,"out_stock_days":0,"lost_sales":0,"has_location":null,"update_date":"2026-04-27T06:50:28","atum_locations":[],"atum_stock_status":"instock","restock_status":false,"low_stock_amount":"","sales_update_date":"2025-10-09T03:23:19","calc_backorders":null,"_links":{"self":[{"href":"https:\/\/aromasentia.com\/no\/wp-json\/wp\/v2\/product\/205034","targetHints":{"allow":["GET"]}}],"collection":[{"href":"https:\/\/aromasentia.com\/no\/wp-json\/wp\/v2\/product"}],"about":[{"href":"https:\/\/aromasentia.com\/no\/wp-json\/wp\/v2\/types\/product"}],"replies":[{"embeddable":true,"href":"https:\/\/aromasentia.com\/no\/wp-json\/wp\/v2\/comments?post=205034"}],"version-history":[{"count":0,"href":"https:\/\/aromasentia.com\/no\/wp-json\/wp\/v2\/product\/205034\/revisions"}],"wp:featuredmedia":[{"embeddable":true,"href":"https:\/\/aromasentia.com\/no\/wp-json\/wp\/v2\/media\/395734"}],"wp:attachment":[{"href":"https:\/\/aromasentia.com\/no\/wp-json\/wp\/v2\/media?parent=205034"}],"wp:term":[{"taxonomy":"product_brand","embeddable":true,"href":"https:\/\/aromasentia.com\/no\/wp-json\/wp\/v2\/product_brand?post=205034"},{"taxonomy":"product_cat","embeddable":true,"href":"https:\/\/aromasentia.com\/no\/wp-json\/wp\/v2\/product_cat?post=205034"},{"taxonomy":"product_tag","embeddable":true,"href":"https:\/\/aromasentia.com\/no\/wp-json\/wp\/v2\/product_tag?post=205034"}],"curies":[{"name":"wp","href":"https:\/\/api.w.org\/{rel}","templated":true}]}}