{"id":205032,"date":"2025-03-23T10:29:29","date_gmt":"2025-03-23T10:29:29","guid":{"rendered":"https:\/\/aromasentia.com\/product\/aromatica-backflow-incense-cones-7-charkras\/"},"modified":"2025-05-31T01:24:18","modified_gmt":"2025-05-31T01:24:18","slug":"aromatica-backflow-rokelseskjegler-7-charkras","status":"publish","type":"product","link":"https:\/\/aromasentia.com\/no\/aromatica-backflow-rokelseskjegler-7-charkras\/","title":{"rendered":"Aromatica Backflow R\u00f8kelseskjegler &#8211; 7 Charkras"},"content":{"rendered":"<p>De syv chakraene er: Rot, Korsben, Solar Plexus, Hjerte, Hals, Tredje \u00f8ye, Krone. Tilbakestr\u00f8mningsr\u00f8kelseskjeglene &#8211; 7 chakraer hjelper deg \u00e5 konsentrere deg under yogapraksis.<\/p>\n<p>R\u00f8yken fra r\u00f8kelsen er tyngre enn luft, s\u00e5 den vil falle dramatisk i virvler og vridninger, gjennom hullet i den spesielle tilbakestr\u00f8mningsoljebrenneren og ned over gjenstanden, for \u00e5 samle seg i bunnen. Det er utrolig \u00e5 se p\u00e5 og veldig avslappende. Tenn r\u00f8kelseskjeglen og vent til enden gl\u00f8der. Bl\u00e5s ut flammen og plasser kjeglen i tilbakestr\u00f8mningsr\u00f8kelsesbrenneren. Den fantastiske duften vil fylle hjemmet ditt.<\/p>\n","protected":false},"excerpt":{"rendered":"<p>De syv chakraene er: Rot, Korsben, Solar Plexus, Hjerte, Hals, Tredje \u00f8ye, Krone. Tilbakestr\u00f8mningsr\u00f8kelseskjeglene &#8211; 7 chakraer hjelper deg \u00e5 konsentrere deg under yogapraksis. R\u00f8yken fra r\u00f8kelsen er tyngre enn luft, s\u00e5 den vil falle dramatisk i virvler og vridninger, gjennom hullet i den spesielle tilbakestr\u00f8mningsoljebrenneren og ned over gjenstanden, for \u00e5 samle seg i [&hellip;]<\/p>\n","protected":false},"featured_media":395676,"comment_status":"closed","ping_status":"open","template":"","meta":{"_angie_page":false},"product_brand":[],"product_cat":[8747,8792],"product_tag":[],"class_list":{"0":"post-205032","1":"product","2":"type-product","3":"status-publish","4":"has-post-thumbnail","6":"product_cat-rokelse-og-rokelsesholdere","7":"product_cat-rokelseskjegler","8":"pa_collection-aromatika-backflow-incense-cones-no","9":"pa_made-in-india","11":"first","12":"instock","13":"purchasable","14":"product-type-simple"},"supplier_id":null,"supplier_sku":"AromaBF-03","barcode":null,"atum_controlled":true,"out_stock_date":null,"out_stock_threshold":null,"inheritable":false,"inbound_stock":null,"stock_on_hold":0,"sold_today":0,"sales_last_days":0,"reserved_stock":null,"customer_returns":null,"warehouse_damage":null,"lost_in_post":null,"other_logs":null,"out_stock_days":0,"lost_sales":0,"has_location":null,"update_date":"2026-05-08T05:02:37","atum_locations":[],"atum_stock_status":"instock","restock_status":false,"low_stock_amount":"","sales_update_date":"2025-10-09T03:23:19","calc_backorders":null,"_links":{"self":[{"href":"https:\/\/aromasentia.com\/no\/wp-json\/wp\/v2\/product\/205032","targetHints":{"allow":["GET"]}}],"collection":[{"href":"https:\/\/aromasentia.com\/no\/wp-json\/wp\/v2\/product"}],"about":[{"href":"https:\/\/aromasentia.com\/no\/wp-json\/wp\/v2\/types\/product"}],"replies":[{"embeddable":true,"href":"https:\/\/aromasentia.com\/no\/wp-json\/wp\/v2\/comments?post=205032"}],"version-history":[{"count":0,"href":"https:\/\/aromasentia.com\/no\/wp-json\/wp\/v2\/product\/205032\/revisions"}],"wp:featuredmedia":[{"embeddable":true,"href":"https:\/\/aromasentia.com\/no\/wp-json\/wp\/v2\/media\/395676"}],"wp:attachment":[{"href":"https:\/\/aromasentia.com\/no\/wp-json\/wp\/v2\/media?parent=205032"}],"wp:term":[{"taxonomy":"product_brand","embeddable":true,"href":"https:\/\/aromasentia.com\/no\/wp-json\/wp\/v2\/product_brand?post=205032"},{"taxonomy":"product_cat","embeddable":true,"href":"https:\/\/aromasentia.com\/no\/wp-json\/wp\/v2\/product_cat?post=205032"},{"taxonomy":"product_tag","embeddable":true,"href":"https:\/\/aromasentia.com\/no\/wp-json\/wp\/v2\/product_tag?post=205032"}],"curies":[{"name":"wp","href":"https:\/\/api.w.org\/{rel}","templated":true}]}}