{"id":205028,"date":"2025-03-23T10:29:29","date_gmt":"2025-03-23T10:29:29","guid":{"rendered":"https:\/\/aromasentia.com\/product\/arabic-lump-resin-250g\/"},"modified":"2025-06-28T22:39:12","modified_gmt":"2025-06-28T22:39:12","slug":"arabisk-klump-harpiks-250g","status":"publish","type":"product","link":"https:\/\/aromasentia.com\/no\/arabisk-klump-harpiks-250g\/","title":{"rendered":"Arabisk Klump Harpiks &#8211; 250g"},"content":{"rendered":"<p><strong>Wholesale Arabic Lump Bulk Resin&nbsp;<\/strong> produseres av sm\u00e5, tornete akasietr\u00e6r (Acacia nilotica, Acacia Senegal, Acacia Seyal). De fleste av dem finnes i Nord-Afrika, spesielt i Sudan, hvor for tiden 60-70 % av verdensproduksjonen kommer fra.<\/p>\n<p>Under naturlige forhold, i t\u00f8rkeperioder, sprekker barken p\u00e5 tr\u00e6rne og frigj\u00f8r saft som t\u00f8rker opp og danner harde, glassaktige t\u00e5rer. Lukten er veldig mild, s\u00e5 den brukes ofte som base Harpiks for blandinger med urter. P\u00e5 denne m\u00e5ten kan du myke opp den skarpe r\u00f8kelsen.<\/p>\n<p>Selges i 250 g-pakninger.<\/p>\n<p><strong><span style=\"color: rgb(184, 49, 47);\">Bring det mystiske Midt\u00f8sten til din butikk i dag.<\/span><\/strong><\/p>\n","protected":false},"excerpt":{"rendered":"<p>Wholesale Arabic Lump Bulk Resin&nbsp; produseres av sm\u00e5, tornete akasietr\u00e6r (Acacia nilotica, Acacia Senegal, Acacia Seyal). De fleste av dem finnes i Nord-Afrika, spesielt i Sudan, hvor for tiden 60-70 % av verdensproduksjonen kommer fra. Under naturlige forhold, i t\u00f8rkeperioder, sprekker barken p\u00e5 tr\u00e6rne og frigj\u00f8r saft som t\u00f8rker opp og danner harde, glassaktige t\u00e5rer. [&hellip;]<\/p>\n","protected":false},"featured_media":395608,"comment_status":"closed","ping_status":"open","template":"","meta":{"_angie_page":false},"product_brand":[],"product_cat":[8767,8747],"product_tag":[],"class_list":{"0":"post-205028","1":"product","2":"type-product","3":"status-publish","4":"has-post-thumbnail","6":"product_cat-harpiks-og-resinrokelse","7":"product_cat-rokelse-og-rokelsesholdere","8":"pa_collection-bulk-aromatic-resin-no","9":"pa_made-in-sor-sudan","10":"pa_size-250g-2","12":"first","13":"instock","14":"purchasable","15":"product-type-simple"},"supplier_id":null,"supplier_sku":"AResin-25","barcode":null,"atum_controlled":true,"out_stock_date":null,"out_stock_threshold":null,"inheritable":false,"inbound_stock":null,"stock_on_hold":0,"sold_today":0,"sales_last_days":0,"reserved_stock":null,"customer_returns":null,"warehouse_damage":null,"lost_in_post":null,"other_logs":null,"out_stock_days":0,"lost_sales":0,"has_location":null,"update_date":"2026-04-27T06:50:22","atum_locations":[],"atum_stock_status":"instock","restock_status":false,"low_stock_amount":"","sales_update_date":"2026-01-30T01:24:43","calc_backorders":null,"_links":{"self":[{"href":"https:\/\/aromasentia.com\/no\/wp-json\/wp\/v2\/product\/205028","targetHints":{"allow":["GET"]}}],"collection":[{"href":"https:\/\/aromasentia.com\/no\/wp-json\/wp\/v2\/product"}],"about":[{"href":"https:\/\/aromasentia.com\/no\/wp-json\/wp\/v2\/types\/product"}],"replies":[{"embeddable":true,"href":"https:\/\/aromasentia.com\/no\/wp-json\/wp\/v2\/comments?post=205028"}],"version-history":[{"count":0,"href":"https:\/\/aromasentia.com\/no\/wp-json\/wp\/v2\/product\/205028\/revisions"}],"wp:featuredmedia":[{"embeddable":true,"href":"https:\/\/aromasentia.com\/no\/wp-json\/wp\/v2\/media\/395608"}],"wp:attachment":[{"href":"https:\/\/aromasentia.com\/no\/wp-json\/wp\/v2\/media?parent=205028"}],"wp:term":[{"taxonomy":"product_brand","embeddable":true,"href":"https:\/\/aromasentia.com\/no\/wp-json\/wp\/v2\/product_brand?post=205028"},{"taxonomy":"product_cat","embeddable":true,"href":"https:\/\/aromasentia.com\/no\/wp-json\/wp\/v2\/product_cat?post=205028"},{"taxonomy":"product_tag","embeddable":true,"href":"https:\/\/aromasentia.com\/no\/wp-json\/wp\/v2\/product_tag?post=205028"}],"curies":[{"name":"wp","href":"https:\/\/api.w.org\/{rel}","templated":true}]}}