{"id":205027,"date":"2025-03-23T10:29:29","date_gmt":"2025-03-23T10:29:29","guid":{"rendered":"https:\/\/aromasentia.com\/product\/myrrh-resin-250g\/"},"modified":"2025-06-28T22:39:12","modified_gmt":"2025-06-28T22:39:12","slug":"myrra-harpiks-250g","status":"publish","type":"product","link":"https:\/\/aromasentia.com\/no\/myrra-harpiks-250g\/","title":{"rendered":"Myrra Harpiks &#8211; 250g"},"content":{"rendered":"<p> <strong> Engroshandel Myrrh Bulk Resin &#038; nbsp; <\/strong> er hentet fra busker og tr\u00e6r som tilh\u00f8rer commiphora-familien. Disse buskene finnes hovedsakelig i savanneomr\u00e5dene i \u00d8st- og Nord-Afrika og p\u00e5 den arabiske halv\u00f8y. De er lave, tornete planter som vokser p\u00e5 steinete underlag. I mange \u00e5r har man tradisjonelt utvunnet  Harpiks ved \u00e5 skj\u00e6re av stammen, og ved kontakt med luft st\u00f8rkner den flytende  Harpiksen raskt og danner granulat, som deretter brukes til helbredende og velduftende form\u00e5l. Myrra hadde en gang en verdi som tilsvarte gull, p\u00e5 grunn av sin sjeldenhet og vanskeligheten med \u00e5 dyrke den. Tidligere ble den brukt som handelsvare eller gave, som et tegn p\u00e5 stor vennlighet og respekt. Myrra er preget av en r\u00f8dgul farge, samt en varm, bitter aroma, som ogs\u00e5 er kilden til navnet &#8211; p\u00e5 hebraisk betyr &#038; quot; mor &#038; quot; &#038; quot; bitter &#038; quot;.<\/p>\n<p>Selges i 250 g-pakninger.<\/p>\n<p><strong><span style=\"color: rgb(184, 49, 47);\">Bring det mystiske Midt\u00f8sten til din butikk i dag.<\/span><\/strong><\/p>\n","protected":false},"excerpt":{"rendered":"<p>Engroshandel Myrrh Bulk Resin &#038; nbsp; er hentet fra busker og tr\u00e6r som tilh\u00f8rer commiphora-familien. Disse buskene finnes hovedsakelig i savanneomr\u00e5dene i \u00d8st- og Nord-Afrika og p\u00e5 den arabiske halv\u00f8y. De er lave, tornete planter som vokser p\u00e5 steinete underlag. I mange \u00e5r har man tradisjonelt utvunnet Harpiks ved \u00e5 skj\u00e6re av stammen, og ved [&hellip;]<\/p>\n","protected":false},"featured_media":395599,"comment_status":"closed","ping_status":"open","template":"","meta":{"_angie_page":false},"product_brand":[],"product_cat":[25843,8767,26883,26282,8747],"product_tag":[],"class_list":{"0":"post-205027","1":"product","2":"type-product","3":"status-publish","4":"has-post-thumbnail","6":"product_cat-dufter-aromaer","7":"product_cat-harpiks-og-resinrokelse","8":"product_cat-harpiksaktig-balsamisk","9":"product_cat-myrt","10":"product_cat-rokelse-og-rokelsesholdere","11":"pa_collection-bulk-aromatic-resin-no","12":"pa_made-in-somalia","13":"pa_size-250g-2","15":"first","16":"instock","17":"purchasable","18":"product-type-simple"},"supplier_id":null,"supplier_sku":"AResin-24","barcode":null,"atum_controlled":true,"out_stock_date":null,"out_stock_threshold":null,"inheritable":false,"inbound_stock":null,"stock_on_hold":0,"sold_today":0,"sales_last_days":0,"reserved_stock":null,"customer_returns":null,"warehouse_damage":null,"lost_in_post":null,"other_logs":null,"out_stock_days":0,"lost_sales":0,"has_location":null,"update_date":"2026-04-27T06:50:22","atum_locations":[],"atum_stock_status":"instock","restock_status":false,"low_stock_amount":"","sales_update_date":"2026-01-30T01:24:59","calc_backorders":null,"_links":{"self":[{"href":"https:\/\/aromasentia.com\/no\/wp-json\/wp\/v2\/product\/205027","targetHints":{"allow":["GET"]}}],"collection":[{"href":"https:\/\/aromasentia.com\/no\/wp-json\/wp\/v2\/product"}],"about":[{"href":"https:\/\/aromasentia.com\/no\/wp-json\/wp\/v2\/types\/product"}],"replies":[{"embeddable":true,"href":"https:\/\/aromasentia.com\/no\/wp-json\/wp\/v2\/comments?post=205027"}],"version-history":[{"count":0,"href":"https:\/\/aromasentia.com\/no\/wp-json\/wp\/v2\/product\/205027\/revisions"}],"wp:featuredmedia":[{"embeddable":true,"href":"https:\/\/aromasentia.com\/no\/wp-json\/wp\/v2\/media\/395599"}],"wp:attachment":[{"href":"https:\/\/aromasentia.com\/no\/wp-json\/wp\/v2\/media?parent=205027"}],"wp:term":[{"taxonomy":"product_brand","embeddable":true,"href":"https:\/\/aromasentia.com\/no\/wp-json\/wp\/v2\/product_brand?post=205027"},{"taxonomy":"product_cat","embeddable":true,"href":"https:\/\/aromasentia.com\/no\/wp-json\/wp\/v2\/product_cat?post=205027"},{"taxonomy":"product_tag","embeddable":true,"href":"https:\/\/aromasentia.com\/no\/wp-json\/wp\/v2\/product_tag?post=205027"}],"curies":[{"name":"wp","href":"https:\/\/api.w.org\/{rel}","templated":true}]}}