{"id":205025,"date":"2025-03-23T10:29:29","date_gmt":"2025-03-23T10:29:29","guid":{"rendered":"https:\/\/aromasentia.com\/product\/display-set-of-70-incense-smudge-bricks-and-burner-wild-west\/"},"modified":"2025-05-31T01:23:38","modified_gmt":"2025-05-31T01:23:38","slug":"display-sett-med-70-rokelse-briketter-og-brenner-wild-west","status":"publish","type":"product","link":"https:\/\/aromasentia.com\/no\/display-sett-med-70-rokelse-briketter-og-brenner-wild-west\/","title":{"rendered":"Display-Sett med 70 R\u00f8kelse Briketter Og Brenner &#8211; Wild West"},"content":{"rendered":"<p><span style=\"color: rgb(75, 80, 88);\">Dette fengslende utstillingssettet er n\u00f8ye utvalgt for \u00e5 lokke kundene dine. <strong>Med 7 dufter i hvert sett<\/strong> finner du <strong>10 klosser av hver duft<\/strong>, totalt imponerende<strong>70 harpiksklosser<\/strong>. <strong>\u00c9n enkelt terrakottaholder er inkludert,<\/strong> noe som gj\u00f8r det til en komplett pakke for alle som s\u00f8ker variasjon.<\/span><\/p>\n<p><span style=\"color: rgb(75, 80, 88);\">Disse aromatiske skattene lukter ikke bare fantastisk, men gir ogs\u00e5 et snev av eleganse og mangfold til tilbudet ditt. Velg v\u00e5re naturlige r\u00f8kelsessett med harpiksklosser, og la dem bli et herlig tillegg til sortimentet ditt, fengsle kundene dine og skape varige minner.<\/span><\/p>\n","protected":false},"excerpt":{"rendered":"<p>Dette fengslende utstillingssettet er n\u00f8ye utvalgt for \u00e5 lokke kundene dine. Med 7 dufter i hvert sett finner du 10 klosser av hver duft, totalt imponerende70 harpiksklosser. \u00c9n enkelt terrakottaholder er inkludert, noe som gj\u00f8r det til en komplett pakke for alle som s\u00f8ker variasjon. Disse aromatiske skattene lukter ikke bare fantastisk, men gir ogs\u00e5 [&hellip;]<\/p>\n","protected":false},"featured_media":395541,"comment_status":"closed","ping_status":"open","template":"","meta":{"_angie_page":false},"product_brand":[],"product_cat":[8767,8747,25819],"product_tag":[],"class_list":{"0":"post-205025","1":"product","2":"type-product","3":"status-publish","4":"has-post-thumbnail","6":"product_cat-harpiks-og-resinrokelse","7":"product_cat-rokelse-og-rokelsesholdere","8":"product_cat-smudge-sticks","9":"pa_collection-natural-incense-resin-bricks-set-no","10":"pa_made-in-india","12":"first","13":"instock","14":"purchasable","15":"product-type-simple"},"supplier_id":null,"supplier_sku":"AISB-09","barcode":null,"atum_controlled":true,"out_stock_date":null,"out_stock_threshold":null,"inheritable":false,"inbound_stock":null,"stock_on_hold":0,"sold_today":0,"sales_last_days":0,"reserved_stock":null,"customer_returns":null,"warehouse_damage":null,"lost_in_post":null,"other_logs":null,"out_stock_days":137,"lost_sales":0,"has_location":null,"update_date":"2026-04-27T06:50:18","atum_locations":[],"atum_stock_status":"instock","restock_status":false,"low_stock_amount":"","sales_update_date":"2026-01-20T05:14:51","calc_backorders":null,"_links":{"self":[{"href":"https:\/\/aromasentia.com\/no\/wp-json\/wp\/v2\/product\/205025","targetHints":{"allow":["GET"]}}],"collection":[{"href":"https:\/\/aromasentia.com\/no\/wp-json\/wp\/v2\/product"}],"about":[{"href":"https:\/\/aromasentia.com\/no\/wp-json\/wp\/v2\/types\/product"}],"replies":[{"embeddable":true,"href":"https:\/\/aromasentia.com\/no\/wp-json\/wp\/v2\/comments?post=205025"}],"version-history":[{"count":0,"href":"https:\/\/aromasentia.com\/no\/wp-json\/wp\/v2\/product\/205025\/revisions"}],"wp:featuredmedia":[{"embeddable":true,"href":"https:\/\/aromasentia.com\/no\/wp-json\/wp\/v2\/media\/395541"}],"wp:attachment":[{"href":"https:\/\/aromasentia.com\/no\/wp-json\/wp\/v2\/media?parent=205025"}],"wp:term":[{"taxonomy":"product_brand","embeddable":true,"href":"https:\/\/aromasentia.com\/no\/wp-json\/wp\/v2\/product_brand?post=205025"},{"taxonomy":"product_cat","embeddable":true,"href":"https:\/\/aromasentia.com\/no\/wp-json\/wp\/v2\/product_cat?post=205025"},{"taxonomy":"product_tag","embeddable":true,"href":"https:\/\/aromasentia.com\/no\/wp-json\/wp\/v2\/product_tag?post=205025"}],"curies":[{"name":"wp","href":"https:\/\/api.w.org\/{rel}","templated":true}]}}