{"id":205023,"date":"2025-03-23T10:29:29","date_gmt":"2025-03-23T10:29:29","guid":{"rendered":"https:\/\/aromasentia.com\/product\/pack-of-15-natural-incense-smudge-bricks-and-burner-black-wood\/"},"modified":"2025-05-31T01:23:32","modified_gmt":"2025-05-31T01:23:32","slug":"pakke-med-15-naturlige-rokelse-briketter-og-brenner-svart-tre","status":"publish","type":"product","link":"https:\/\/aromasentia.com\/no\/pakke-med-15-naturlige-rokelse-briketter-og-brenner-svart-tre\/","title":{"rendered":"Pakke med 15 Naturlige R\u00f8kelse Briketter Og Brenner &#8211; Svart Tre"},"content":{"rendered":"<p><strong><span style=\"color: rgb(75, 80, 88);\">Tilf\u00f8r r\u00f8kelsessamlingen din et mysterium med Black Wood.<\/span><\/strong><span style=\"color: rgb(75, 80, 88);\">&nbsp;Dette settet kombinerer dype, g\u00e5tefulle noter og er <strong>laget av<\/strong> <strong>agarwoodolje og -pulver<\/strong>. Den medf\u00f8lgende brenneren forbedrer den sensoriske opplevelsen, slik at kundene dine kan fylle rommene sine med intriger og tiltrekning. Perfekt for energi\u00f8kning.<\/span> <\/p>\n<p><span style=\"color: rgb(75, 80, 88);\"><strong>I hver pakke er det 15 klosser, med en sjarmerende terrakottaholder, som kombinerer stil med funksjonalitet uanstrengt.&nbsp;<\/strong><\/span><\/p>\n<p><span style=\"color: rgb(75, 80, 88);\">Dette er en harmonisk fusjon av naturens fineste dufter laget av n\u00f8ye utvalgte materialer. Hver aromatisk nytelse i denne serien fanger essensen av sin opprinnelse og gir en autentisk sensorisk opplevelse uten like.<\/span><\/p>\n","protected":false},"excerpt":{"rendered":"<p>Tilf\u00f8r r\u00f8kelsessamlingen din et mysterium med Black Wood.&nbsp;Dette settet kombinerer dype, g\u00e5tefulle noter og er laget av agarwoodolje og -pulver. Den medf\u00f8lgende brenneren forbedrer den sensoriske opplevelsen, slik at kundene dine kan fylle rommene sine med intriger og tiltrekning. Perfekt for energi\u00f8kning. I hver pakke er det 15 klosser, med en sjarmerende terrakottaholder, som kombinerer [&hellip;]<\/p>\n","protected":false},"featured_media":395459,"comment_status":"closed","ping_status":"open","template":"","meta":[],"product_brand":[],"product_cat":[8767,8747,25819],"product_tag":[],"class_list":{"0":"post-205023","1":"product","2":"type-product","3":"status-publish","4":"has-post-thumbnail","6":"product_cat-harpiks-og-resinrokelse","7":"product_cat-rokelse-og-rokelsesholdere","8":"product_cat-smudge-sticks","9":"pa_collection-natural-incense-resin-bricks-set-no","10":"pa_made-in-india","12":"first","13":"instock","14":"purchasable","15":"product-type-simple"},"supplier_id":null,"supplier_sku":"AISB-07","barcode":null,"atum_controlled":true,"out_stock_date":null,"out_stock_threshold":null,"inheritable":false,"inbound_stock":null,"stock_on_hold":0,"sold_today":0,"sales_last_days":0,"reserved_stock":null,"customer_returns":null,"warehouse_damage":null,"lost_in_post":null,"other_logs":null,"out_stock_days":0,"lost_sales":0,"has_location":null,"update_date":"2026-02-11T08:31:45","atum_locations":[],"atum_stock_status":"instock","restock_status":false,"low_stock_amount":"","sales_update_date":"2025-10-09T03:23:13","calc_backorders":null,"_links":{"self":[{"href":"https:\/\/aromasentia.com\/no\/wp-json\/wp\/v2\/product\/205023","targetHints":{"allow":["GET"]}}],"collection":[{"href":"https:\/\/aromasentia.com\/no\/wp-json\/wp\/v2\/product"}],"about":[{"href":"https:\/\/aromasentia.com\/no\/wp-json\/wp\/v2\/types\/product"}],"replies":[{"embeddable":true,"href":"https:\/\/aromasentia.com\/no\/wp-json\/wp\/v2\/comments?post=205023"}],"version-history":[{"count":0,"href":"https:\/\/aromasentia.com\/no\/wp-json\/wp\/v2\/product\/205023\/revisions"}],"wp:featuredmedia":[{"embeddable":true,"href":"https:\/\/aromasentia.com\/no\/wp-json\/wp\/v2\/media\/395459"}],"wp:attachment":[{"href":"https:\/\/aromasentia.com\/no\/wp-json\/wp\/v2\/media?parent=205023"}],"wp:term":[{"taxonomy":"product_brand","embeddable":true,"href":"https:\/\/aromasentia.com\/no\/wp-json\/wp\/v2\/product_brand?post=205023"},{"taxonomy":"product_cat","embeddable":true,"href":"https:\/\/aromasentia.com\/no\/wp-json\/wp\/v2\/product_cat?post=205023"},{"taxonomy":"product_tag","embeddable":true,"href":"https:\/\/aromasentia.com\/no\/wp-json\/wp\/v2\/product_tag?post=205023"}],"curies":[{"name":"wp","href":"https:\/\/api.w.org\/{rel}","templated":true}]}}