{"id":205016,"date":"2025-03-23T10:29:29","date_gmt":"2025-03-23T10:29:29","guid":{"rendered":"https:\/\/aromasentia.com\/product\/masala-backflow-incense-pack-of-10-amber\/"},"modified":"2025-05-31T01:23:12","modified_gmt":"2025-05-31T01:23:12","slug":"masala-backflow-rokelseskoner-pakke-med-10-amber","status":"publish","type":"product","link":"https:\/\/aromasentia.com\/no\/masala-backflow-rokelseskoner-pakke-med-10-amber\/","title":{"rendered":"Masala Backflow R\u00f8kelseskoner Pakke med 10 &#8211; Amber"},"content":{"rendered":"<p><span style=\"color: rgb(75, 80, 88);\">Gj\u00f8r deg klar til \u00e5 krydre r\u00f8kelsessamlingen din med splitter nye <strong>Masala Backflow r\u00f8kelseskjegler fra Aromatika!<\/strong><\/span><\/p>\n<p><span style=\"color: rgb(75, 80, 88);\">Inne i hver pakke har du<strong>&nbsp;10 Backflow-r\u00f8kelseskjegler formet som en sekskant.<\/strong><\/span><\/p>\n<p><strong><span style=\"color: rgb(75, 80, 88);\">Omslutt rommet ditt med den varme og innbydende duften av rav.<\/span><\/strong><\/p>\n<p><span style=\"color: rgb(75, 80, 88);\">Denne duften tilbyr en koselig og tr\u00f8stende atmosf\u00e6re, som en tr\u00f8stende klem. Ravr\u00f8kelse er perfekt for \u00e5 skape en innbydende og intim atmosf\u00e6re. Den s\u00f8te, harpiksholdige aromaen fremkaller f\u00f8lelser av ro og tilfredshet, noe som gj\u00f8r den ideell for avslapning og kvalitetstid med kj\u00e6re.<\/p>\n","protected":false},"excerpt":{"rendered":"<p>Gj\u00f8r deg klar til \u00e5 krydre r\u00f8kelsessamlingen din med splitter nye Masala Backflow r\u00f8kelseskjegler fra Aromatika! Inne i hver pakke har du&nbsp;10 Backflow-r\u00f8kelseskjegler formet som en sekskant. Omslutt rommet ditt med den varme og innbydende duften av rav. Denne duften tilbyr en koselig og tr\u00f8stende atmosf\u00e6re, som en tr\u00f8stende klem. Ravr\u00f8kelse er perfekt for \u00e5 [&hellip;]<\/p>\n","protected":false},"featured_media":395244,"comment_status":"closed","ping_status":"open","template":"","meta":[],"product_brand":[27102],"product_cat":[8747,8792],"product_tag":[],"class_list":{"0":"post-205016","1":"product","2":"type-product","3":"status-publish","4":"has-post-thumbnail","6":"product_brand-aromatika","7":"product_cat-rokelse-og-rokelsesholdere","8":"product_cat-rokelseskjegler","9":"pa_collection-masala-backflow-incense-pack-of-10-no","10":"pa_made-in-india","12":"first","13":"instock","14":"purchasable","15":"product-type-simple"},"supplier_id":null,"supplier_sku":"ABFi-12","barcode":null,"atum_controlled":true,"out_stock_date":null,"out_stock_threshold":null,"inheritable":false,"inbound_stock":null,"stock_on_hold":0,"sold_today":0,"sales_last_days":0,"reserved_stock":null,"customer_returns":null,"warehouse_damage":null,"lost_in_post":null,"other_logs":null,"out_stock_days":0,"lost_sales":0,"has_location":null,"update_date":"2026-02-04T18:52:35","atum_locations":[],"atum_stock_status":"instock","restock_status":false,"low_stock_amount":"","sales_update_date":"2025-10-09T03:22:21","calc_backorders":null,"_links":{"self":[{"href":"https:\/\/aromasentia.com\/no\/wp-json\/wp\/v2\/product\/205016","targetHints":{"allow":["GET"]}}],"collection":[{"href":"https:\/\/aromasentia.com\/no\/wp-json\/wp\/v2\/product"}],"about":[{"href":"https:\/\/aromasentia.com\/no\/wp-json\/wp\/v2\/types\/product"}],"replies":[{"embeddable":true,"href":"https:\/\/aromasentia.com\/no\/wp-json\/wp\/v2\/comments?post=205016"}],"version-history":[{"count":0,"href":"https:\/\/aromasentia.com\/no\/wp-json\/wp\/v2\/product\/205016\/revisions"}],"wp:featuredmedia":[{"embeddable":true,"href":"https:\/\/aromasentia.com\/no\/wp-json\/wp\/v2\/media\/395244"}],"wp:attachment":[{"href":"https:\/\/aromasentia.com\/no\/wp-json\/wp\/v2\/media?parent=205016"}],"wp:term":[{"taxonomy":"product_brand","embeddable":true,"href":"https:\/\/aromasentia.com\/no\/wp-json\/wp\/v2\/product_brand?post=205016"},{"taxonomy":"product_cat","embeddable":true,"href":"https:\/\/aromasentia.com\/no\/wp-json\/wp\/v2\/product_cat?post=205016"},{"taxonomy":"product_tag","embeddable":true,"href":"https:\/\/aromasentia.com\/no\/wp-json\/wp\/v2\/product_tag?post=205016"}],"curies":[{"name":"wp","href":"https:\/\/api.w.org\/{rel}","templated":true}]}}