{"id":205007,"date":"2025-03-23T10:29:29","date_gmt":"2025-03-23T10:29:29","guid":{"rendered":"https:\/\/aromasentia.com\/product\/masala-backflow-incense-pack-of-10-sandalwood-vanilla\/"},"modified":"2025-05-31T01:22:43","modified_gmt":"2025-05-31T01:22:43","slug":"masala-backflow-rokelseskoner-pakke-med-10-sandeltre-og-vanilje","status":"publish","type":"product","link":"https:\/\/aromasentia.com\/no\/masala-backflow-rokelseskoner-pakke-med-10-sandeltre-og-vanilje\/","title":{"rendered":"Masala Backflow R\u00f8kelseskoner Pakke med 10 &#8211; Sandeltre Og Vanilje"},"content":{"rendered":"<p><span style=\"color: rgb(75, 80, 88);\">Gj\u00f8r deg klar til \u00e5 krydre r\u00f8kelsessamlingen din med splitter nye <strong>Masala Backflow r\u00f8kelseskjegler fra Aromatika!<\/strong><\/span><\/p>\n<p><span style=\"color: rgb(75, 80, 88);\">Inne i hver pakke har du<strong>&nbsp;10 Backflow-r\u00f8kelseskjegler formet som en sekskant.<\/strong><\/span><\/p>\n<p><span style=\"color: rgb(75, 80, 88);\"><strong>Nyt den varme og tr\u00f8stende omfavnelsen av sandeltre og vanilje.<\/strong><\/span><\/p>\n<p><span style=\"color: rgb(75, 80, 88);\">Denne unike kombinasjonen gir en s\u00f8t og treaktig aroma som beroliger sansene. Sandeltre forbindes ofte med avslapning og \u00e5ndelig oppv\u00e5kning, mens vanilje tilf\u00f8rer et snev av s\u00f8dme. Sammen skaper de en herlig og beroligende duft som er perfekt for avslapning etter en lang dag.<\/span><\/p>\n","protected":false},"excerpt":{"rendered":"<p>Gj\u00f8r deg klar til \u00e5 krydre r\u00f8kelsessamlingen din med splitter nye Masala Backflow r\u00f8kelseskjegler fra Aromatika! Inne i hver pakke har du&nbsp;10 Backflow-r\u00f8kelseskjegler formet som en sekskant. Nyt den varme og tr\u00f8stende omfavnelsen av sandeltre og vanilje. Denne unike kombinasjonen gir en s\u00f8t og treaktig aroma som beroliger sansene. Sandeltre forbindes ofte med avslapning og [&hellip;]<\/p>\n","protected":false},"featured_media":395091,"comment_status":"closed","ping_status":"open","template":"","meta":{"_angie_page":false},"product_brand":[27102],"product_cat":[25843,8747,8792,26386,26897],"product_tag":[],"class_list":{"0":"post-205007","1":"product","2":"type-product","3":"status-publish","4":"has-post-thumbnail","6":"product_brand-aromatika","7":"product_cat-dufter-aromaer","8":"product_cat-rokelse-og-rokelsesholdere","9":"product_cat-rokelseskjegler","10":"product_cat-sandelte","11":"product_cat-treaktig","12":"pa_collection-masala-backflow-incense-pack-of-10-no","13":"pa_made-in-india","15":"first","16":"instock","17":"purchasable","18":"product-type-simple"},"supplier_id":null,"supplier_sku":"ABFi-03","barcode":null,"atum_controlled":true,"out_stock_date":null,"out_stock_threshold":null,"inheritable":false,"inbound_stock":null,"stock_on_hold":0,"sold_today":0,"sales_last_days":0,"reserved_stock":null,"customer_returns":null,"warehouse_damage":null,"lost_in_post":null,"other_logs":null,"out_stock_days":0,"lost_sales":0,"has_location":null,"update_date":"2026-04-27T06:48:53","atum_locations":[],"atum_stock_status":"instock","restock_status":false,"low_stock_amount":"","sales_update_date":"2026-01-20T05:14:07","calc_backorders":null,"_links":{"self":[{"href":"https:\/\/aromasentia.com\/no\/wp-json\/wp\/v2\/product\/205007","targetHints":{"allow":["GET"]}}],"collection":[{"href":"https:\/\/aromasentia.com\/no\/wp-json\/wp\/v2\/product"}],"about":[{"href":"https:\/\/aromasentia.com\/no\/wp-json\/wp\/v2\/types\/product"}],"replies":[{"embeddable":true,"href":"https:\/\/aromasentia.com\/no\/wp-json\/wp\/v2\/comments?post=205007"}],"version-history":[{"count":0,"href":"https:\/\/aromasentia.com\/no\/wp-json\/wp\/v2\/product\/205007\/revisions"}],"wp:featuredmedia":[{"embeddable":true,"href":"https:\/\/aromasentia.com\/no\/wp-json\/wp\/v2\/media\/395091"}],"wp:attachment":[{"href":"https:\/\/aromasentia.com\/no\/wp-json\/wp\/v2\/media?parent=205007"}],"wp:term":[{"taxonomy":"product_brand","embeddable":true,"href":"https:\/\/aromasentia.com\/no\/wp-json\/wp\/v2\/product_brand?post=205007"},{"taxonomy":"product_cat","embeddable":true,"href":"https:\/\/aromasentia.com\/no\/wp-json\/wp\/v2\/product_cat?post=205007"},{"taxonomy":"product_tag","embeddable":true,"href":"https:\/\/aromasentia.com\/no\/wp-json\/wp\/v2\/product_tag?post=205007"}],"curies":[{"name":"wp","href":"https:\/\/api.w.org\/{rel}","templated":true}]}}