{"id":205005,"date":"2025-03-23T10:29:29","date_gmt":"2025-03-23T10:29:29","guid":{"rendered":"https:\/\/aromasentia.com\/product\/masala-backflow-incense-pack-of-10-palo-santo\/"},"modified":"2025-05-31T01:22:23","modified_gmt":"2025-05-31T01:22:23","slug":"masala-backflow-rokelseskoner-pakke-med-10-palo-santo","status":"publish","type":"product","link":"https:\/\/aromasentia.com\/no\/masala-backflow-rokelseskoner-pakke-med-10-palo-santo\/","title":{"rendered":"Masala Backflow R\u00f8kelseskoner Pakke med 10 &#8211; Palo Santo"},"content":{"rendered":"<p><span style=\"color: rgb(75, 80, 88);\">Gj\u00f8r deg klar til \u00e5 krydre r\u00f8kelsessamlingen din med splitter nye <strong>Masala Backflow-r\u00f8kelseskjegler fra Aromatika!<\/strong><\/span><\/p>\n<p><span style=\"color: rgb(75, 80, 88);\">Inne i hver pakke har du<strong>&nbsp;10 Backflow-r\u00f8kelseskjegler formet som en sekskant.<\/strong><\/span><\/p>\n<p><span style=\"color: rgb(75, 80, 88);\"><strong>Transporter deg selv til et rolig, hellig rom med den jordn\u00e6re og eteriske duften av Palo Santo.<\/strong><\/span><\/p>\n<p><span style=\"color: rgb(75, 80, 88);\">Denne r\u00f8kelsen b\u00e6rer den distinkte duften av dette mystiske treverket, kjent for sine beroligende og rensende egenskaper. \u00c5 brenne Palo Santo-r\u00f8kelse kan bidra til \u00e5 fjerne negativ energi, fremme avslapning og styrke \u00e5ndelig kontakt. Aromaen er jordn\u00e6r og \u00e5ndelig oppl\u00f8ftende, noe som gj\u00f8r den perfekt for meditasjon, yoga eller rett og slett for \u00e5 skape en rolig atmosf\u00e6re i hjemmet ditt.<\/p>\n","protected":false},"excerpt":{"rendered":"<p>Gj\u00f8r deg klar til \u00e5 krydre r\u00f8kelsessamlingen din med splitter nye Masala Backflow-r\u00f8kelseskjegler fra Aromatika! Inne i hver pakke har du&nbsp;10 Backflow-r\u00f8kelseskjegler formet som en sekskant. Transporter deg selv til et rolig, hellig rom med den jordn\u00e6re og eteriske duften av Palo Santo. Denne r\u00f8kelsen b\u00e6rer den distinkte duften av dette mystiske treverket, kjent for [&hellip;]<\/p>\n","protected":false},"featured_media":395057,"comment_status":"closed","ping_status":"open","template":"","meta":{"_angie_page":false},"product_brand":[27102],"product_cat":[25843,26325,8747,8792,26897],"product_tag":[],"class_list":{"0":"post-205005","1":"product","2":"type-product","3":"status-publish","4":"has-post-thumbnail","6":"product_brand-aromatika","7":"product_cat-dufter-aromaer","8":"product_cat-palo-santo-scents-aromas","9":"product_cat-rokelse-og-rokelsesholdere","10":"product_cat-rokelseskjegler","11":"product_cat-treaktig","12":"pa_collection-masala-backflow-incense-pack-of-10-no","13":"pa_made-in-india","15":"first","16":"instock","17":"purchasable","18":"product-type-simple"},"supplier_id":null,"supplier_sku":"ABFi-01","barcode":null,"atum_controlled":true,"out_stock_date":null,"out_stock_threshold":null,"inheritable":false,"inbound_stock":null,"stock_on_hold":0,"sold_today":0,"sales_last_days":0,"reserved_stock":null,"customer_returns":null,"warehouse_damage":null,"lost_in_post":null,"other_logs":null,"out_stock_days":0,"lost_sales":0,"has_location":null,"update_date":"2026-04-27T06:48:53","atum_locations":[],"atum_stock_status":"instock","restock_status":false,"low_stock_amount":"","sales_update_date":"2025-10-09T03:22:20","calc_backorders":null,"_links":{"self":[{"href":"https:\/\/aromasentia.com\/no\/wp-json\/wp\/v2\/product\/205005","targetHints":{"allow":["GET"]}}],"collection":[{"href":"https:\/\/aromasentia.com\/no\/wp-json\/wp\/v2\/product"}],"about":[{"href":"https:\/\/aromasentia.com\/no\/wp-json\/wp\/v2\/types\/product"}],"replies":[{"embeddable":true,"href":"https:\/\/aromasentia.com\/no\/wp-json\/wp\/v2\/comments?post=205005"}],"version-history":[{"count":0,"href":"https:\/\/aromasentia.com\/no\/wp-json\/wp\/v2\/product\/205005\/revisions"}],"wp:featuredmedia":[{"embeddable":true,"href":"https:\/\/aromasentia.com\/no\/wp-json\/wp\/v2\/media\/395057"}],"wp:attachment":[{"href":"https:\/\/aromasentia.com\/no\/wp-json\/wp\/v2\/media?parent=205005"}],"wp:term":[{"taxonomy":"product_brand","embeddable":true,"href":"https:\/\/aromasentia.com\/no\/wp-json\/wp\/v2\/product_brand?post=205005"},{"taxonomy":"product_cat","embeddable":true,"href":"https:\/\/aromasentia.com\/no\/wp-json\/wp\/v2\/product_cat?post=205005"},{"taxonomy":"product_tag","embeddable":true,"href":"https:\/\/aromasentia.com\/no\/wp-json\/wp\/v2\/product_tag?post=205005"}],"curies":[{"name":"wp","href":"https:\/\/api.w.org\/{rel}","templated":true}]}}