{"id":205002,"date":"2025-03-23T10:29:38","date_gmt":"2025-03-23T10:29:38","guid":{"rendered":"https:\/\/aromasentia.com\/product\/backflow-incense-burner-ancient-chinese-coin\/"},"modified":"2025-05-31T01:22:11","modified_gmt":"2025-05-31T01:22:11","slug":"rokelsesbrenner-med-backflow-gammel-kinesisk-mynt","status":"publish","type":"product","link":"https:\/\/aromasentia.com\/no\/rokelsesbrenner-med-backflow-gammel-kinesisk-mynt\/","title":{"rendered":"R\u00f8kelsesbrenner med Backflow &#8211; Gammel Kinesisk Mynt"},"content":{"rendered":"<p><span style=\"color: rgb(75, 80, 88);\"><strong>Transporter deg selv til oldtiden med v\u00e5r r\u00f8kelsesbrenner med tilbakestr\u00f8mning av gamle kinesiske mynter.<\/strong><\/span><\/p>\n<p><span style=\"color: rgb(75, 80, 88);\">De intrikate detaljene i myntdesignet, kombinert med den fortryllende kaskaden av duftende r\u00f8yk, gj\u00f8r denne brenneren til et unikt og kulturelt inspirert tillegg til rommet ditt. Opplev blandingen av tradisjon og avslapning mens du nyter den fengslende utstillingen.<\/span><\/p>\n<p><span style=\"color: rgb(75, 80, 88);\">N\u00e5r du har tent r\u00f8kelseskjeglen, vil den begynne \u00e5 r\u00f8yke. R\u00f8kelsen er tyngre enn luft, og den vil falle dramatisk i virvler og vridninger, gjennom hullet og ned over gjenstanden, for \u00e5 samle seg i bunnen. Det er utrolig \u00e5 se p\u00e5 og veldig avslappende.<\/span><\/p>\n<p><span style=\"color: rgb(75, 80, 88);\"><strong>Merk: For \u00e5 lage r\u00f8ykkaskadeeffekten m\u00e5 du bruke tilbakestr\u00f8mningsr\u00f8kelseskjegler.<\/strong><\/span><\/p>\n","protected":false},"excerpt":{"rendered":"<p>Transporter deg selv til oldtiden med v\u00e5r r\u00f8kelsesbrenner med tilbakestr\u00f8mning av gamle kinesiske mynter. De intrikate detaljene i myntdesignet, kombinert med den fortryllende kaskaden av duftende r\u00f8yk, gj\u00f8r denne brenneren til et unikt og kulturelt inspirert tillegg til rommet ditt. Opplev blandingen av tradisjon og avslapning mens du nyter den fengslende utstillingen. N\u00e5r du har [&hellip;]<\/p>\n","protected":false},"featured_media":397170,"comment_status":"closed","ping_status":"open","template":"","meta":{"_angie_page":false},"product_brand":[],"product_cat":[8747,8748,8746],"product_tag":[],"class_list":{"0":"post-205002","1":"product","2":"type-product","3":"status-publish","4":"has-post-thumbnail","6":"product_cat-rokelse-og-rokelsesholdere","7":"product_cat-rokelsesholdere-og-rokelsesbrennere","8":"product_cat-rokelsesholdere-for-backflow-rokelse","9":"pa_collection-backflow-incense-burners-no","10":"pa_made-in-kina","12":"first","13":"instock","14":"purchasable","15":"product-type-simple"},"supplier_id":null,"supplier_sku":"BackF-73","barcode":null,"atum_controlled":true,"out_stock_date":null,"out_stock_threshold":null,"inheritable":false,"inbound_stock":null,"stock_on_hold":0,"sold_today":0,"sales_last_days":0,"reserved_stock":null,"customer_returns":null,"warehouse_damage":null,"lost_in_post":null,"other_logs":null,"out_stock_days":0,"lost_sales":0,"has_location":null,"update_date":"2026-04-27T06:53:02","atum_locations":[],"atum_stock_status":"instock","restock_status":false,"low_stock_amount":"","sales_update_date":"2026-02-06T00:02:24","calc_backorders":null,"_links":{"self":[{"href":"https:\/\/aromasentia.com\/no\/wp-json\/wp\/v2\/product\/205002","targetHints":{"allow":["GET"]}}],"collection":[{"href":"https:\/\/aromasentia.com\/no\/wp-json\/wp\/v2\/product"}],"about":[{"href":"https:\/\/aromasentia.com\/no\/wp-json\/wp\/v2\/types\/product"}],"replies":[{"embeddable":true,"href":"https:\/\/aromasentia.com\/no\/wp-json\/wp\/v2\/comments?post=205002"}],"version-history":[{"count":0,"href":"https:\/\/aromasentia.com\/no\/wp-json\/wp\/v2\/product\/205002\/revisions"}],"wp:featuredmedia":[{"embeddable":true,"href":"https:\/\/aromasentia.com\/no\/wp-json\/wp\/v2\/media\/397170"}],"wp:attachment":[{"href":"https:\/\/aromasentia.com\/no\/wp-json\/wp\/v2\/media?parent=205002"}],"wp:term":[{"taxonomy":"product_brand","embeddable":true,"href":"https:\/\/aromasentia.com\/no\/wp-json\/wp\/v2\/product_brand?post=205002"},{"taxonomy":"product_cat","embeddable":true,"href":"https:\/\/aromasentia.com\/no\/wp-json\/wp\/v2\/product_cat?post=205002"},{"taxonomy":"product_tag","embeddable":true,"href":"https:\/\/aromasentia.com\/no\/wp-json\/wp\/v2\/product_tag?post=205002"}],"curies":[{"name":"wp","href":"https:\/\/api.w.org\/{rel}","templated":true}]}}