{"id":205001,"date":"2025-03-23T10:29:38","date_gmt":"2025-03-23T10:29:38","guid":{"rendered":"https:\/\/aromasentia.com\/product\/backflow-incense-burner-lotus-pond-incense-stick-holder\/"},"modified":"2025-05-31T01:22:08","modified_gmt":"2025-05-31T01:22:08","slug":"rokelsesbrenner-med-backflow-lotusdammen-og-rokelsespinneholder","status":"publish","type":"product","link":"https:\/\/aromasentia.com\/no\/rokelsesbrenner-med-backflow-lotusdammen-og-rokelsespinneholder\/","title":{"rendered":"R\u00f8kelsesbrenner med Backflow &#8211; Lotusdammen Og R\u00f8kelsespinneholder"},"content":{"rendered":"<p><span style=\"color: rgb(75, 80, 88);\"><strong>Fordyp kundene dine i skj\u00f8nnheten til en rolig lotusdam med v\u00e5r tilbakestr\u00f8mningsr\u00f8kelsesbrenner.<\/strong><\/span><\/p>\n<p><span style=\"color: rgb(75, 80, 88);\">Dette multifunksjonelle m\u00f8belet har ikke bare en fascinerende kaskadeeffekt, men inkluderer ogs\u00e5 en praktisk holder for r\u00f8kelsespinner. Lotusdamdesignet gir et snev av naturlig eleganse, og skaper en harmonisk blanding av visuelle og luktende herligheter.<\/span><\/p>\n<p><span style=\"color: rgb(75, 80, 88);\">N\u00e5r du har tent r\u00f8kelseskjeglen, vil den begynne \u00e5 r\u00f8yke. R\u00f8kelsen er tyngre enn luft, og den vil falle dramatisk i virvler og vridninger, gjennom hullet og ned over gjenstanden, for \u00e5 samle seg i bunnen. Det er utrolig \u00e5 se p\u00e5 og veldig avslappende.<\/span><\/p>\n<p><span style=\"color: rgb(75, 80, 88);\"><strong>Merk:<\/strong>For \u00e5 lage r\u00f8ykkaskadeeffekten m\u00e5 du bruke tilbakestr\u00f8mningsr\u00f8kelseskjegler.<\/span><\/p>\n","protected":false},"excerpt":{"rendered":"<p>Fordyp kundene dine i skj\u00f8nnheten til en rolig lotusdam med v\u00e5r tilbakestr\u00f8mningsr\u00f8kelsesbrenner. Dette multifunksjonelle m\u00f8belet har ikke bare en fascinerende kaskadeeffekt, men inkluderer ogs\u00e5 en praktisk holder for r\u00f8kelsespinner. Lotusdamdesignet gir et snev av naturlig eleganse, og skaper en harmonisk blanding av visuelle og luktende herligheter. N\u00e5r du har tent r\u00f8kelseskjeglen, vil den begynne \u00e5 [&hellip;]<\/p>\n","protected":false},"featured_media":397153,"comment_status":"closed","ping_status":"open","template":"","meta":[],"product_brand":[],"product_cat":[8747,8748,8746],"product_tag":[],"class_list":{"0":"post-205001","1":"product","2":"type-product","3":"status-publish","4":"has-post-thumbnail","6":"product_cat-rokelse-og-rokelsesholdere","7":"product_cat-rokelsesholdere-og-rokelsesbrennere","8":"product_cat-rokelsesholdere-for-backflow-rokelse","9":"pa_collection-backflow-incense-burners-no","10":"pa_made-in-kina","12":"first","13":"instock","14":"purchasable","15":"product-type-simple"},"supplier_id":null,"supplier_sku":"BackF-72","barcode":null,"atum_controlled":true,"out_stock_date":null,"out_stock_threshold":null,"inheritable":false,"inbound_stock":null,"stock_on_hold":0,"sold_today":0,"sales_last_days":0,"reserved_stock":null,"customer_returns":null,"warehouse_damage":null,"lost_in_post":null,"other_logs":null,"out_stock_days":0,"lost_sales":0,"has_location":null,"update_date":"2026-02-10T16:28:46","atum_locations":[],"atum_stock_status":"instock","restock_status":false,"low_stock_amount":"","sales_update_date":"2025-10-09T03:24:59","calc_backorders":null,"_links":{"self":[{"href":"https:\/\/aromasentia.com\/no\/wp-json\/wp\/v2\/product\/205001","targetHints":{"allow":["GET"]}}],"collection":[{"href":"https:\/\/aromasentia.com\/no\/wp-json\/wp\/v2\/product"}],"about":[{"href":"https:\/\/aromasentia.com\/no\/wp-json\/wp\/v2\/types\/product"}],"replies":[{"embeddable":true,"href":"https:\/\/aromasentia.com\/no\/wp-json\/wp\/v2\/comments?post=205001"}],"version-history":[{"count":0,"href":"https:\/\/aromasentia.com\/no\/wp-json\/wp\/v2\/product\/205001\/revisions"}],"wp:featuredmedia":[{"embeddable":true,"href":"https:\/\/aromasentia.com\/no\/wp-json\/wp\/v2\/media\/397153"}],"wp:attachment":[{"href":"https:\/\/aromasentia.com\/no\/wp-json\/wp\/v2\/media?parent=205001"}],"wp:term":[{"taxonomy":"product_brand","embeddable":true,"href":"https:\/\/aromasentia.com\/no\/wp-json\/wp\/v2\/product_brand?post=205001"},{"taxonomy":"product_cat","embeddable":true,"href":"https:\/\/aromasentia.com\/no\/wp-json\/wp\/v2\/product_cat?post=205001"},{"taxonomy":"product_tag","embeddable":true,"href":"https:\/\/aromasentia.com\/no\/wp-json\/wp\/v2\/product_tag?post=205001"}],"curies":[{"name":"wp","href":"https:\/\/api.w.org\/{rel}","templated":true}]}}