{"id":204999,"date":"2025-03-23T10:29:38","date_gmt":"2025-03-23T10:29:38","guid":{"rendered":"https:\/\/aromasentia.com\/product\/backflow-incense-burner-unity-tube\/"},"modified":"2025-05-31T01:22:02","modified_gmt":"2025-05-31T01:22:02","slug":"rokelsesbrenner-med-backflow-unity-tube","status":"publish","type":"product","link":"https:\/\/aromasentia.com\/no\/rokelsesbrenner-med-backflow-unity-tube\/","title":{"rendered":"R\u00f8kelsesbrenner med Backflow &#8211; Unity Tube"},"content":{"rendered":"<p><span style=\"color: rgb(75, 80, 88);\"><strong>Tenn \u00e5nden av enhet og harmoni med v\u00e5r Unity Tube Backflow Incense Burner.<\/strong><\/span><\/p>\n<p><span style=\"color: rgb(75, 80, 88);\">Det elegante og moderne designet til denne brenneren utstr\u00e5ler enkelhet og eleganse. N\u00e5r backflow-r\u00f8kelseskjeglen frigj\u00f8r sin duft, opplev enheten av duft og syn n\u00e5r r\u00f8yken grasi\u00f8st synker ned i r\u00f8ret og skaper en beroligende og kontemplativ atmosf\u00e6re.<\/span><\/p>\n<p><span style=\"color: rgb(75, 80, 88);\">N\u00e5r du har tent r\u00f8kelseskjeglen, vil den begynne \u00e5 r\u00f8yke. R\u00f8kelsen er tyngre enn luft, og den vil falle dramatisk i virvler og vridninger, gjennom hullet og ned over gjenstanden, for \u00e5 samle seg i bunnen. Det er utrolig \u00e5 se p\u00e5 og veldig avslappende.<\/span><\/p>\n<p><span style=\"color: rgb(75, 80, 88);\"><strong>Merk:<\/strong>For \u00e5 lage r\u00f8ykkaskadeeffekten m\u00e5 du bruke tilbakestr\u00f8mningsr\u00f8kelseskjegler.<\/span><\/p>\n","protected":false},"excerpt":{"rendered":"<p>Tenn \u00e5nden av enhet og harmoni med v\u00e5r Unity Tube Backflow Incense Burner. Det elegante og moderne designet til denne brenneren utstr\u00e5ler enkelhet og eleganse. N\u00e5r backflow-r\u00f8kelseskjeglen frigj\u00f8r sin duft, opplev enheten av duft og syn n\u00e5r r\u00f8yken grasi\u00f8st synker ned i r\u00f8ret og skaper en beroligende og kontemplativ atmosf\u00e6re. N\u00e5r du har tent r\u00f8kelseskjeglen, [&hellip;]<\/p>\n","protected":false},"featured_media":397127,"comment_status":"closed","ping_status":"open","template":"","meta":{"_angie_page":false},"product_brand":[],"product_cat":[8747,8748,8746],"product_tag":[],"class_list":{"0":"post-204999","1":"product","2":"type-product","3":"status-publish","4":"has-post-thumbnail","6":"product_cat-rokelse-og-rokelsesholdere","7":"product_cat-rokelsesholdere-og-rokelsesbrennere","8":"product_cat-rokelsesholdere-for-backflow-rokelse","9":"pa_collection-backflow-incense-burners-no","10":"pa_made-in-kina","12":"first","13":"instock","14":"purchasable","15":"product-type-simple"},"supplier_id":null,"supplier_sku":"BackF-70","barcode":null,"atum_controlled":true,"out_stock_date":null,"out_stock_threshold":null,"inheritable":false,"inbound_stock":null,"stock_on_hold":0,"sold_today":0,"sales_last_days":0,"reserved_stock":null,"customer_returns":null,"warehouse_damage":null,"lost_in_post":null,"other_logs":null,"out_stock_days":0,"lost_sales":0,"has_location":null,"update_date":"2026-04-29T05:09:16","atum_locations":[],"atum_stock_status":"instock","restock_status":false,"low_stock_amount":"","sales_update_date":"2026-01-20T05:14:14","calc_backorders":null,"_links":{"self":[{"href":"https:\/\/aromasentia.com\/no\/wp-json\/wp\/v2\/product\/204999","targetHints":{"allow":["GET"]}}],"collection":[{"href":"https:\/\/aromasentia.com\/no\/wp-json\/wp\/v2\/product"}],"about":[{"href":"https:\/\/aromasentia.com\/no\/wp-json\/wp\/v2\/types\/product"}],"replies":[{"embeddable":true,"href":"https:\/\/aromasentia.com\/no\/wp-json\/wp\/v2\/comments?post=204999"}],"version-history":[{"count":0,"href":"https:\/\/aromasentia.com\/no\/wp-json\/wp\/v2\/product\/204999\/revisions"}],"wp:featuredmedia":[{"embeddable":true,"href":"https:\/\/aromasentia.com\/no\/wp-json\/wp\/v2\/media\/397127"}],"wp:attachment":[{"href":"https:\/\/aromasentia.com\/no\/wp-json\/wp\/v2\/media?parent=204999"}],"wp:term":[{"taxonomy":"product_brand","embeddable":true,"href":"https:\/\/aromasentia.com\/no\/wp-json\/wp\/v2\/product_brand?post=204999"},{"taxonomy":"product_cat","embeddable":true,"href":"https:\/\/aromasentia.com\/no\/wp-json\/wp\/v2\/product_cat?post=204999"},{"taxonomy":"product_tag","embeddable":true,"href":"https:\/\/aromasentia.com\/no\/wp-json\/wp\/v2\/product_tag?post=204999"}],"curies":[{"name":"wp","href":"https:\/\/api.w.org\/{rel}","templated":true}]}}