{"id":204997,"date":"2025-03-23T10:29:38","date_gmt":"2025-03-23T10:29:38","guid":{"rendered":"https:\/\/aromasentia.com\/product\/backflow-incense-burner-serine-oval-cascade\/"},"modified":"2025-05-31T01:21:55","modified_gmt":"2025-05-31T01:21:55","slug":"backflow-rokelsesbrenner-serine-oval-cascade","status":"publish","type":"product","link":"https:\/\/aromasentia.com\/no\/backflow-rokelsesbrenner-serine-oval-cascade\/","title":{"rendered":"Backflow R\u00f8kelsesbrenner &#8211; Serine Oval Cascade"},"content":{"rendered":"<p><span style=\"color: rgb(75, 80, 88);\"><strong>Gj\u00f8r avslapningsopplevelsen enda bedre med Serene Oval Cascade Backflow Incense Burner.<\/strong><\/span><\/p>\n<p><span style=\"color: rgb(75, 80, 88);\">Denne brenneren er designet for ro, og har en grasi\u00f8st buet oval form som leder den duftende r\u00f8yken i en mild kaskade. Ideell for \u00e5 skape en rolig atmosf\u00e6re, gir denne brenneren et snev av raffinement til rommet ditt ved \u00e5 forvandle selve brenningen av r\u00f8kelse til et fascinerende visuelt skue.<\/span><\/p>\n<p><span style=\"color: rgb(75, 80, 88);\">N\u00e5r du har tent r\u00f8kelseskjeglen, vil den begynne \u00e5 r\u00f8yke. R\u00f8kelsen er tyngre enn luft, og den vil falle dramatisk i virvler og vridninger, gjennom hullet og ned over gjenstanden, for \u00e5 samle seg i bunnen. Det er utrolig \u00e5 se p\u00e5 og veldig avslappende.<\/span><\/p>\n<p><span style=\"color: rgb(75, 80, 88);\"><strong>Merk:<\/strong>For \u00e5 lage r\u00f8ykkaskadeeffekten m\u00e5 du bruke tilbakestr\u00f8mningsr\u00f8kelseskjegler.<\/span><\/p>\n","protected":false},"excerpt":{"rendered":"<p>Gj\u00f8r avslapningsopplevelsen enda bedre med Serene Oval Cascade Backflow Incense Burner. Denne brenneren er designet for ro, og har en grasi\u00f8st buet oval form som leder den duftende r\u00f8yken i en mild kaskade. Ideell for \u00e5 skape en rolig atmosf\u00e6re, gir denne brenneren et snev av raffinement til rommet ditt ved \u00e5 forvandle selve brenningen [&hellip;]<\/p>\n","protected":false},"featured_media":397093,"comment_status":"closed","ping_status":"open","template":"","meta":{"_angie_page":false},"product_brand":[],"product_cat":[8747,8748,8746],"product_tag":[],"class_list":{"0":"post-204997","1":"product","2":"type-product","3":"status-publish","4":"has-post-thumbnail","6":"product_cat-rokelse-og-rokelsesholdere","7":"product_cat-rokelsesholdere-og-rokelsesbrennere","8":"product_cat-rokelsesholdere-for-backflow-rokelse","9":"pa_collection-backflow-incense-burners-no","10":"pa_made-in-kina","12":"first","13":"instock","14":"purchasable","15":"product-type-simple"},"supplier_id":null,"supplier_sku":"BackF-68","barcode":null,"atum_controlled":true,"out_stock_date":null,"out_stock_threshold":null,"inheritable":false,"inbound_stock":null,"stock_on_hold":0,"sold_today":0,"sales_last_days":0,"reserved_stock":null,"customer_returns":null,"warehouse_damage":null,"lost_in_post":null,"other_logs":null,"out_stock_days":0,"lost_sales":0,"has_location":null,"update_date":"2026-04-30T06:45:56","atum_locations":[],"atum_stock_status":"instock","restock_status":false,"low_stock_amount":"","sales_update_date":"2025-10-09T03:24:58","calc_backorders":null,"_links":{"self":[{"href":"https:\/\/aromasentia.com\/no\/wp-json\/wp\/v2\/product\/204997","targetHints":{"allow":["GET"]}}],"collection":[{"href":"https:\/\/aromasentia.com\/no\/wp-json\/wp\/v2\/product"}],"about":[{"href":"https:\/\/aromasentia.com\/no\/wp-json\/wp\/v2\/types\/product"}],"replies":[{"embeddable":true,"href":"https:\/\/aromasentia.com\/no\/wp-json\/wp\/v2\/comments?post=204997"}],"version-history":[{"count":0,"href":"https:\/\/aromasentia.com\/no\/wp-json\/wp\/v2\/product\/204997\/revisions"}],"wp:featuredmedia":[{"embeddable":true,"href":"https:\/\/aromasentia.com\/no\/wp-json\/wp\/v2\/media\/397093"}],"wp:attachment":[{"href":"https:\/\/aromasentia.com\/no\/wp-json\/wp\/v2\/media?parent=204997"}],"wp:term":[{"taxonomy":"product_brand","embeddable":true,"href":"https:\/\/aromasentia.com\/no\/wp-json\/wp\/v2\/product_brand?post=204997"},{"taxonomy":"product_cat","embeddable":true,"href":"https:\/\/aromasentia.com\/no\/wp-json\/wp\/v2\/product_cat?post=204997"},{"taxonomy":"product_tag","embeddable":true,"href":"https:\/\/aromasentia.com\/no\/wp-json\/wp\/v2\/product_tag?post=204997"}],"curies":[{"name":"wp","href":"https:\/\/api.w.org\/{rel}","templated":true}]}}