{"id":204994,"date":"2025-03-23T10:29:38","date_gmt":"2025-03-23T10:29:38","guid":{"rendered":"https:\/\/aromasentia.com\/product\/backflow-incense-burner-mountain-scape\/"},"modified":"2025-05-31T01:21:45","modified_gmt":"2025-05-31T01:21:45","slug":"backflow-rokelsesbrenner-mountain-scape","status":"publish","type":"product","link":"https:\/\/aromasentia.com\/no\/backflow-rokelsesbrenner-mountain-scape\/","title":{"rendered":"Backflow R\u00f8kelsesbrenner &#8211; Mountain Scape"},"content":{"rendered":"<p><span style=\"color: rgb(75, 80, 88);\"><strong>Backflow-r\u00f8kelsesbrenneren<\/strong> er spesialdesignet for \u00e5 lage r\u00f8yk som kaskaderer nedover, og str\u00f8mmer dramatisk nedover t\u00e5rnet med en fantastisk effekt som vil fange kundens oppmerksomhet.<\/span><\/p>\n<p><span style=\"color: rgb(75, 80, 88);\">N\u00e5r du har tent r\u00f8kelseskjeglen, vil den begynne \u00e5 r\u00f8yke. R\u00f8kelsen er tyngre enn luft, og den vil falle dramatisk i virvler og vridninger, gjennom hullet og ned over gjenstanden, for \u00e5 samle seg i bunnen. Det er utrolig \u00e5 se p\u00e5 og veldig avslappende.<\/span><\/p>\n<p><span style=\"color: rgb(75, 80, 88);\">Bring essensen av fjellene inn i hjemmet ditt med <strong>Mountain Scape Backflow-r\u00f8kelsesbrenneren<\/strong>. Denne brenneren viser frem et intrikat utsk\u00e5ret fjellandskap, komplett med fosser og frodig gr\u00f8ntomr\u00e5de. Mens r\u00f8kelseskjeglen ulmer, produserer den en fascinerende elv av r\u00f8yk som str\u00f8mmer gjennom dalene og skaper en atmosf\u00e6re av fred og harmoni.<\/span><\/p>\n<p><span style=\"color: rgb(75, 80, 88);\"><strong>Merk: For \u00e5 skape r\u00f8ykkaskadeeffekten m\u00e5 du bruke tilbakestr\u00f8mningskjegler av r\u00f8kelse.<\/strong><\/span><\/p>\n","protected":false},"excerpt":{"rendered":"<p>Backflow-r\u00f8kelsesbrenneren er spesialdesignet for \u00e5 lage r\u00f8yk som kaskaderer nedover, og str\u00f8mmer dramatisk nedover t\u00e5rnet med en fantastisk effekt som vil fange kundens oppmerksomhet. N\u00e5r du har tent r\u00f8kelseskjeglen, vil den begynne \u00e5 r\u00f8yke. R\u00f8kelsen er tyngre enn luft, og den vil falle dramatisk i virvler og vridninger, gjennom hullet og ned over gjenstanden, for [&hellip;]<\/p>\n","protected":false},"featured_media":397042,"comment_status":"closed","ping_status":"open","template":"","meta":{"_angie_page":false},"product_brand":[],"product_cat":[8747,8748,8746],"product_tag":[],"class_list":{"0":"post-204994","1":"product","2":"type-product","3":"status-publish","4":"has-post-thumbnail","6":"product_cat-rokelse-og-rokelsesholdere","7":"product_cat-rokelsesholdere-og-rokelsesbrennere","8":"product_cat-rokelsesholdere-for-backflow-rokelse","9":"pa_collection-backflow-incense-burners-no","10":"pa_made-in-kina","12":"first","13":"instock","14":"purchasable","15":"product-type-simple"},"supplier_id":null,"supplier_sku":"BackF-64","barcode":null,"atum_controlled":true,"out_stock_date":null,"out_stock_threshold":null,"inheritable":false,"inbound_stock":null,"stock_on_hold":0,"sold_today":0,"sales_last_days":0,"reserved_stock":null,"customer_returns":null,"warehouse_damage":null,"lost_in_post":null,"other_logs":null,"out_stock_days":0,"lost_sales":0,"has_location":null,"update_date":"2026-04-27T06:53:02","atum_locations":[],"atum_stock_status":"instock","restock_status":false,"low_stock_amount":"","sales_update_date":"2025-10-09T03:24:58","calc_backorders":null,"_links":{"self":[{"href":"https:\/\/aromasentia.com\/no\/wp-json\/wp\/v2\/product\/204994","targetHints":{"allow":["GET"]}}],"collection":[{"href":"https:\/\/aromasentia.com\/no\/wp-json\/wp\/v2\/product"}],"about":[{"href":"https:\/\/aromasentia.com\/no\/wp-json\/wp\/v2\/types\/product"}],"replies":[{"embeddable":true,"href":"https:\/\/aromasentia.com\/no\/wp-json\/wp\/v2\/comments?post=204994"}],"version-history":[{"count":0,"href":"https:\/\/aromasentia.com\/no\/wp-json\/wp\/v2\/product\/204994\/revisions"}],"wp:featuredmedia":[{"embeddable":true,"href":"https:\/\/aromasentia.com\/no\/wp-json\/wp\/v2\/media\/397042"}],"wp:attachment":[{"href":"https:\/\/aromasentia.com\/no\/wp-json\/wp\/v2\/media?parent=204994"}],"wp:term":[{"taxonomy":"product_brand","embeddable":true,"href":"https:\/\/aromasentia.com\/no\/wp-json\/wp\/v2\/product_brand?post=204994"},{"taxonomy":"product_cat","embeddable":true,"href":"https:\/\/aromasentia.com\/no\/wp-json\/wp\/v2\/product_cat?post=204994"},{"taxonomy":"product_tag","embeddable":true,"href":"https:\/\/aromasentia.com\/no\/wp-json\/wp\/v2\/product_tag?post=204994"}],"curies":[{"name":"wp","href":"https:\/\/api.w.org\/{rel}","templated":true}]}}