{"id":204993,"date":"2025-03-23T10:29:38","date_gmt":"2025-03-23T10:29:38","guid":{"rendered":"https:\/\/aromasentia.com\/product\/backflow-incense-burner-weeping-skull-with-light\/"},"modified":"2025-05-31T01:21:41","modified_gmt":"2025-05-31T01:21:41","slug":"backflow-rokelsesbrenner-weeping-skull-med-lys","status":"publish","type":"product","link":"https:\/\/aromasentia.com\/no\/backflow-rokelsesbrenner-weeping-skull-med-lys\/","title":{"rendered":"Backflow R\u00f8kelsesbrenner &#8211; Weeping Skull (Med Lys)"},"content":{"rendered":"<p><span style=\"color: rgb(75, 80, 88);\"><strong>Backflow-r\u00f8kelsesbrenneren<\/strong> er spesialdesignet for \u00e5 lage r\u00f8yk som kaskaderer nedover, og str\u00f8mmer dramatisk nedover t\u00e5rnet med en fantastisk effekt som vil fange kundens oppmerksomhet.<\/span><\/p>\n<p><span style=\"color: rgb(75, 80, 88);\">N\u00e5r du har tent r\u00f8kelseskjeglen, vil den begynne \u00e5 r\u00f8yke. R\u00f8kelsen er tyngre enn luft, og den vil falle dramatisk i virvler og vridninger, gjennom hullet og ned over gjenstanden, for \u00e5 samle seg i bunnen. Det er utrolig \u00e5 se p\u00e5 og veldig avslappende.<\/span><\/p>\n<p><span style=\"color: rgb(75, 80, 88);\">For de som har en smak for det gotiske og mystiske, er <strong>Weeping Skull Backflow-r\u00f8kelsesbrenneren<\/strong> et fantastisk valg. En vakkert detaljert hodeskalle, som feller &laquo;t\u00e5rer&raquo; av duftende r\u00f8yk, gir et snev av m\u00f8rk eleganse til ethvert rom. Det er en samtalestarter og et unikt kunstverk for den makabre entusiasten.<\/span><\/p>\n<p><span style=\"color: rgb(75, 80, 88);\"><strong>Merk: For \u00e5 lage r\u00f8ykkaskadeeffekten m\u00e5 du bruke tilbakestr\u00f8mningsr\u00f8kelseskjegler.<\/strong><\/span><\/p>\n","protected":false},"excerpt":{"rendered":"<p>Backflow-r\u00f8kelsesbrenneren er spesialdesignet for \u00e5 lage r\u00f8yk som kaskaderer nedover, og str\u00f8mmer dramatisk nedover t\u00e5rnet med en fantastisk effekt som vil fange kundens oppmerksomhet. N\u00e5r du har tent r\u00f8kelseskjeglen, vil den begynne \u00e5 r\u00f8yke. R\u00f8kelsen er tyngre enn luft, og den vil falle dramatisk i virvler og vridninger, gjennom hullet og ned over gjenstanden, for [&hellip;]<\/p>\n","protected":false},"featured_media":397025,"comment_status":"closed","ping_status":"open","template":"","meta":{"_angie_page":false},"product_brand":[],"product_cat":[8747,8748,8746],"product_tag":[],"class_list":{"0":"post-204993","1":"product","2":"type-product","3":"status-publish","4":"has-post-thumbnail","6":"product_cat-rokelse-og-rokelsesholdere","7":"product_cat-rokelsesholdere-og-rokelsesbrennere","8":"product_cat-rokelsesholdere-for-backflow-rokelse","9":"pa_collection-backflow-incense-burners-no","10":"pa_made-in-kina","12":"first","13":"instock","14":"purchasable","15":"product-type-simple"},"supplier_id":null,"supplier_sku":"BackF-63","barcode":null,"atum_controlled":true,"out_stock_date":null,"out_stock_threshold":null,"inheritable":false,"inbound_stock":null,"stock_on_hold":0,"sold_today":0,"sales_last_days":0,"reserved_stock":null,"customer_returns":null,"warehouse_damage":null,"lost_in_post":null,"other_logs":null,"out_stock_days":0,"lost_sales":0,"has_location":null,"update_date":"2026-04-27T06:53:02","atum_locations":[],"atum_stock_status":"instock","restock_status":false,"low_stock_amount":"","sales_update_date":"2025-10-09T03:24:58","calc_backorders":null,"_links":{"self":[{"href":"https:\/\/aromasentia.com\/no\/wp-json\/wp\/v2\/product\/204993","targetHints":{"allow":["GET"]}}],"collection":[{"href":"https:\/\/aromasentia.com\/no\/wp-json\/wp\/v2\/product"}],"about":[{"href":"https:\/\/aromasentia.com\/no\/wp-json\/wp\/v2\/types\/product"}],"replies":[{"embeddable":true,"href":"https:\/\/aromasentia.com\/no\/wp-json\/wp\/v2\/comments?post=204993"}],"version-history":[{"count":0,"href":"https:\/\/aromasentia.com\/no\/wp-json\/wp\/v2\/product\/204993\/revisions"}],"wp:featuredmedia":[{"embeddable":true,"href":"https:\/\/aromasentia.com\/no\/wp-json\/wp\/v2\/media\/397025"}],"wp:attachment":[{"href":"https:\/\/aromasentia.com\/no\/wp-json\/wp\/v2\/media?parent=204993"}],"wp:term":[{"taxonomy":"product_brand","embeddable":true,"href":"https:\/\/aromasentia.com\/no\/wp-json\/wp\/v2\/product_brand?post=204993"},{"taxonomy":"product_cat","embeddable":true,"href":"https:\/\/aromasentia.com\/no\/wp-json\/wp\/v2\/product_cat?post=204993"},{"taxonomy":"product_tag","embeddable":true,"href":"https:\/\/aromasentia.com\/no\/wp-json\/wp\/v2\/product_tag?post=204993"}],"curies":[{"name":"wp","href":"https:\/\/api.w.org\/{rel}","templated":true}]}}