{"id":204990,"date":"2025-03-23T10:29:38","date_gmt":"2025-03-23T10:29:38","guid":{"rendered":"https:\/\/aromasentia.com\/product\/backflow-incense-burner-in-your-lovers-arms\/"},"modified":"2025-05-31T01:21:29","modified_gmt":"2025-05-31T01:21:29","slug":"backflow-incense-burner-i-din-elskers-armer","status":"publish","type":"product","link":"https:\/\/aromasentia.com\/no\/backflow-incense-burner-i-din-elskers-armer\/","title":{"rendered":"Backflow Incense Burner &#8211; I Din Elskers Armer"},"content":{"rendered":"<p><span style=\"color: rgb(75, 80, 88);\"><strong>Backflow-r\u00f8kelsesbrenneren<\/strong> er spesialdesignet for \u00e5 lage r\u00f8yk som kaskaderer nedover, og str\u00f8mmer dramatisk nedover t\u00e5rnet med en fantastisk effekt som vil fange kundens oppmerksomhet.<\/span><\/p>\n<p><span style=\"color: rgb(75, 80, 88);\">N\u00e5r du har tent r\u00f8kelseskjeglen, vil den begynne \u00e5 r\u00f8yke. R\u00f8kelsen er tyngre enn luft, og den vil falle dramatisk i virvler og vridninger, gjennom hullet og ned over gjenstanden, for \u00e5 samle seg i bunnen. Det er utrolig \u00e5 se p\u00e5 og veldig avslappende.<\/span><\/p>\n<p><span style=\"color: rgb(75, 80, 88);\">Romantikken blir levende med <strong>In Your Lover&#8217;s Arms Backflow-r\u00f8kelsesbrenneren<\/strong>. Dette m\u00f8belet har en intim omfavnelse av to figurer hvis former smelter s\u00f8ml\u00f8st sammen. Mens r\u00f8kelsen brenner, fremheves omfavnelsen deres av en delikat kaskade av duftende r\u00f8yk, som skaper en romantisk og fengslende atmosf\u00e6re.<\/span><\/p>\n<p><span style=\"color: rgb(75, 80, 88);\"><strong>Merk: For \u00e5 skape r\u00f8ykkaskadeeffekten m\u00e5 du bruke tilbakestr\u00f8mningsr\u00f8kelseskjegler.<\/strong><\/span><\/p>\n","protected":false},"excerpt":{"rendered":"<p>Backflow-r\u00f8kelsesbrenneren er spesialdesignet for \u00e5 lage r\u00f8yk som kaskaderer nedover, og str\u00f8mmer dramatisk nedover t\u00e5rnet med en fantastisk effekt som vil fange kundens oppmerksomhet. N\u00e5r du har tent r\u00f8kelseskjeglen, vil den begynne \u00e5 r\u00f8yke. R\u00f8kelsen er tyngre enn luft, og den vil falle dramatisk i virvler og vridninger, gjennom hullet og ned over gjenstanden, for [&hellip;]<\/p>\n","protected":false},"featured_media":396982,"comment_status":"closed","ping_status":"open","template":"","meta":{"_angie_page":false},"product_brand":[],"product_cat":[8747,8748,8746],"product_tag":[],"class_list":{"0":"post-204990","1":"product","2":"type-product","3":"status-publish","4":"has-post-thumbnail","6":"product_cat-rokelse-og-rokelsesholdere","7":"product_cat-rokelsesholdere-og-rokelsesbrennere","8":"product_cat-rokelsesholdere-for-backflow-rokelse","9":"pa_collection-backflow-incense-burners-no","10":"pa_made-in-kina","12":"first","13":"instock","14":"purchasable","15":"product-type-simple"},"supplier_id":null,"supplier_sku":"BackF-60","barcode":null,"atum_controlled":true,"out_stock_date":null,"out_stock_threshold":null,"inheritable":false,"inbound_stock":null,"stock_on_hold":0,"sold_today":0,"sales_last_days":0,"reserved_stock":null,"customer_returns":null,"warehouse_damage":null,"lost_in_post":null,"other_logs":null,"out_stock_days":0,"lost_sales":0,"has_location":null,"update_date":"2026-05-08T05:04:55","atum_locations":[],"atum_stock_status":"instock","restock_status":false,"low_stock_amount":"","sales_update_date":"2026-02-06T00:02:21","calc_backorders":null,"_links":{"self":[{"href":"https:\/\/aromasentia.com\/no\/wp-json\/wp\/v2\/product\/204990","targetHints":{"allow":["GET"]}}],"collection":[{"href":"https:\/\/aromasentia.com\/no\/wp-json\/wp\/v2\/product"}],"about":[{"href":"https:\/\/aromasentia.com\/no\/wp-json\/wp\/v2\/types\/product"}],"replies":[{"embeddable":true,"href":"https:\/\/aromasentia.com\/no\/wp-json\/wp\/v2\/comments?post=204990"}],"version-history":[{"count":0,"href":"https:\/\/aromasentia.com\/no\/wp-json\/wp\/v2\/product\/204990\/revisions"}],"wp:featuredmedia":[{"embeddable":true,"href":"https:\/\/aromasentia.com\/no\/wp-json\/wp\/v2\/media\/396982"}],"wp:attachment":[{"href":"https:\/\/aromasentia.com\/no\/wp-json\/wp\/v2\/media?parent=204990"}],"wp:term":[{"taxonomy":"product_brand","embeddable":true,"href":"https:\/\/aromasentia.com\/no\/wp-json\/wp\/v2\/product_brand?post=204990"},{"taxonomy":"product_cat","embeddable":true,"href":"https:\/\/aromasentia.com\/no\/wp-json\/wp\/v2\/product_cat?post=204990"},{"taxonomy":"product_tag","embeddable":true,"href":"https:\/\/aromasentia.com\/no\/wp-json\/wp\/v2\/product_tag?post=204990"}],"curies":[{"name":"wp","href":"https:\/\/api.w.org\/{rel}","templated":true}]}}