{"id":204985,"date":"2025-03-23T10:29:38","date_gmt":"2025-03-23T10:29:38","guid":{"rendered":"https:\/\/aromasentia.com\/product\/backflow-incense-burner-dragon-waterfall\/"},"modified":"2025-05-31T01:20:57","modified_gmt":"2025-05-31T01:20:57","slug":"rokelsesbrenner-med-backflow-dragon-waterfall","status":"publish","type":"product","link":"https:\/\/aromasentia.com\/no\/rokelsesbrenner-med-backflow-dragon-waterfall\/","title":{"rendered":"R\u00f8kelsesbrenner med Backflow &#8211; Dragon Waterfall"},"content":{"rendered":"<p><strong><span style=\"color: rgb(75, 80, 88);\">R\u00f8kelsesbrenner med tilbakestr\u00f8mning &#8211; Dragon Waterfall<\/span><\/strong><span style=\"color: rgb(75, 80, 88);\">er spesialdesignet for \u00e5 lage r\u00f8yk som kaskaderer nedover og str\u00f8mmer dramatisk ned i t\u00e5rnet med en fantastisk effekt som vil fange kundens oppmerksomhet. Den er utrolig \u00e5 se p\u00e5 og veldig avslappende. Passer for hjem, kontor, tehus, meditasjon, yogastudio&#8230;<\/span><\/p>\n","protected":false},"excerpt":{"rendered":"<p>R\u00f8kelsesbrenner med tilbakestr\u00f8mning &#8211; Dragon Waterfaller spesialdesignet for \u00e5 lage r\u00f8yk som kaskaderer nedover og str\u00f8mmer dramatisk ned i t\u00e5rnet med en fantastisk effekt som vil fange kundens oppmerksomhet. Den er utrolig \u00e5 se p\u00e5 og veldig avslappende. Passer for hjem, kontor, tehus, meditasjon, yogastudio&#8230;<\/p>\n","protected":false},"featured_media":396913,"comment_status":"closed","ping_status":"open","template":"","meta":[],"product_brand":[],"product_cat":[8747,8748,8746],"product_tag":[],"class_list":{"0":"post-204985","1":"product","2":"type-product","3":"status-publish","4":"has-post-thumbnail","6":"product_cat-rokelse-og-rokelsesholdere","7":"product_cat-rokelsesholdere-og-rokelsesbrennere","8":"product_cat-rokelsesholdere-for-backflow-rokelse","9":"pa_collection-backflow-incense-burners-no","10":"pa_made-in-kina","12":"first","13":"instock","14":"purchasable","15":"product-type-simple"},"supplier_id":null,"supplier_sku":"BackF-33","barcode":null,"atum_controlled":true,"out_stock_date":null,"out_stock_threshold":null,"inheritable":false,"inbound_stock":null,"stock_on_hold":0,"sold_today":0,"sales_last_days":0,"reserved_stock":null,"customer_returns":null,"warehouse_damage":null,"lost_in_post":null,"other_logs":null,"out_stock_days":0,"lost_sales":0,"has_location":null,"update_date":"2026-02-06T00:02:16","atum_locations":[],"atum_stock_status":"instock","restock_status":false,"low_stock_amount":"","sales_update_date":"2026-02-06T00:02:16","calc_backorders":null,"_links":{"self":[{"href":"https:\/\/aromasentia.com\/no\/wp-json\/wp\/v2\/product\/204985","targetHints":{"allow":["GET"]}}],"collection":[{"href":"https:\/\/aromasentia.com\/no\/wp-json\/wp\/v2\/product"}],"about":[{"href":"https:\/\/aromasentia.com\/no\/wp-json\/wp\/v2\/types\/product"}],"replies":[{"embeddable":true,"href":"https:\/\/aromasentia.com\/no\/wp-json\/wp\/v2\/comments?post=204985"}],"version-history":[{"count":0,"href":"https:\/\/aromasentia.com\/no\/wp-json\/wp\/v2\/product\/204985\/revisions"}],"wp:featuredmedia":[{"embeddable":true,"href":"https:\/\/aromasentia.com\/no\/wp-json\/wp\/v2\/media\/396913"}],"wp:attachment":[{"href":"https:\/\/aromasentia.com\/no\/wp-json\/wp\/v2\/media?parent=204985"}],"wp:term":[{"taxonomy":"product_brand","embeddable":true,"href":"https:\/\/aromasentia.com\/no\/wp-json\/wp\/v2\/product_brand?post=204985"},{"taxonomy":"product_cat","embeddable":true,"href":"https:\/\/aromasentia.com\/no\/wp-json\/wp\/v2\/product_cat?post=204985"},{"taxonomy":"product_tag","embeddable":true,"href":"https:\/\/aromasentia.com\/no\/wp-json\/wp\/v2\/product_tag?post=204985"}],"curies":[{"name":"wp","href":"https:\/\/api.w.org\/{rel}","templated":true}]}}