{"id":204971,"date":"2025-03-23T10:29:38","date_gmt":"2025-03-23T10:29:38","guid":{"rendered":"https:\/\/aromasentia.com\/product\/back-flow-incense-burner-split-bamboo-fountain\/"},"modified":"2025-05-31T01:19:58","modified_gmt":"2025-05-31T01:19:58","slug":"rokelsesbrenner-med-backflow-delt-bambusfontene","status":"publish","type":"product","link":"https:\/\/aromasentia.com\/no\/rokelsesbrenner-med-backflow-delt-bambusfontene\/","title":{"rendered":"R\u00f8kelsesbrenner med Backflow &#8211; Delt Bambusfontene"},"content":{"rendered":"<p>Rydd tankene og slapp av med synet av r\u00f8yken som reproduserer jevnt rennende vann som fosser nedover disse vakkert lagde brennerne. <strong>Backflow Incense Burner Split Bamboo Fountain<\/strong> er spesialdesignet for \u00e5 lage r\u00f8yk som fosser nedover. N\u00e5r Backflow Incense Cone er tent og plassert p\u00e5 brennerens utformede sted, vil den lage r\u00f8yk som vil str\u00f8mme nedover t\u00e5rnet med en fantastisk effekt som vil fange alles oppmerksomhet.<\/p>\n<p>Merk: For \u00e5 lage r\u00f8ykkaskadeeffekten m\u00e5 du bruke backflow-r\u00f8kelseskjegler.<\/p>\n","protected":false},"excerpt":{"rendered":"<p>Rydd tankene og slapp av med synet av r\u00f8yken som reproduserer jevnt rennende vann som fosser nedover disse vakkert lagde brennerne. Backflow Incense Burner Split Bamboo Fountain er spesialdesignet for \u00e5 lage r\u00f8yk som fosser nedover. N\u00e5r Backflow Incense Cone er tent og plassert p\u00e5 brennerens utformede sted, vil den lage r\u00f8yk som vil str\u00f8mme [&hellip;]<\/p>\n","protected":false},"featured_media":396571,"comment_status":"closed","ping_status":"open","template":"","meta":{"_angie_page":false},"product_brand":[],"product_cat":[8747,8748,8746],"product_tag":[],"class_list":{"0":"post-204971","1":"product","2":"type-product","3":"status-publish","4":"has-post-thumbnail","6":"product_cat-rokelse-og-rokelsesholdere","7":"product_cat-rokelsesholdere-og-rokelsesbrennere","8":"product_cat-rokelsesholdere-for-backflow-rokelse","9":"pa_collection-backflow-incense-burners-no","10":"pa_made-in-kina","12":"first","13":"instock","14":"purchasable","15":"product-type-simple"},"supplier_id":null,"supplier_sku":"BackF-04","barcode":null,"atum_controlled":true,"out_stock_date":null,"out_stock_threshold":null,"inheritable":false,"inbound_stock":null,"stock_on_hold":0,"sold_today":0,"sales_last_days":0,"reserved_stock":null,"customer_returns":null,"warehouse_damage":null,"lost_in_post":null,"other_logs":null,"out_stock_days":0,"lost_sales":0,"has_location":null,"update_date":"2026-04-27T06:52:59","atum_locations":[],"atum_stock_status":"instock","restock_status":false,"low_stock_amount":"","sales_update_date":"2025-10-09T03:24:54","calc_backorders":null,"_links":{"self":[{"href":"https:\/\/aromasentia.com\/no\/wp-json\/wp\/v2\/product\/204971","targetHints":{"allow":["GET"]}}],"collection":[{"href":"https:\/\/aromasentia.com\/no\/wp-json\/wp\/v2\/product"}],"about":[{"href":"https:\/\/aromasentia.com\/no\/wp-json\/wp\/v2\/types\/product"}],"replies":[{"embeddable":true,"href":"https:\/\/aromasentia.com\/no\/wp-json\/wp\/v2\/comments?post=204971"}],"version-history":[{"count":0,"href":"https:\/\/aromasentia.com\/no\/wp-json\/wp\/v2\/product\/204971\/revisions"}],"wp:featuredmedia":[{"embeddable":true,"href":"https:\/\/aromasentia.com\/no\/wp-json\/wp\/v2\/media\/396571"}],"wp:attachment":[{"href":"https:\/\/aromasentia.com\/no\/wp-json\/wp\/v2\/media?parent=204971"}],"wp:term":[{"taxonomy":"product_brand","embeddable":true,"href":"https:\/\/aromasentia.com\/no\/wp-json\/wp\/v2\/product_brand?post=204971"},{"taxonomy":"product_cat","embeddable":true,"href":"https:\/\/aromasentia.com\/no\/wp-json\/wp\/v2\/product_cat?post=204971"},{"taxonomy":"product_tag","embeddable":true,"href":"https:\/\/aromasentia.com\/no\/wp-json\/wp\/v2\/product_tag?post=204971"}],"curies":[{"name":"wp","href":"https:\/\/api.w.org\/{rel}","templated":true}]}}