{"id":204970,"date":"2025-03-23T10:29:38","date_gmt":"2025-03-23T10:29:38","guid":{"rendered":"https:\/\/aromasentia.com\/product\/back-flow-incense-burner-large-pebbles-into-pool\/"},"modified":"2025-05-31T01:19:54","modified_gmt":"2025-05-31T01:19:54","slug":"rokelsesbrenner-med-backflow-store-smastein-i-basseng","status":"publish","type":"product","link":"https:\/\/aromasentia.com\/no\/rokelsesbrenner-med-backflow-store-smastein-i-basseng\/","title":{"rendered":"R\u00f8kelsesbrenner med Backflow &#8211; Store Sm\u00e5stein I Basseng"},"content":{"rendered":"<p>Rydd tankene og legg det til ro med synet av r\u00f8yken som reproduserer jevnt rennende vann, som fosser nedover disse vakkert lagde brennerne. <strong>Tilbakestr\u00f8mningsr\u00f8kelsesbrenneren \u00abStore sm\u00e5stein i bassenget\u00bb er spesialdesignet for \u00e5 lage r\u00f8yk som fosser nedover. N\u00e5r tilbakestr\u00f8mningsr\u00f8kelseskjeglen er tent og plassert p\u00e5 brennerens utformede sted, vil den lage r\u00f8yk som vil str\u00f8mme nedover t\u00e5rnet med en fantastisk effekt som vil fange alles oppmerksomhet.<\/p>\n<p>Merk: For \u00e5 lage r\u00f8ykkaskadeeffekten m\u00e5 du bruke tilbakestr\u00f8mningsr\u00f8kelseskjegler.<\/p>\n","protected":false},"excerpt":{"rendered":"<p>Rydd tankene og legg det til ro med synet av r\u00f8yken som reproduserer jevnt rennende vann, som fosser nedover disse vakkert lagde brennerne. Tilbakestr\u00f8mningsr\u00f8kelsesbrenneren \u00abStore sm\u00e5stein i bassenget\u00bb er spesialdesignet for \u00e5 lage r\u00f8yk som fosser nedover. N\u00e5r tilbakestr\u00f8mningsr\u00f8kelseskjeglen er tent og plassert p\u00e5 brennerens utformede sted, vil den lage r\u00f8yk som vil str\u00f8mme nedover [&hellip;]<\/p>\n","protected":false},"featured_media":396554,"comment_status":"closed","ping_status":"open","template":"","meta":{"_angie_page":false},"product_brand":[],"product_cat":[8747,8748,8746],"product_tag":[],"class_list":{"0":"post-204970","1":"product","2":"type-product","3":"status-publish","4":"has-post-thumbnail","6":"product_cat-rokelse-og-rokelsesholdere","7":"product_cat-rokelsesholdere-og-rokelsesbrennere","8":"product_cat-rokelsesholdere-for-backflow-rokelse","9":"pa_collection-backflow-incense-burners-no","10":"pa_made-in-kina","12":"first","13":"instock","14":"purchasable","15":"product-type-simple"},"supplier_id":null,"supplier_sku":"BackF-03","barcode":null,"atum_controlled":true,"out_stock_date":null,"out_stock_threshold":null,"inheritable":false,"inbound_stock":null,"stock_on_hold":0,"sold_today":0,"sales_last_days":0,"reserved_stock":null,"customer_returns":null,"warehouse_damage":null,"lost_in_post":null,"other_logs":null,"out_stock_days":0,"lost_sales":0,"has_location":null,"update_date":"2026-05-08T00:06:31","atum_locations":[],"atum_stock_status":"instock","restock_status":false,"low_stock_amount":"","sales_update_date":"2025-10-09T03:24:54","calc_backorders":null,"_links":{"self":[{"href":"https:\/\/aromasentia.com\/no\/wp-json\/wp\/v2\/product\/204970","targetHints":{"allow":["GET"]}}],"collection":[{"href":"https:\/\/aromasentia.com\/no\/wp-json\/wp\/v2\/product"}],"about":[{"href":"https:\/\/aromasentia.com\/no\/wp-json\/wp\/v2\/types\/product"}],"replies":[{"embeddable":true,"href":"https:\/\/aromasentia.com\/no\/wp-json\/wp\/v2\/comments?post=204970"}],"version-history":[{"count":0,"href":"https:\/\/aromasentia.com\/no\/wp-json\/wp\/v2\/product\/204970\/revisions"}],"wp:featuredmedia":[{"embeddable":true,"href":"https:\/\/aromasentia.com\/no\/wp-json\/wp\/v2\/media\/396554"}],"wp:attachment":[{"href":"https:\/\/aromasentia.com\/no\/wp-json\/wp\/v2\/media?parent=204970"}],"wp:term":[{"taxonomy":"product_brand","embeddable":true,"href":"https:\/\/aromasentia.com\/no\/wp-json\/wp\/v2\/product_brand?post=204970"},{"taxonomy":"product_cat","embeddable":true,"href":"https:\/\/aromasentia.com\/no\/wp-json\/wp\/v2\/product_cat?post=204970"},{"taxonomy":"product_tag","embeddable":true,"href":"https:\/\/aromasentia.com\/no\/wp-json\/wp\/v2\/product_tag?post=204970"}],"curies":[{"name":"wp","href":"https:\/\/api.w.org\/{rel}","templated":true}]}}