{"id":204967,"date":"2025-03-23T10:29:38","date_gmt":"2025-03-23T10:29:38","guid":{"rendered":"https:\/\/aromasentia.com\/product\/brass-verdigris-tibetan-turtle-incense-holder-lrg\/"},"modified":"2025-05-31T01:19:43","modified_gmt":"2025-05-31T01:19:43","slug":"tibetansk-rokelsesholder-med-tibetansk-skilpadde-i-messing-lrg","status":"publish","type":"product","link":"https:\/\/aromasentia.com\/no\/tibetansk-rokelsesholder-med-tibetansk-skilpadde-i-messing-lrg\/","title":{"rendered":"Tibetansk R\u00f8kelsesholder med Tibetansk Skilpadde I Messing &#8211; Lrg"},"content":{"rendered":"<p><span style=\"color: rgb(75, 80, 88);\">Denne kobber<strong>tibetanske skilpadder\u00f8kelsesholderen &#8211; stor &nbsp;<\/strong>er h\u00e5ndlaget med hengivenhet i India av det fineste kobberet.<\/span><\/p>\n<p><span style=\"color: rgb(75, 80, 88);\">Disse r\u00f8kelsesholderne er brakt til live av dyktige h\u00e5ndverkere. Den irrfargede finishen, en teknikk for kunstferdig \u00e5 indusere en gr\u00f8nn patina, forvandler hvert stykke til en relikvie av eldgammel skj\u00f8nnhet, og fanger essensen av tidshevde tibetanske tradisjoner i hver intrikate detalj.&nbsp;<\/span><\/p>\n<p><span style=\"color: rgb(75, 80, 88);\">Designet med den moderne spirituelle s\u00f8keren i tankene, <strong>passer kolleksjonen v\u00e5r enhver &nbsp;r\u00f8kelse<\/strong> <strong><\/strong>&ndash; inviterer til en allsidig tiln\u00e6rming for \u00e5 skape en rolig og aromatisk atmosf\u00e6re.<\/span><\/p>\n<p><span style=\"color: rgb(75, 80, 88);\">Pynt butikken din med gjenstander som forteller en historie, innbyr til ro og st\u00e5r som symboler p\u00e5 kunstnerisk og \u00e5ndelig arv.<\/span><\/p>\n","protected":false},"excerpt":{"rendered":"<p>Denne kobbertibetanske skilpadder\u00f8kelsesholderen &#8211; stor &nbsp;er h\u00e5ndlaget med hengivenhet i India av det fineste kobberet. Disse r\u00f8kelsesholderne er brakt til live av dyktige h\u00e5ndverkere. Den irrfargede finishen, en teknikk for kunstferdig \u00e5 indusere en gr\u00f8nn patina, forvandler hvert stykke til en relikvie av eldgammel skj\u00f8nnhet, og fanger essensen av tidshevde tibetanske tradisjoner i hver intrikate [&hellip;]<\/p>\n","protected":false},"featured_media":396487,"comment_status":"closed","ping_status":"open","template":"","meta":{"_angie_page":false},"product_brand":[],"product_cat":[8747,8751,8748],"product_tag":[],"class_list":{"0":"post-204967","1":"product","2":"type-product","3":"status-publish","4":"has-post-thumbnail","6":"product_cat-rokelse-og-rokelsesholdere","7":"product_cat-rokelseholder-for-rokelsekjegler","8":"product_cat-rokelsesholdere-og-rokelsesbrennere","9":"pa_collection-antique-tibetan-incense-holders-no","10":"pa_made-in-india","12":"first","13":"instock","14":"purchasable","15":"product-type-simple"},"supplier_id":null,"supplier_sku":"ATIH-08","barcode":null,"atum_controlled":true,"out_stock_date":null,"out_stock_threshold":null,"inheritable":false,"inbound_stock":null,"stock_on_hold":0,"sold_today":0,"sales_last_days":0,"reserved_stock":null,"customer_returns":null,"warehouse_damage":null,"lost_in_post":null,"other_logs":null,"out_stock_days":0,"lost_sales":0,"has_location":null,"update_date":"2026-04-27T06:51:19","atum_locations":[],"atum_stock_status":"instock","restock_status":false,"low_stock_amount":"","sales_update_date":"2026-01-30T01:26:26","calc_backorders":null,"_links":{"self":[{"href":"https:\/\/aromasentia.com\/no\/wp-json\/wp\/v2\/product\/204967","targetHints":{"allow":["GET"]}}],"collection":[{"href":"https:\/\/aromasentia.com\/no\/wp-json\/wp\/v2\/product"}],"about":[{"href":"https:\/\/aromasentia.com\/no\/wp-json\/wp\/v2\/types\/product"}],"replies":[{"embeddable":true,"href":"https:\/\/aromasentia.com\/no\/wp-json\/wp\/v2\/comments?post=204967"}],"version-history":[{"count":0,"href":"https:\/\/aromasentia.com\/no\/wp-json\/wp\/v2\/product\/204967\/revisions"}],"wp:featuredmedia":[{"embeddable":true,"href":"https:\/\/aromasentia.com\/no\/wp-json\/wp\/v2\/media\/396487"}],"wp:attachment":[{"href":"https:\/\/aromasentia.com\/no\/wp-json\/wp\/v2\/media?parent=204967"}],"wp:term":[{"taxonomy":"product_brand","embeddable":true,"href":"https:\/\/aromasentia.com\/no\/wp-json\/wp\/v2\/product_brand?post=204967"},{"taxonomy":"product_cat","embeddable":true,"href":"https:\/\/aromasentia.com\/no\/wp-json\/wp\/v2\/product_cat?post=204967"},{"taxonomy":"product_tag","embeddable":true,"href":"https:\/\/aromasentia.com\/no\/wp-json\/wp\/v2\/product_tag?post=204967"}],"curies":[{"name":"wp","href":"https:\/\/api.w.org\/{rel}","templated":true}]}}