{"id":204950,"date":"2025-03-23T10:29:45","date_gmt":"2025-03-23T10:29:45","guid":{"rendered":"https:\/\/aromasentia.com\/product\/chakra-charcoal-incense-jar-crown\/"},"modified":"2025-05-31T01:18:46","modified_gmt":"2025-05-31T01:18:46","slug":"chakra-kull-rokelsebrenner-crown","status":"publish","type":"product","link":"https:\/\/aromasentia.com\/no\/chakra-kull-rokelsebrenner-crown\/","title":{"rendered":"Chakra Kull R\u00f8kelsebrenner &#8211; Crown"},"content":{"rendered":"<p>R\u00f8kelseskullr\u00f8kelseskrukke i vakker lilla farge. Dekorert med gylne m\u00f8nstre, h\u00e5ndlaget i India. Denne r\u00f8kelseskrukken kan brukes under ritualer for rensing eller aktivering av kronechakraet.<\/p>\n<p>R\u00f8kelseskrukker kan brukes med  Harpiks og kulltabletter. Bare plasser dem p\u00e5 den avtakbare risten, slik at asken faller ned i beholderen.<\/p>\n<p><em>V\u00c6R FORSIKTIG: R\u00f8kelsesbrennere blir veldig varme, s\u00e5 plasser dem alltid p\u00e5 et varmebestandig underlag og ikke ta p\u00e5 dem n\u00e5r de er i bruk. Holdes borte fra brennbare gjenstander. Etter at kullet er utbrent, la det kj\u00f8le seg ned f\u00f8r du kaster det. <\/em><\/p>\n","protected":false},"excerpt":{"rendered":"<p>R\u00f8kelseskullr\u00f8kelseskrukke i vakker lilla farge. Dekorert med gylne m\u00f8nstre, h\u00e5ndlaget i India. Denne r\u00f8kelseskrukken kan brukes under ritualer for rensing eller aktivering av kronechakraet. R\u00f8kelseskrukker kan brukes med Harpiks og kulltabletter. Bare plasser dem p\u00e5 den avtakbare risten, slik at asken faller ned i beholderen. V\u00c6R FORSIKTIG: R\u00f8kelsesbrennere blir veldig varme, s\u00e5 plasser dem alltid [&hellip;]<\/p>\n","protected":false},"featured_media":398378,"comment_status":"closed","ping_status":"open","template":"","meta":[],"product_brand":[],"product_cat":[8747,8748],"product_tag":[],"class_list":{"0":"post-204950","1":"product","2":"type-product","3":"status-publish","4":"has-post-thumbnail","6":"product_cat-rokelse-og-rokelsesholdere","7":"product_cat-rokelsesholdere-og-rokelsesbrennere","8":"pa_collection-chakra-charcoal-incense-jar-no","9":"pa_made-in-india","11":"first","12":"instock","13":"purchasable","14":"product-type-simple"},"supplier_id":null,"supplier_sku":"BCI-01","barcode":null,"atum_controlled":true,"out_stock_date":null,"out_stock_threshold":null,"inheritable":false,"inbound_stock":null,"stock_on_hold":0,"sold_today":0,"sales_last_days":0,"reserved_stock":null,"customer_returns":null,"warehouse_damage":null,"lost_in_post":null,"other_logs":null,"out_stock_days":0,"lost_sales":0,"has_location":null,"update_date":"2026-02-06T00:02:38","atum_locations":[],"atum_stock_status":"instock","restock_status":false,"low_stock_amount":"","sales_update_date":"2026-02-06T00:02:38","calc_backorders":null,"_links":{"self":[{"href":"https:\/\/aromasentia.com\/no\/wp-json\/wp\/v2\/product\/204950","targetHints":{"allow":["GET"]}}],"collection":[{"href":"https:\/\/aromasentia.com\/no\/wp-json\/wp\/v2\/product"}],"about":[{"href":"https:\/\/aromasentia.com\/no\/wp-json\/wp\/v2\/types\/product"}],"replies":[{"embeddable":true,"href":"https:\/\/aromasentia.com\/no\/wp-json\/wp\/v2\/comments?post=204950"}],"version-history":[{"count":0,"href":"https:\/\/aromasentia.com\/no\/wp-json\/wp\/v2\/product\/204950\/revisions"}],"wp:featuredmedia":[{"embeddable":true,"href":"https:\/\/aromasentia.com\/no\/wp-json\/wp\/v2\/media\/398378"}],"wp:attachment":[{"href":"https:\/\/aromasentia.com\/no\/wp-json\/wp\/v2\/media?parent=204950"}],"wp:term":[{"taxonomy":"product_brand","embeddable":true,"href":"https:\/\/aromasentia.com\/no\/wp-json\/wp\/v2\/product_brand?post=204950"},{"taxonomy":"product_cat","embeddable":true,"href":"https:\/\/aromasentia.com\/no\/wp-json\/wp\/v2\/product_cat?post=204950"},{"taxonomy":"product_tag","embeddable":true,"href":"https:\/\/aromasentia.com\/no\/wp-json\/wp\/v2\/product_tag?post=204950"}],"curies":[{"name":"wp","href":"https:\/\/api.w.org\/{rel}","templated":true}]}}