{"id":204945,"date":"2025-03-23T10:29:45","date_gmt":"2025-03-23T10:29:45","guid":{"rendered":"https:\/\/aromasentia.com\/product\/banjara-tree-resin-white-sage\/"},"modified":"2025-05-31T01:18:29","modified_gmt":"2025-05-31T01:18:29","slug":"banjara-tre-harpiks-resin-hvit-salvie","status":"publish","type":"product","link":"https:\/\/aromasentia.com\/no\/banjara-tre-harpiks-resin-hvit-salvie\/","title":{"rendered":"Banjara Tre Harpiks \/ Resin &#8211; Hvit Salvie"},"content":{"rendered":"<p><span style=\"color: rgb(75, 80, 88);\"><strong>Jeg introduserer den helt nye Banjara&#8217;s Tree Resin Incense<\/strong> \u2013 en sansereise som forvandler ethvert rom til en oase av fengslende dufter og \u00e5ndelig ro.<\/span><\/p>\n<p><span style=\"color: rgb(75, 80, 88);\"><strong>Hvit salvies rensende kraft er fanget i duften.<\/strong> Bruk den til \u00e5 fjerne negativitet og skape en frisk, revitaliserende atmosf\u00e6re i rommet ditt.<\/span> <\/p>\n","protected":false},"excerpt":{"rendered":"<p>Jeg introduserer den helt nye Banjara&#8217;s Tree Resin Incense \u2013 en sansereise som forvandler ethvert rom til en oase av fengslende dufter og \u00e5ndelig ro. Hvit salvies rensende kraft er fanget i duften. Bruk den til \u00e5 fjerne negativitet og skape en frisk, revitaliserende atmosf\u00e6re i rommet ditt.<\/p>\n","protected":false},"featured_media":398253,"comment_status":"closed","ping_status":"open","template":"","meta":{"_angie_page":false},"product_brand":[27108],"product_cat":[8767,8747],"product_tag":[],"class_list":{"0":"post-204945","1":"product","2":"type-product","3":"status-publish","4":"has-post-thumbnail","6":"product_brand-banjara","7":"product_cat-harpiks-og-resinrokelse","8":"product_cat-rokelse-og-rokelsesholdere","9":"pa_collection-banjara-tree-resin-incense-no","10":"pa_made-in-india","12":"first","13":"instock","14":"purchasable","15":"product-type-simple"},"supplier_id":null,"supplier_sku":"BanjTR-06","barcode":null,"atum_controlled":true,"out_stock_date":null,"out_stock_threshold":null,"inheritable":false,"inbound_stock":null,"stock_on_hold":0,"sold_today":0,"sales_last_days":0,"reserved_stock":null,"customer_returns":null,"warehouse_damage":null,"lost_in_post":null,"other_logs":null,"out_stock_days":0,"lost_sales":0,"has_location":null,"update_date":"2026-05-04T00:02:50","atum_locations":[],"atum_stock_status":"instock","restock_status":false,"low_stock_amount":"","sales_update_date":"2025-10-09T03:25:30","calc_backorders":null,"_links":{"self":[{"href":"https:\/\/aromasentia.com\/no\/wp-json\/wp\/v2\/product\/204945","targetHints":{"allow":["GET"]}}],"collection":[{"href":"https:\/\/aromasentia.com\/no\/wp-json\/wp\/v2\/product"}],"about":[{"href":"https:\/\/aromasentia.com\/no\/wp-json\/wp\/v2\/types\/product"}],"replies":[{"embeddable":true,"href":"https:\/\/aromasentia.com\/no\/wp-json\/wp\/v2\/comments?post=204945"}],"version-history":[{"count":0,"href":"https:\/\/aromasentia.com\/no\/wp-json\/wp\/v2\/product\/204945\/revisions"}],"wp:featuredmedia":[{"embeddable":true,"href":"https:\/\/aromasentia.com\/no\/wp-json\/wp\/v2\/media\/398253"}],"wp:attachment":[{"href":"https:\/\/aromasentia.com\/no\/wp-json\/wp\/v2\/media?parent=204945"}],"wp:term":[{"taxonomy":"product_brand","embeddable":true,"href":"https:\/\/aromasentia.com\/no\/wp-json\/wp\/v2\/product_brand?post=204945"},{"taxonomy":"product_cat","embeddable":true,"href":"https:\/\/aromasentia.com\/no\/wp-json\/wp\/v2\/product_cat?post=204945"},{"taxonomy":"product_tag","embeddable":true,"href":"https:\/\/aromasentia.com\/no\/wp-json\/wp\/v2\/product_tag?post=204945"}],"curies":[{"name":"wp","href":"https:\/\/api.w.org\/{rel}","templated":true}]}}