{"id":204942,"date":"2025-03-23T10:29:45","date_gmt":"2025-03-23T10:29:45","guid":{"rendered":"https:\/\/aromasentia.com\/product\/banjara-tree-resin-3-kings\/"},"modified":"2025-05-31T01:18:22","modified_gmt":"2025-05-31T01:18:22","slug":"banjara-tre-harpiks-resin-3-konger","status":"publish","type":"product","link":"https:\/\/aromasentia.com\/no\/banjara-tre-harpiks-resin-3-konger\/","title":{"rendered":"Banjara Tre Harpiks \/ Resin &#8211; 3 Konger"},"content":{"rendered":"<p><span style=\"color: rgb(75, 80, 88);\"><strong>Jeg introduserer den helt nye Banjara&#8217;s Tree Resin Incense<\/strong> \u2013 en sansereise som forvandler ethvert rom til en oase av fengslende dufter og \u00e5ndelig ro.<\/span><\/p>\n<p><span style=\"color: rgb(75, 80, 88);\"><strong>Nyt den majestetiske blandingen av de tre kongene.<\/strong>Denne kongelige duften harmoniserer r\u00f8kelse, myrra og gull, og skaper en overd\u00e5dig og \u00e5ndelig stemningsfull atmosf\u00e6re.<\/span> <\/p>\n","protected":false},"excerpt":{"rendered":"<p>Jeg introduserer den helt nye Banjara&#8217;s Tree Resin Incense \u2013 en sansereise som forvandler ethvert rom til en oase av fengslende dufter og \u00e5ndelig ro. Nyt den majestetiske blandingen av de tre kongene.Denne kongelige duften harmoniserer r\u00f8kelse, myrra og gull, og skaper en overd\u00e5dig og \u00e5ndelig stemningsfull atmosf\u00e6re.<\/p>\n","protected":false},"featured_media":398178,"comment_status":"closed","ping_status":"open","template":"","meta":{"_angie_page":false},"product_brand":[27108],"product_cat":[8767,8747],"product_tag":[],"class_list":{"0":"post-204942","1":"product","2":"type-product","3":"status-publish","4":"has-post-thumbnail","6":"product_brand-banjara","7":"product_cat-harpiks-og-resinrokelse","8":"product_cat-rokelse-og-rokelsesholdere","9":"pa_collection-banjara-tree-resin-incense-no","10":"pa_made-in-india","12":"first","13":"instock","14":"purchasable","15":"product-type-simple"},"supplier_id":null,"supplier_sku":"BanjTR-03","barcode":null,"atum_controlled":true,"out_stock_date":null,"out_stock_threshold":null,"inheritable":false,"inbound_stock":null,"stock_on_hold":0,"sold_today":0,"sales_last_days":0,"reserved_stock":null,"customer_returns":null,"warehouse_damage":null,"lost_in_post":null,"other_logs":null,"out_stock_days":0,"lost_sales":0,"has_location":null,"update_date":"2026-04-27T06:53:47","atum_locations":[],"atum_stock_status":"instock","restock_status":false,"low_stock_amount":"","sales_update_date":"2026-01-30T01:24:53","calc_backorders":null,"_links":{"self":[{"href":"https:\/\/aromasentia.com\/no\/wp-json\/wp\/v2\/product\/204942","targetHints":{"allow":["GET"]}}],"collection":[{"href":"https:\/\/aromasentia.com\/no\/wp-json\/wp\/v2\/product"}],"about":[{"href":"https:\/\/aromasentia.com\/no\/wp-json\/wp\/v2\/types\/product"}],"replies":[{"embeddable":true,"href":"https:\/\/aromasentia.com\/no\/wp-json\/wp\/v2\/comments?post=204942"}],"version-history":[{"count":0,"href":"https:\/\/aromasentia.com\/no\/wp-json\/wp\/v2\/product\/204942\/revisions"}],"wp:featuredmedia":[{"embeddable":true,"href":"https:\/\/aromasentia.com\/no\/wp-json\/wp\/v2\/media\/398178"}],"wp:attachment":[{"href":"https:\/\/aromasentia.com\/no\/wp-json\/wp\/v2\/media?parent=204942"}],"wp:term":[{"taxonomy":"product_brand","embeddable":true,"href":"https:\/\/aromasentia.com\/no\/wp-json\/wp\/v2\/product_brand?post=204942"},{"taxonomy":"product_cat","embeddable":true,"href":"https:\/\/aromasentia.com\/no\/wp-json\/wp\/v2\/product_cat?post=204942"},{"taxonomy":"product_tag","embeddable":true,"href":"https:\/\/aromasentia.com\/no\/wp-json\/wp\/v2\/product_tag?post=204942"}],"curies":[{"name":"wp","href":"https:\/\/api.w.org\/{rel}","templated":true}]}}