{"id":204939,"date":"2025-03-23T10:29:45","date_gmt":"2025-03-23T10:29:45","guid":{"rendered":"https:\/\/aromasentia.com\/product\/banjara-tribal-smudge-incense-mayan-copal\/"},"modified":"2025-05-31T01:18:14","modified_gmt":"2025-05-31T01:18:14","slug":"banjara-tribal-smudge-rokelsespinner-mayan-copal","status":"publish","type":"product","link":"https:\/\/aromasentia.com\/no\/banjara-tribal-smudge-rokelsespinner-mayan-copal\/","title":{"rendered":"Banjara Tribal Smudge R\u00f8kelsespinner &#8211; Mayan Copal"},"content":{"rendered":"<p><span style=\"color: rgb(75, 80, 88);\"><strong>Vi introduserer Banjaras Tribal Smudge r\u00f8kelsespinner<\/strong> \u2013 en fengslende og aromatisk reise som hyller eldgamle tradisjoner og ritualer. Hver eske er en inngangsport til en verden av naturlige dufter, og tilbyr en dyp sensorisk opplevelse.<\/span><\/p>\n<p><span style=\"color: rgb(75, 80, 88);\"><strong>Tribal Smudge r\u00f8kelsespinner kommer i en pent designet pakke utsmykket med intrikate stammeinspirerte kunstverk, som inneholder ca. 10 r\u00f8kelsespinner<\/strong>.<\/span><\/p>\n<p><span style=\"color: rgb(75, 80, 88);\"><strong>Tr\u00e5 inn i den eldgamle verden med Maya Copal.<\/strong>Den harpiksholdige, jordaktige duften b\u00e6rer en hellig energi som renser og utrensker, noe som gj\u00f8r den til et utmerket valg for seremonier og ritualer.<\/span> <\/p>\n","protected":false},"excerpt":{"rendered":"<p>Vi introduserer Banjaras Tribal Smudge r\u00f8kelsespinner \u2013 en fengslende og aromatisk reise som hyller eldgamle tradisjoner og ritualer. Hver eske er en inngangsport til en verden av naturlige dufter, og tilbyr en dyp sensorisk opplevelse. Tribal Smudge r\u00f8kelsespinner kommer i en pent designet pakke utsmykket med intrikate stammeinspirerte kunstverk, som inneholder ca. 10 r\u00f8kelsespinner. Tr\u00e5 [&hellip;]<\/p>\n","protected":false},"featured_media":398103,"comment_status":"closed","ping_status":"open","template":"","meta":{"_angie_page":false},"product_brand":[27108],"product_cat":[8747,8758,25819],"product_tag":[],"class_list":{"0":"post-204939","1":"product","2":"type-product","3":"status-publish","4":"has-post-thumbnail","6":"product_brand-banjara","7":"product_cat-rokelse-og-rokelsesholdere","8":"product_cat-rokelsespinner","9":"product_cat-smudge-sticks","10":"pa_collection-banjara-tribal-smudge-incense-sticks-no","11":"pa_made-in-india","13":"first","14":"instock","15":"purchasable","16":"product-type-simple"},"supplier_id":null,"supplier_sku":"BanjSI-09","barcode":null,"atum_controlled":true,"out_stock_date":null,"out_stock_threshold":null,"inheritable":false,"inbound_stock":null,"stock_on_hold":0,"sold_today":0,"sales_last_days":0,"reserved_stock":null,"customer_returns":null,"warehouse_damage":null,"lost_in_post":null,"other_logs":null,"out_stock_days":0,"lost_sales":0,"has_location":null,"update_date":"2026-05-04T00:02:50","atum_locations":[],"atum_stock_status":"instock","restock_status":false,"low_stock_amount":"","sales_update_date":"2025-10-09T03:25:28","calc_backorders":null,"_links":{"self":[{"href":"https:\/\/aromasentia.com\/no\/wp-json\/wp\/v2\/product\/204939","targetHints":{"allow":["GET"]}}],"collection":[{"href":"https:\/\/aromasentia.com\/no\/wp-json\/wp\/v2\/product"}],"about":[{"href":"https:\/\/aromasentia.com\/no\/wp-json\/wp\/v2\/types\/product"}],"replies":[{"embeddable":true,"href":"https:\/\/aromasentia.com\/no\/wp-json\/wp\/v2\/comments?post=204939"}],"version-history":[{"count":0,"href":"https:\/\/aromasentia.com\/no\/wp-json\/wp\/v2\/product\/204939\/revisions"}],"wp:featuredmedia":[{"embeddable":true,"href":"https:\/\/aromasentia.com\/no\/wp-json\/wp\/v2\/media\/398103"}],"wp:attachment":[{"href":"https:\/\/aromasentia.com\/no\/wp-json\/wp\/v2\/media?parent=204939"}],"wp:term":[{"taxonomy":"product_brand","embeddable":true,"href":"https:\/\/aromasentia.com\/no\/wp-json\/wp\/v2\/product_brand?post=204939"},{"taxonomy":"product_cat","embeddable":true,"href":"https:\/\/aromasentia.com\/no\/wp-json\/wp\/v2\/product_cat?post=204939"},{"taxonomy":"product_tag","embeddable":true,"href":"https:\/\/aromasentia.com\/no\/wp-json\/wp\/v2\/product_tag?post=204939"}],"curies":[{"name":"wp","href":"https:\/\/api.w.org\/{rel}","templated":true}]}}