{"id":204934,"date":"2025-03-23T10:29:45","date_gmt":"2025-03-23T10:29:45","guid":{"rendered":"https:\/\/aromasentia.com\/product\/banjara-tribal-smudge-incense-dragon-blood\/"},"modified":"2025-05-31T01:18:02","modified_gmt":"2025-05-31T01:18:02","slug":"banjara-tribal-smudge-rokelsespinner-dragon-blood","status":"publish","type":"product","link":"https:\/\/aromasentia.com\/no\/banjara-tribal-smudge-rokelsespinner-dragon-blood\/","title":{"rendered":"Banjara Tribal Smudge R\u00f8kelsespinner &#8211; Dragon Blood"},"content":{"rendered":"<p><span style=\"color: rgb(75, 80, 88);\"><strong>Vi introduserer Banjaras Tribal Smudge r\u00f8kelsespinner<\/strong> \u2013 en fengslende og aromatisk reise som hyller eldgamle tradisjoner og ritualer. Hver eske er en inngangsport til en verden av naturlige dufter, og tilbyr en dyp sensorisk opplevelse.<\/span><\/p>\n<p><span style=\"color: rgb(75, 80, 88);\"><strong>Tribal Smudge r\u00f8kelsespinner kommer i en pent designet pakke utsmykket med intrikate stammeinspirerte kunstverk, som inneholder ca. 10 r\u00f8kelsespinner<\/strong>.<\/span><\/p>\n<p><span style=\"color: rgb(75, 80, 88);\"><strong>Neopaganen eller fragons blodr\u00f8kelse brukes til \u00e5 \u00f8ke effekten av magi for beskyttelse, kj\u00e6rlighet, forvisning og seksualitet. I New Age-sjamanisme brukes den i seremonier p\u00e5 en lignende m\u00e5te som neopaganerne bruker den. Drageblodsr\u00f8kelse kalles ogs\u00e5 av og til for \u00abr\u00f8d steinopium\u00bb.<\/p>\n","protected":false},"excerpt":{"rendered":"<p>Vi introduserer Banjaras Tribal Smudge r\u00f8kelsespinner \u2013 en fengslende og aromatisk reise som hyller eldgamle tradisjoner og ritualer. Hver eske er en inngangsport til en verden av naturlige dufter, og tilbyr en dyp sensorisk opplevelse. Tribal Smudge r\u00f8kelsespinner kommer i en pent designet pakke utsmykket med intrikate stammeinspirerte kunstverk, som inneholder ca. 10 r\u00f8kelsespinner. Neopaganen [&hellip;]<\/p>\n","protected":false},"featured_media":397978,"comment_status":"closed","ping_status":"open","template":"","meta":[],"product_brand":[27108],"product_cat":[8747,8758,25819],"product_tag":[],"class_list":{"0":"post-204934","1":"product","2":"type-product","3":"status-publish","4":"has-post-thumbnail","6":"product_brand-banjara","7":"product_cat-rokelse-og-rokelsesholdere","8":"product_cat-rokelsespinner","9":"product_cat-smudge-sticks","10":"pa_collection-banjara-tribal-smudge-incense-sticks-no","11":"pa_made-in-india","13":"first","14":"instock","15":"purchasable","16":"product-type-simple"},"supplier_id":null,"supplier_sku":"BanjSI-04","barcode":null,"atum_controlled":true,"out_stock_date":null,"out_stock_threshold":null,"inheritable":false,"inbound_stock":null,"stock_on_hold":0,"sold_today":0,"sales_last_days":0,"reserved_stock":null,"customer_returns":null,"warehouse_damage":null,"lost_in_post":null,"other_logs":null,"out_stock_days":0,"lost_sales":0,"has_location":null,"update_date":"2026-02-11T18:08:05","atum_locations":[],"atum_stock_status":"instock","restock_status":false,"low_stock_amount":"","sales_update_date":"2025-10-09T03:25:27","calc_backorders":null,"_links":{"self":[{"href":"https:\/\/aromasentia.com\/no\/wp-json\/wp\/v2\/product\/204934","targetHints":{"allow":["GET"]}}],"collection":[{"href":"https:\/\/aromasentia.com\/no\/wp-json\/wp\/v2\/product"}],"about":[{"href":"https:\/\/aromasentia.com\/no\/wp-json\/wp\/v2\/types\/product"}],"replies":[{"embeddable":true,"href":"https:\/\/aromasentia.com\/no\/wp-json\/wp\/v2\/comments?post=204934"}],"version-history":[{"count":0,"href":"https:\/\/aromasentia.com\/no\/wp-json\/wp\/v2\/product\/204934\/revisions"}],"wp:featuredmedia":[{"embeddable":true,"href":"https:\/\/aromasentia.com\/no\/wp-json\/wp\/v2\/media\/397978"}],"wp:attachment":[{"href":"https:\/\/aromasentia.com\/no\/wp-json\/wp\/v2\/media?parent=204934"}],"wp:term":[{"taxonomy":"product_brand","embeddable":true,"href":"https:\/\/aromasentia.com\/no\/wp-json\/wp\/v2\/product_brand?post=204934"},{"taxonomy":"product_cat","embeddable":true,"href":"https:\/\/aromasentia.com\/no\/wp-json\/wp\/v2\/product_cat?post=204934"},{"taxonomy":"product_tag","embeddable":true,"href":"https:\/\/aromasentia.com\/no\/wp-json\/wp\/v2\/product_tag?post=204934"}],"curies":[{"name":"wp","href":"https:\/\/api.w.org\/{rel}","templated":true}]}}