{"id":204922,"date":"2025-03-23T10:29:45","date_gmt":"2025-03-23T10:29:45","guid":{"rendered":"https:\/\/aromasentia.com\/product\/banjara-smudge-beads-patchouli\/"},"modified":"2025-05-31T01:17:24","modified_gmt":"2025-05-31T01:17:24","slug":"banjara-smudge-beads-bombs-patchouli","status":"publish","type":"product","link":"https:\/\/aromasentia.com\/no\/banjara-smudge-beads-bombs-patchouli\/","title":{"rendered":"Banjara Smudge Beads \/ Bombs &#8211; Patchouli"},"content":{"rendered":"<p><span style=\"color: rgb(75, 80, 88);\"><strong>Banjara Smudge Beads Patchouli (Overflod, Enhet, Sensualitet) er laget i India med komprimerte aromatiske urter, harpikser og essensielle oljer. Disse <strong>milj\u00f8vennlige<\/strong> smudge-perlene tilbyr en <strong>naturlig m\u00e5te \u00e5 rense og rense rom<\/strong> p\u00e5. Ideell for<strong>spirituelle ritualer<\/strong>,<strong>meditasjon<\/strong>, eller rett og slett for \u00e5 <strong>skape en fredelig og velduftende atmosf\u00e6re.<\/strong><\/span><\/p>\n<p><span style=\"color: rgb(75, 80, 88);\">Hver <strong>eske inneholder 5 smudgeperler<\/strong> og en <strong>liten smudgeperleholder<\/strong>.<\/span><\/p>\n<p><span style=\"color: rgb(141, 186, 216);\"><strong>Legg til disse premium smudgeperlene i butikken din og m\u00f8t den \u00f8kende ettersp\u00f8rselen etter naturlige, spirituelle produkter.<\/strong><\/span><\/p>\n","protected":false},"excerpt":{"rendered":"<p>Banjara Smudge Beads Patchouli (Overflod, Enhet, Sensualitet) er laget i India med komprimerte aromatiske urter, harpikser og essensielle oljer. Disse milj\u00f8vennlige smudge-perlene tilbyr en naturlig m\u00e5te \u00e5 rense og rense rom p\u00e5. Ideell forspirituelle ritualer,meditasjon, eller rett og slett for \u00e5 skape en fredelig og velduftende atmosf\u00e6re. Hver eske inneholder 5 smudgeperler og en liten [&hellip;]<\/p>\n","protected":false},"featured_media":397678,"comment_status":"closed","ping_status":"open","template":"","meta":{"_angie_page":false},"product_brand":[27108],"product_cat":[25843,26827,26335,8747,25819],"product_tag":[],"class_list":{"0":"post-204922","1":"product","2":"type-product","3":"status-publish","4":"has-post-thumbnail","6":"product_brand-banjara","7":"product_cat-dufter-aromaer","8":"product_cat-jordlig-gronn","9":"product_cat-patchouli","10":"product_cat-rokelse-og-rokelsesholdere","11":"product_cat-smudge-sticks","12":"pa_collection-banjara-smudge-beads-no","13":"pa_made-in-india","15":"first","16":"instock","17":"purchasable","18":"product-type-simple"},"supplier_id":null,"supplier_sku":"BanjSB-04","barcode":null,"atum_controlled":true,"out_stock_date":null,"out_stock_threshold":null,"inheritable":false,"inbound_stock":null,"stock_on_hold":0,"sold_today":0,"sales_last_days":0,"reserved_stock":null,"customer_returns":null,"warehouse_damage":null,"lost_in_post":null,"other_logs":null,"out_stock_days":0,"lost_sales":0,"has_location":null,"update_date":"2026-04-27T06:53:44","atum_locations":[],"atum_stock_status":"instock","restock_status":false,"low_stock_amount":"","sales_update_date":"2025-10-09T03:25:26","calc_backorders":null,"_links":{"self":[{"href":"https:\/\/aromasentia.com\/no\/wp-json\/wp\/v2\/product\/204922","targetHints":{"allow":["GET"]}}],"collection":[{"href":"https:\/\/aromasentia.com\/no\/wp-json\/wp\/v2\/product"}],"about":[{"href":"https:\/\/aromasentia.com\/no\/wp-json\/wp\/v2\/types\/product"}],"replies":[{"embeddable":true,"href":"https:\/\/aromasentia.com\/no\/wp-json\/wp\/v2\/comments?post=204922"}],"version-history":[{"count":0,"href":"https:\/\/aromasentia.com\/no\/wp-json\/wp\/v2\/product\/204922\/revisions"}],"wp:featuredmedia":[{"embeddable":true,"href":"https:\/\/aromasentia.com\/no\/wp-json\/wp\/v2\/media\/397678"}],"wp:attachment":[{"href":"https:\/\/aromasentia.com\/no\/wp-json\/wp\/v2\/media?parent=204922"}],"wp:term":[{"taxonomy":"product_brand","embeddable":true,"href":"https:\/\/aromasentia.com\/no\/wp-json\/wp\/v2\/product_brand?post=204922"},{"taxonomy":"product_cat","embeddable":true,"href":"https:\/\/aromasentia.com\/no\/wp-json\/wp\/v2\/product_cat?post=204922"},{"taxonomy":"product_tag","embeddable":true,"href":"https:\/\/aromasentia.com\/no\/wp-json\/wp\/v2\/product_tag?post=204922"}],"curies":[{"name":"wp","href":"https:\/\/api.w.org\/{rel}","templated":true}]}}