{"id":204917,"date":"2025-03-23T10:29:45","date_gmt":"2025-03-23T10:29:45","guid":{"rendered":"https:\/\/aromasentia.com\/product\/gypsy-nomadic-incense-moon\/"},"modified":"2025-05-31T01:17:13","modified_gmt":"2025-05-31T01:17:13","slug":"gypsy-nomadic-rokelse-hvit-salvie-moon","status":"publish","type":"product","link":"https:\/\/aromasentia.com\/no\/gypsy-nomadic-rokelse-hvit-salvie-moon\/","title":{"rendered":"Gypsy Nomadic R\u00f8kelse &#8211; Hvit Salvie &#8211; Moon"},"content":{"rendered":"<p>Innby til ro og intuisjon med den milde duften av m\u00e5nen fra denne Gypsy Nomadic Incense. Denne r\u00f8kelsespinnen er h\u00e5ndlaget med naturlige ingredienser og avgir en beroligende og lindrende duft som er ideell for avslapning og meditasjon om kvelden.<\/p>\n","protected":false},"excerpt":{"rendered":"<p>Innby til ro og intuisjon med den milde duften av m\u00e5nen fra denne Gypsy Nomadic Incense. Denne r\u00f8kelsespinnen er h\u00e5ndlaget med naturlige ingredienser og avgir en beroligende og lindrende duft som er ideell for avslapning og meditasjon om kvelden.<\/p>\n","protected":false},"featured_media":397529,"comment_status":"closed","ping_status":"open","template":"","meta":{"_angie_page":false},"product_brand":[27108],"product_cat":[8747,8758],"product_tag":[],"class_list":{"0":"post-204917","1":"product","2":"type-product","3":"status-publish","4":"has-post-thumbnail","6":"product_brand-banjara","7":"product_cat-rokelse-og-rokelsesholdere","8":"product_cat-rokelsespinner","9":"pa_collection-gypsy-nomadic-incense-no","10":"pa_made-in-india","12":"first","13":"instock","14":"purchasable","15":"product-type-simple"},"supplier_id":null,"supplier_sku":"BanjN-02","barcode":null,"atum_controlled":true,"out_stock_date":null,"out_stock_threshold":null,"inheritable":false,"inbound_stock":null,"stock_on_hold":0,"sold_today":0,"sales_last_days":0,"reserved_stock":null,"customer_returns":null,"warehouse_damage":null,"lost_in_post":null,"other_logs":null,"out_stock_days":15,"lost_sales":0,"has_location":null,"update_date":"2026-04-27T06:53:44","atum_locations":[],"atum_stock_status":"instock","restock_status":false,"low_stock_amount":"","sales_update_date":"2026-02-06T00:01:32","calc_backorders":null,"_links":{"self":[{"href":"https:\/\/aromasentia.com\/no\/wp-json\/wp\/v2\/product\/204917","targetHints":{"allow":["GET"]}}],"collection":[{"href":"https:\/\/aromasentia.com\/no\/wp-json\/wp\/v2\/product"}],"about":[{"href":"https:\/\/aromasentia.com\/no\/wp-json\/wp\/v2\/types\/product"}],"replies":[{"embeddable":true,"href":"https:\/\/aromasentia.com\/no\/wp-json\/wp\/v2\/comments?post=204917"}],"version-history":[{"count":0,"href":"https:\/\/aromasentia.com\/no\/wp-json\/wp\/v2\/product\/204917\/revisions"}],"wp:featuredmedia":[{"embeddable":true,"href":"https:\/\/aromasentia.com\/no\/wp-json\/wp\/v2\/media\/397529"}],"wp:attachment":[{"href":"https:\/\/aromasentia.com\/no\/wp-json\/wp\/v2\/media?parent=204917"}],"wp:term":[{"taxonomy":"product_brand","embeddable":true,"href":"https:\/\/aromasentia.com\/no\/wp-json\/wp\/v2\/product_brand?post=204917"},{"taxonomy":"product_cat","embeddable":true,"href":"https:\/\/aromasentia.com\/no\/wp-json\/wp\/v2\/product_cat?post=204917"},{"taxonomy":"product_tag","embeddable":true,"href":"https:\/\/aromasentia.com\/no\/wp-json\/wp\/v2\/product_tag?post=204917"}],"curies":[{"name":"wp","href":"https:\/\/api.w.org\/{rel}","templated":true}]}}