{"id":204915,"date":"2025-03-23T10:29:45","date_gmt":"2025-03-23T10:29:45","guid":{"rendered":"https:\/\/aromasentia.com\/product\/banjara-resin-cups-3-kings\/"},"modified":"2025-05-31T01:17:08","modified_gmt":"2025-05-31T01:17:08","slug":"banjara-kopper-i-harpiks-3-konger","status":"publish","type":"product","link":"https:\/\/aromasentia.com\/no\/banjara-kopper-i-harpiks-3-konger\/","title":{"rendered":"Banjara Kopper I Harpiks &#8211; 3 Konger"},"content":{"rendered":"<p><span style=\"color: rgb(75, 80, 88);\"><strong>Vi introduserer Banjaras harpikskopper, et fascinerende tillegg til produktportef\u00f8ljen din, laget med kj\u00e6rlighet i hjertet av India.<\/strong><\/span><\/p>\n<p><span style=\"color: rgb(75, 80, 88);\">Disse uts\u00f8kte harpikskoppene er <strong>pakket i esker utsmykket med fengslende stammedesign.<\/strong><\/span><\/p>\n<p><span style=\"color: rgb(75, 80, 88);\"><strong>I hver enhet finner du seks harpikskopper,<\/strong> som hver er designet for \u00e5 gi en konsistent og varig aromatisk opplevelse. Ved siden av disse velduftende edelstenene har vi inkludert en metallplate og en delikat steinplate, noe som gir et snev av autentisitet til hele pakken.<\/strong><\/span><\/p>\n<p><span style=\"color: rgb(75, 80, 88);\"><strong>3 Kings er en harmonisk blanding av tre kjente harpikser: r\u00f8kelse, myrra og kopal. Denne kombinasjonen skaper en kompleks og hellig aroma som balanserer egenskapene til hver harpiks.<\/strong> 3 Kings brukes ofte til renselse, velsignelser og \u00e5ndelige seremonier, og tilbyr en mangesidig og \u00e5ndelig berikende opplevelse.<\/span> <\/p>\n","protected":false},"excerpt":{"rendered":"<p>Vi introduserer Banjaras harpikskopper, et fascinerende tillegg til produktportef\u00f8ljen din, laget med kj\u00e6rlighet i hjertet av India. Disse uts\u00f8kte harpikskoppene er pakket i esker utsmykket med fengslende stammedesign. I hver enhet finner du seks harpikskopper, som hver er designet for \u00e5 gi en konsistent og varig aromatisk opplevelse. Ved siden av disse velduftende edelstenene har [&hellip;]<\/p>\n","protected":false},"featured_media":397471,"comment_status":"closed","ping_status":"open","template":"","meta":{"_angie_page":false},"product_brand":[27108],"product_cat":[8767,8747],"product_tag":[],"class_list":{"0":"post-204915","1":"product","2":"type-product","3":"status-publish","4":"has-post-thumbnail","6":"product_brand-banjara","7":"product_cat-harpiks-og-resinrokelse","8":"product_cat-rokelse-og-rokelsesholdere","9":"pa_collection-banjara-resin-cups-no","10":"pa_made-in-india","12":"first","13":"instock","14":"purchasable","15":"product-type-simple"},"supplier_id":null,"supplier_sku":"BanjCup-06","barcode":null,"atum_controlled":true,"out_stock_date":null,"out_stock_threshold":null,"inheritable":false,"inbound_stock":null,"stock_on_hold":0,"sold_today":0,"sales_last_days":0,"reserved_stock":null,"customer_returns":null,"warehouse_damage":null,"lost_in_post":null,"other_logs":null,"out_stock_days":0,"lost_sales":0,"has_location":null,"update_date":"2026-04-27T06:53:37","atum_locations":[],"atum_stock_status":"instock","restock_status":false,"low_stock_amount":"","sales_update_date":"2025-10-09T03:25:22","calc_backorders":null,"_links":{"self":[{"href":"https:\/\/aromasentia.com\/no\/wp-json\/wp\/v2\/product\/204915","targetHints":{"allow":["GET"]}}],"collection":[{"href":"https:\/\/aromasentia.com\/no\/wp-json\/wp\/v2\/product"}],"about":[{"href":"https:\/\/aromasentia.com\/no\/wp-json\/wp\/v2\/types\/product"}],"replies":[{"embeddable":true,"href":"https:\/\/aromasentia.com\/no\/wp-json\/wp\/v2\/comments?post=204915"}],"version-history":[{"count":0,"href":"https:\/\/aromasentia.com\/no\/wp-json\/wp\/v2\/product\/204915\/revisions"}],"wp:featuredmedia":[{"embeddable":true,"href":"https:\/\/aromasentia.com\/no\/wp-json\/wp\/v2\/media\/397471"}],"wp:attachment":[{"href":"https:\/\/aromasentia.com\/no\/wp-json\/wp\/v2\/media?parent=204915"}],"wp:term":[{"taxonomy":"product_brand","embeddable":true,"href":"https:\/\/aromasentia.com\/no\/wp-json\/wp\/v2\/product_brand?post=204915"},{"taxonomy":"product_cat","embeddable":true,"href":"https:\/\/aromasentia.com\/no\/wp-json\/wp\/v2\/product_cat?post=204915"},{"taxonomy":"product_tag","embeddable":true,"href":"https:\/\/aromasentia.com\/no\/wp-json\/wp\/v2\/product_tag?post=204915"}],"curies":[{"name":"wp","href":"https:\/\/api.w.org\/{rel}","templated":true}]}}