{"id":204911,"date":"2025-03-23T10:29:45","date_gmt":"2025-03-23T10:29:45","guid":{"rendered":"https:\/\/aromasentia.com\/product\/banjara-resin-cups-palo-santo\/"},"modified":"2025-05-31T01:16:57","modified_gmt":"2025-05-31T01:16:57","slug":"banjara-harpiks-kopper-palo-santo","status":"publish","type":"product","link":"https:\/\/aromasentia.com\/no\/banjara-harpiks-kopper-palo-santo\/","title":{"rendered":"Banjara Harpiks Kopper &#8211; Palo Santo"},"content":{"rendered":"<p><span style=\"color: rgb(75, 80, 88);\"><strong>Vi introduserer Banjaras harpikskopper, et fascinerende tillegg til produktportef\u00f8ljen din, laget med kj\u00e6rlighet i hjertet av India.<\/strong><\/span><\/p>\n<p><span style=\"color: rgb(75, 80, 88);\">Disse uts\u00f8kte harpikskoppene er <strong>pakket i esker utsmykket med fengslende stammedesign.<\/strong><\/span><\/p>\n<p><span style=\"color: rgb(75, 80, 88);\"><strong>I hver enhet finner du seks harpikskopper,<\/strong> som hver er designet for \u00e5 gi en konsistent og varig aromatisk opplevelse. Ved siden av disse velduftende perlene har vi inkludert en metallplate og en delikat steinplate, noe som gir et snev av autentisitet til hele pakken.<\/strong><\/span><\/p>\n<p><span style=\"color: rgb(75, 80, 88);\"><strong>Palo Santo, ogs\u00e5 kjent som \u00abHellig tre\u00bb, avgir en s\u00f8t og treaktig aroma med subtile hint av sitrus. Palo Santo er \u00e6ret for sine rensende egenskaper, og brukes ofte til \u00e5 rense negative energier, heve hum\u00f8ret og forbedre meditasjons\u00f8kter. Duften skaper en rolig og oppl\u00f8ftende atmosf\u00e6re.<\/span> <\/p>\n","protected":false},"excerpt":{"rendered":"<p>Vi introduserer Banjaras harpikskopper, et fascinerende tillegg til produktportef\u00f8ljen din, laget med kj\u00e6rlighet i hjertet av India. Disse uts\u00f8kte harpikskoppene er pakket i esker utsmykket med fengslende stammedesign. I hver enhet finner du seks harpikskopper, som hver er designet for \u00e5 gi en konsistent og varig aromatisk opplevelse. Ved siden av disse velduftende perlene har [&hellip;]<\/p>\n","protected":false},"featured_media":397411,"comment_status":"closed","ping_status":"open","template":"","meta":{"_angie_page":false},"product_brand":[27108],"product_cat":[25843,8767,26325,8747,26897],"product_tag":[],"class_list":{"0":"post-204911","1":"product","2":"type-product","3":"status-publish","4":"has-post-thumbnail","6":"product_brand-banjara","7":"product_cat-dufter-aromaer","8":"product_cat-harpiks-og-resinrokelse","9":"product_cat-palo-santo-scents-aromas","10":"product_cat-rokelse-og-rokelsesholdere","11":"product_cat-treaktig","12":"pa_collection-banjara-resin-cups-no","13":"pa_made-in-india","15":"first","16":"instock","17":"purchasable","18":"product-type-simple"},"supplier_id":null,"supplier_sku":"BanjCup-02","barcode":null,"atum_controlled":true,"out_stock_date":null,"out_stock_threshold":null,"inheritable":false,"inbound_stock":null,"stock_on_hold":0,"sold_today":0,"sales_last_days":0,"reserved_stock":null,"customer_returns":null,"warehouse_damage":null,"lost_in_post":null,"other_logs":null,"out_stock_days":0,"lost_sales":0,"has_location":null,"update_date":"2026-05-04T00:02:50","atum_locations":[],"atum_stock_status":"instock","restock_status":false,"low_stock_amount":"","sales_update_date":"2025-10-09T03:25:19","calc_backorders":null,"_links":{"self":[{"href":"https:\/\/aromasentia.com\/no\/wp-json\/wp\/v2\/product\/204911","targetHints":{"allow":["GET"]}}],"collection":[{"href":"https:\/\/aromasentia.com\/no\/wp-json\/wp\/v2\/product"}],"about":[{"href":"https:\/\/aromasentia.com\/no\/wp-json\/wp\/v2\/types\/product"}],"replies":[{"embeddable":true,"href":"https:\/\/aromasentia.com\/no\/wp-json\/wp\/v2\/comments?post=204911"}],"version-history":[{"count":0,"href":"https:\/\/aromasentia.com\/no\/wp-json\/wp\/v2\/product\/204911\/revisions"}],"wp:featuredmedia":[{"embeddable":true,"href":"https:\/\/aromasentia.com\/no\/wp-json\/wp\/v2\/media\/397411"}],"wp:attachment":[{"href":"https:\/\/aromasentia.com\/no\/wp-json\/wp\/v2\/media?parent=204911"}],"wp:term":[{"taxonomy":"product_brand","embeddable":true,"href":"https:\/\/aromasentia.com\/no\/wp-json\/wp\/v2\/product_brand?post=204911"},{"taxonomy":"product_cat","embeddable":true,"href":"https:\/\/aromasentia.com\/no\/wp-json\/wp\/v2\/product_cat?post=204911"},{"taxonomy":"product_tag","embeddable":true,"href":"https:\/\/aromasentia.com\/no\/wp-json\/wp\/v2\/product_tag?post=204911"}],"curies":[{"name":"wp","href":"https:\/\/api.w.org\/{rel}","templated":true}]}}