{"id":204909,"date":"2025-03-23T10:29:45","date_gmt":"2025-03-23T10:29:45","guid":{"rendered":"https:\/\/aromasentia.com\/product\/banjara-buddha-bliss\/"},"modified":"2025-05-31T01:16:52","modified_gmt":"2025-05-31T01:16:52","slug":"banjara-buddha-rokelsepinner-bliss","status":"publish","type":"product","link":"https:\/\/aromasentia.com\/no\/banjara-buddha-rokelsepinner-bliss\/","title":{"rendered":"Banjara Buddha R\u00f8kelsepinner &#8211; Bliss"},"content":{"rendered":"<p>Opplev gleden og tilfredsheten med denne vakkert detaljerte Banjara Buddha-figuren. Denne figuren er h\u00e5ndlaget av Banjara-folket og utstr\u00e5ler lykke og ro. Plasser den i rommet ditt for \u00e5 inspirere til glede og velv\u00e6re.<\/p>\n","protected":false},"excerpt":{"rendered":"<p>Opplev gleden og tilfredsheten med denne vakkert detaljerte Banjara Buddha-figuren. Denne figuren er h\u00e5ndlaget av Banjara-folket og utstr\u00e5ler lykke og ro. Plasser den i rommet ditt for \u00e5 inspirere til glede og velv\u00e6re.<\/p>\n","protected":false},"featured_media":397369,"comment_status":"closed","ping_status":"open","template":"","meta":{"_angie_page":false},"product_brand":[27108],"product_cat":[8747,8758],"product_tag":[],"class_list":{"0":"post-204909","1":"product","2":"type-product","3":"status-publish","4":"has-post-thumbnail","6":"product_brand-banjara","7":"product_cat-rokelse-og-rokelsesholdere","8":"product_cat-rokelsespinner","9":"pa_collection-banjara-buddha-incense-no","10":"pa_made-in-india","12":"first","13":"instock","14":"purchasable","15":"product-type-simple"},"supplier_id":null,"supplier_sku":"BanBud-06","barcode":null,"atum_controlled":true,"out_stock_date":null,"out_stock_threshold":null,"inheritable":false,"inbound_stock":null,"stock_on_hold":0,"sold_today":0,"sales_last_days":0,"reserved_stock":null,"customer_returns":null,"warehouse_damage":null,"lost_in_post":null,"other_logs":null,"out_stock_days":0,"lost_sales":0,"has_location":null,"update_date":"2026-04-27T06:53:37","atum_locations":[],"atum_stock_status":"instock","restock_status":false,"low_stock_amount":"","sales_update_date":"2025-10-09T03:25:18","calc_backorders":null,"_links":{"self":[{"href":"https:\/\/aromasentia.com\/no\/wp-json\/wp\/v2\/product\/204909","targetHints":{"allow":["GET"]}}],"collection":[{"href":"https:\/\/aromasentia.com\/no\/wp-json\/wp\/v2\/product"}],"about":[{"href":"https:\/\/aromasentia.com\/no\/wp-json\/wp\/v2\/types\/product"}],"replies":[{"embeddable":true,"href":"https:\/\/aromasentia.com\/no\/wp-json\/wp\/v2\/comments?post=204909"}],"version-history":[{"count":0,"href":"https:\/\/aromasentia.com\/no\/wp-json\/wp\/v2\/product\/204909\/revisions"}],"wp:featuredmedia":[{"embeddable":true,"href":"https:\/\/aromasentia.com\/no\/wp-json\/wp\/v2\/media\/397369"}],"wp:attachment":[{"href":"https:\/\/aromasentia.com\/no\/wp-json\/wp\/v2\/media?parent=204909"}],"wp:term":[{"taxonomy":"product_brand","embeddable":true,"href":"https:\/\/aromasentia.com\/no\/wp-json\/wp\/v2\/product_brand?post=204909"},{"taxonomy":"product_cat","embeddable":true,"href":"https:\/\/aromasentia.com\/no\/wp-json\/wp\/v2\/product_cat?post=204909"},{"taxonomy":"product_tag","embeddable":true,"href":"https:\/\/aromasentia.com\/no\/wp-json\/wp\/v2\/product_tag?post=204909"}],"curies":[{"name":"wp","href":"https:\/\/api.w.org\/{rel}","templated":true}]}}