{"id":204904,"date":"2025-03-23T10:29:53","date_gmt":"2025-03-23T10:29:53","guid":{"rendered":"https:\/\/aromasentia.com\/product\/bulk-incense-amber\/"},"modified":"2025-05-31T01:16:35","modified_gmt":"2025-05-31T01:16:35","slug":"bulk-rokelse-amber","status":"publish","type":"product","link":"https:\/\/aromasentia.com\/no\/bulk-rokelse-amber\/","title":{"rendered":"Bulk R\u00f8kelse &#8211; Amber"},"content":{"rendered":"<p>Rav, ogs\u00e5 kjent som gudenes nektar, er herlig aromatisk og beruser sansene med sin vidunderlige rike duft. P\u00e5 grunn av sin guddommelige duft har det blitt ansett som et hellig tempelpulver. Rav brukes ofte til meditasjon, helbredelse, rensing, emosjonell og \u00e5ndelig balansering.<\/p>\n<p>Hver pakke med ravr\u00f8kelse i bulk inneholder 500 g, omtrent 450 pinner som er 25 cm lange.<\/p>\n","protected":false},"excerpt":{"rendered":"<p>Rav, ogs\u00e5 kjent som gudenes nektar, er herlig aromatisk og beruser sansene med sin vidunderlige rike duft. P\u00e5 grunn av sin guddommelige duft har det blitt ansett som et hellig tempelpulver. Rav brukes ofte til meditasjon, helbredelse, rensing, emosjonell og \u00e5ndelig balansering. Hver pakke med ravr\u00f8kelse i bulk inneholder 500 g, omtrent 450 pinner som [&hellip;]<\/p>\n","protected":false},"featured_media":399600,"comment_status":"closed","ping_status":"open","template":"","meta":{"_angie_page":false},"product_brand":[],"product_cat":[8747,8758],"product_tag":[],"class_list":{"0":"post-204904","1":"product","2":"type-product","3":"status-publish","4":"has-post-thumbnail","6":"product_cat-rokelse-og-rokelsesholdere","7":"product_cat-rokelsespinner","8":"pa_collection-indian-bulk-incense-approx-450-sticks-no","9":"pa_made-in-india","11":"first","12":"instock","13":"purchasable","14":"product-type-simple"},"supplier_id":null,"supplier_sku":"BincS-01","barcode":null,"atum_controlled":true,"out_stock_date":null,"out_stock_threshold":null,"inheritable":false,"inbound_stock":null,"stock_on_hold":0,"sold_today":0,"sales_last_days":0,"reserved_stock":null,"customer_returns":null,"warehouse_damage":null,"lost_in_post":null,"other_logs":null,"out_stock_days":0,"lost_sales":0,"has_location":null,"update_date":"2026-04-27T06:55:00","atum_locations":[],"atum_stock_status":"instock","restock_status":false,"low_stock_amount":"","sales_update_date":"2025-10-09T03:26:28","calc_backorders":null,"_links":{"self":[{"href":"https:\/\/aromasentia.com\/no\/wp-json\/wp\/v2\/product\/204904","targetHints":{"allow":["GET"]}}],"collection":[{"href":"https:\/\/aromasentia.com\/no\/wp-json\/wp\/v2\/product"}],"about":[{"href":"https:\/\/aromasentia.com\/no\/wp-json\/wp\/v2\/types\/product"}],"replies":[{"embeddable":true,"href":"https:\/\/aromasentia.com\/no\/wp-json\/wp\/v2\/comments?post=204904"}],"version-history":[{"count":0,"href":"https:\/\/aromasentia.com\/no\/wp-json\/wp\/v2\/product\/204904\/revisions"}],"wp:featuredmedia":[{"embeddable":true,"href":"https:\/\/aromasentia.com\/no\/wp-json\/wp\/v2\/media\/399600"}],"wp:attachment":[{"href":"https:\/\/aromasentia.com\/no\/wp-json\/wp\/v2\/media?parent=204904"}],"wp:term":[{"taxonomy":"product_brand","embeddable":true,"href":"https:\/\/aromasentia.com\/no\/wp-json\/wp\/v2\/product_brand?post=204904"},{"taxonomy":"product_cat","embeddable":true,"href":"https:\/\/aromasentia.com\/no\/wp-json\/wp\/v2\/product_cat?post=204904"},{"taxonomy":"product_tag","embeddable":true,"href":"https:\/\/aromasentia.com\/no\/wp-json\/wp\/v2\/product_tag?post=204904"}],"curies":[{"name":"wp","href":"https:\/\/api.w.org\/{rel}","templated":true}]}}