{"id":204901,"date":"2025-03-23T10:29:53","date_gmt":"2025-03-23T10:29:53","guid":{"rendered":"https:\/\/aromasentia.com\/product\/bulk-incense-cones-violet\/"},"modified":"2025-05-31T01:16:25","modified_gmt":"2025-05-31T01:16:25","slug":"rokelseskjegler-i-bulk-fiolett","status":"publish","type":"product","link":"https:\/\/aromasentia.com\/no\/rokelseskjegler-i-bulk-fiolett\/","title":{"rendered":"R\u00f8kelseskjegler I Bulk &#8211; Fiolett"},"content":{"rendered":"<p>Violet r\u00f8kelsespinnene fanger den nydelige duften av ville fioler. Duften deres vil f\u00e5 deg til \u00e5 f\u00f8le at du vandrer gjennom et felt med disse milde blomstene p\u00e5 en solrik v\u00e5rettermiddag. La den skape den perfekte stemningen for avslapning etter en lang og travel dag.<\/p>\n<p>Disse indiske r\u00f8kelseskjeglene med sin fantastiske farge og eksotiske duft er virkelig fantastiske. Med en h\u00f8yde p\u00e5 25 mm er de st\u00f8rre enn gjennomsnittet.<\/p>\n<p>Tenn tuppen av kjeglen, bl\u00e5s ut flammen og la r\u00f8kelseskjeglen ulme, slik at r\u00f8yken, tilsatt duft, slippes ut.<\/p>\n","protected":false},"excerpt":{"rendered":"<p>Violet r\u00f8kelsespinnene fanger den nydelige duften av ville fioler. Duften deres vil f\u00e5 deg til \u00e5 f\u00f8le at du vandrer gjennom et felt med disse milde blomstene p\u00e5 en solrik v\u00e5rettermiddag. La den skape den perfekte stemningen for avslapning etter en lang og travel dag. Disse indiske r\u00f8kelseskjeglene med sin fantastiske farge og eksotiske duft [&hellip;]<\/p>\n","protected":false},"featured_media":399573,"comment_status":"closed","ping_status":"open","template":"","meta":{"_angie_page":false},"product_brand":[],"product_cat":[8747,8792],"product_tag":[],"class_list":{"0":"post-204901","1":"product","2":"type-product","3":"status-publish","4":"has-post-thumbnail","6":"product_cat-rokelse-og-rokelsesholdere","7":"product_cat-rokelseskjegler","8":"pa_collection-indian-bulk-incense-cones-no","9":"pa_made-in-india","11":"first","12":"instock","13":"purchasable","14":"product-type-simple"},"supplier_id":null,"supplier_sku":"BinC-22","barcode":null,"atum_controlled":true,"out_stock_date":null,"out_stock_threshold":null,"inheritable":false,"inbound_stock":null,"stock_on_hold":0,"sold_today":0,"sales_last_days":0,"reserved_stock":null,"customer_returns":null,"warehouse_damage":null,"lost_in_post":null,"other_logs":null,"out_stock_days":0,"lost_sales":0,"has_location":null,"update_date":"2026-05-08T00:08:50","atum_locations":[],"atum_stock_status":"instock","restock_status":false,"low_stock_amount":"","sales_update_date":"2025-10-09T03:25:49","calc_backorders":null,"_links":{"self":[{"href":"https:\/\/aromasentia.com\/no\/wp-json\/wp\/v2\/product\/204901","targetHints":{"allow":["GET"]}}],"collection":[{"href":"https:\/\/aromasentia.com\/no\/wp-json\/wp\/v2\/product"}],"about":[{"href":"https:\/\/aromasentia.com\/no\/wp-json\/wp\/v2\/types\/product"}],"replies":[{"embeddable":true,"href":"https:\/\/aromasentia.com\/no\/wp-json\/wp\/v2\/comments?post=204901"}],"version-history":[{"count":0,"href":"https:\/\/aromasentia.com\/no\/wp-json\/wp\/v2\/product\/204901\/revisions"}],"wp:featuredmedia":[{"embeddable":true,"href":"https:\/\/aromasentia.com\/no\/wp-json\/wp\/v2\/media\/399573"}],"wp:attachment":[{"href":"https:\/\/aromasentia.com\/no\/wp-json\/wp\/v2\/media?parent=204901"}],"wp:term":[{"taxonomy":"product_brand","embeddable":true,"href":"https:\/\/aromasentia.com\/no\/wp-json\/wp\/v2\/product_brand?post=204901"},{"taxonomy":"product_cat","embeddable":true,"href":"https:\/\/aromasentia.com\/no\/wp-json\/wp\/v2\/product_cat?post=204901"},{"taxonomy":"product_tag","embeddable":true,"href":"https:\/\/aromasentia.com\/no\/wp-json\/wp\/v2\/product_tag?post=204901"}],"curies":[{"name":"wp","href":"https:\/\/api.w.org\/{rel}","templated":true}]}}