{"id":204899,"date":"2025-03-23T10:29:53","date_gmt":"2025-03-23T10:29:53","guid":{"rendered":"https:\/\/aromasentia.com\/product\/bulk-incense-cones-orange-cinnamon\/"},"modified":"2025-05-31T01:16:20","modified_gmt":"2025-05-31T01:16:20","slug":"rokelseskjegler-i-bulk-appelsin-og-kanel","status":"publish","type":"product","link":"https:\/\/aromasentia.com\/no\/rokelseskjegler-i-bulk-appelsin-og-kanel\/","title":{"rendered":"R\u00f8kelseskjegler I Bulk &#8211; Appelsin Og Kanel"},"content":{"rendered":"<p>Den s\u00f8te, treaktige duften av kanel i kombinasjon med den fruktige duften av appelsin bringer friskhet og ny energi til rommet ditt. Appelsin- og kanelr\u00f8kelse l\u00f8fter hum\u00f8ret, gj\u00f8r enhver manifestasjonspraksis eller trolldomsut\u00f8velse mer effektiv, og \u00f8nsker vitalitet velkommen til kropp og sjel. N\u00e5r du tenner denne r\u00f8kelsen, vil du fylle hjemmet ditt med energien av suksess.<\/p>\n<p>Disse indiske r\u00f8kelseskjeglene med sin fantastiske farge og eksotiske duft er virkelig fantastiske. Med en h\u00f8yde p\u00e5 25 mm er de st\u00f8rre enn gjennomsnittet.<\/p>\n<p>Tenn tuppen av kjeglen, bl\u00e5s ut flammen og la r\u00f8kelseskjeglen ulme, slik at r\u00f8yken, tilsatt duften, slippes ut.<\/p>\n","protected":false},"excerpt":{"rendered":"<p>Den s\u00f8te, treaktige duften av kanel i kombinasjon med den fruktige duften av appelsin bringer friskhet og ny energi til rommet ditt. Appelsin- og kanelr\u00f8kelse l\u00f8fter hum\u00f8ret, gj\u00f8r enhver manifestasjonspraksis eller trolldomsut\u00f8velse mer effektiv, og \u00f8nsker vitalitet velkommen til kropp og sjel. N\u00e5r du tenner denne r\u00f8kelsen, vil du fylle hjemmet ditt med energien av [&hellip;]<\/p>\n","protected":false},"featured_media":399555,"comment_status":"closed","ping_status":"open","template":"","meta":{"_angie_page":false},"product_brand":[],"product_cat":[26306,25843,26133,26890,8747,8792,26820],"product_tag":[],"class_list":{"0":"post-204899","1":"product","2":"type-product","3":"status-publish","4":"has-post-thumbnail","6":"product_cat-appelsin","7":"product_cat-dufter-aromaer","8":"product_cat-kanel","9":"product_cat-krydret","10":"product_cat-rokelse-og-rokelsesholdere","11":"product_cat-rokelseskjegler","12":"product_cat-sitrus","13":"pa_collection-indian-bulk-incense-cones-no","14":"pa_made-in-india","16":"first","17":"instock","18":"purchasable","19":"product-type-simple"},"supplier_id":null,"supplier_sku":"BinC-20","barcode":null,"atum_controlled":true,"out_stock_date":null,"out_stock_threshold":null,"inheritable":false,"inbound_stock":null,"stock_on_hold":0,"sold_today":0,"sales_last_days":0,"reserved_stock":null,"customer_returns":null,"warehouse_damage":null,"lost_in_post":null,"other_logs":null,"out_stock_days":0,"lost_sales":0,"has_location":null,"update_date":"2026-05-08T05:04:58","atum_locations":[],"atum_stock_status":"instock","restock_status":false,"low_stock_amount":"","sales_update_date":"2025-10-09T03:25:49","calc_backorders":null,"_links":{"self":[{"href":"https:\/\/aromasentia.com\/no\/wp-json\/wp\/v2\/product\/204899","targetHints":{"allow":["GET"]}}],"collection":[{"href":"https:\/\/aromasentia.com\/no\/wp-json\/wp\/v2\/product"}],"about":[{"href":"https:\/\/aromasentia.com\/no\/wp-json\/wp\/v2\/types\/product"}],"replies":[{"embeddable":true,"href":"https:\/\/aromasentia.com\/no\/wp-json\/wp\/v2\/comments?post=204899"}],"version-history":[{"count":0,"href":"https:\/\/aromasentia.com\/no\/wp-json\/wp\/v2\/product\/204899\/revisions"}],"wp:featuredmedia":[{"embeddable":true,"href":"https:\/\/aromasentia.com\/no\/wp-json\/wp\/v2\/media\/399555"}],"wp:attachment":[{"href":"https:\/\/aromasentia.com\/no\/wp-json\/wp\/v2\/media?parent=204899"}],"wp:term":[{"taxonomy":"product_brand","embeddable":true,"href":"https:\/\/aromasentia.com\/no\/wp-json\/wp\/v2\/product_brand?post=204899"},{"taxonomy":"product_cat","embeddable":true,"href":"https:\/\/aromasentia.com\/no\/wp-json\/wp\/v2\/product_cat?post=204899"},{"taxonomy":"product_tag","embeddable":true,"href":"https:\/\/aromasentia.com\/no\/wp-json\/wp\/v2\/product_tag?post=204899"}],"curies":[{"name":"wp","href":"https:\/\/api.w.org\/{rel}","templated":true}]}}