{"id":204897,"date":"2025-03-23T10:29:53","date_gmt":"2025-03-23T10:29:53","guid":{"rendered":"https:\/\/aromasentia.com\/product\/bulk-incense-cones-sandalwood\/"},"modified":"2025-05-31T01:16:13","modified_gmt":"2025-05-31T01:16:13","slug":"rokelseskjegler-i-bulk-sandeltre","status":"publish","type":"product","link":"https:\/\/aromasentia.com\/no\/rokelseskjegler-i-bulk-sandeltre\/","title":{"rendered":"R\u00f8kelseskjegler I Bulk &#8211; Sandeltre"},"content":{"rendered":"<p>Den jordaktige og rensende duften av sandeltre er en av de eldste duftene som ble brukt i ritualer i oldtiden, og i dag er den fortsatt veldig popul\u00e6r. N\u00e5r du brenner en r\u00f8kelsespinne av sandeltre, renser den antiseptiske lukten alt den ber\u00f8rer.<\/p>\n<p>Disse indiske r\u00f8kelseskjeglene med sin fantastiske farge og eksotiske duft er virkelig fantastiske. Med en h\u00f8yde p\u00e5 25 mm er de st\u00f8rre enn gjennomsnittet.<\/p>\n<p>Tenn tuppen av kjeglen, bl\u00e5s ut flammen og la r\u00f8kelseskjeglen ulme, slik at r\u00f8yken, tilsatt duften, slippes ut.<\/p>\n","protected":false},"excerpt":{"rendered":"<p>Den jordaktige og rensende duften av sandeltre er en av de eldste duftene som ble brukt i ritualer i oldtiden, og i dag er den fortsatt veldig popul\u00e6r. N\u00e5r du brenner en r\u00f8kelsespinne av sandeltre, renser den antiseptiske lukten alt den ber\u00f8rer. Disse indiske r\u00f8kelseskjeglene med sin fantastiske farge og eksotiske duft er virkelig fantastiske. [&hellip;]<\/p>\n","protected":false},"featured_media":399537,"comment_status":"closed","ping_status":"open","template":"","meta":{"_angie_page":false},"product_brand":[],"product_cat":[25843,8747,8792,26386,26897],"product_tag":[],"class_list":{"0":"post-204897","1":"product","2":"type-product","3":"status-publish","4":"has-post-thumbnail","6":"product_cat-dufter-aromaer","7":"product_cat-rokelse-og-rokelsesholdere","8":"product_cat-rokelseskjegler","9":"product_cat-sandelte","10":"product_cat-treaktig","11":"pa_collection-indian-bulk-incense-cones-no","12":"pa_made-in-india","14":"first","15":"instock","16":"purchasable","17":"product-type-simple"},"supplier_id":null,"supplier_sku":"BinC-18","barcode":null,"atum_controlled":true,"out_stock_date":null,"out_stock_threshold":null,"inheritable":false,"inbound_stock":null,"stock_on_hold":0,"sold_today":0,"sales_last_days":0,"reserved_stock":null,"customer_returns":null,"warehouse_damage":null,"lost_in_post":null,"other_logs":null,"out_stock_days":0,"lost_sales":0,"has_location":null,"update_date":"2026-04-27T06:54:09","atum_locations":[],"atum_stock_status":"instock","restock_status":false,"low_stock_amount":"","sales_update_date":"2025-10-09T03:25:49","calc_backorders":null,"_links":{"self":[{"href":"https:\/\/aromasentia.com\/no\/wp-json\/wp\/v2\/product\/204897","targetHints":{"allow":["GET"]}}],"collection":[{"href":"https:\/\/aromasentia.com\/no\/wp-json\/wp\/v2\/product"}],"about":[{"href":"https:\/\/aromasentia.com\/no\/wp-json\/wp\/v2\/types\/product"}],"replies":[{"embeddable":true,"href":"https:\/\/aromasentia.com\/no\/wp-json\/wp\/v2\/comments?post=204897"}],"version-history":[{"count":0,"href":"https:\/\/aromasentia.com\/no\/wp-json\/wp\/v2\/product\/204897\/revisions"}],"wp:featuredmedia":[{"embeddable":true,"href":"https:\/\/aromasentia.com\/no\/wp-json\/wp\/v2\/media\/399537"}],"wp:attachment":[{"href":"https:\/\/aromasentia.com\/no\/wp-json\/wp\/v2\/media?parent=204897"}],"wp:term":[{"taxonomy":"product_brand","embeddable":true,"href":"https:\/\/aromasentia.com\/no\/wp-json\/wp\/v2\/product_brand?post=204897"},{"taxonomy":"product_cat","embeddable":true,"href":"https:\/\/aromasentia.com\/no\/wp-json\/wp\/v2\/product_cat?post=204897"},{"taxonomy":"product_tag","embeddable":true,"href":"https:\/\/aromasentia.com\/no\/wp-json\/wp\/v2\/product_tag?post=204897"}],"curies":[{"name":"wp","href":"https:\/\/api.w.org\/{rel}","templated":true}]}}