{"id":204886,"date":"2025-03-23T10:29:53","date_gmt":"2025-03-23T10:29:53","guid":{"rendered":"https:\/\/aromasentia.com\/product\/bulk-incense-cones-jasmine\/"},"modified":"2025-05-31T01:15:25","modified_gmt":"2025-05-31T01:15:25","slug":"rokelseskjegler-i-bulk-jasmine","status":"publish","type":"product","link":"https:\/\/aromasentia.com\/no\/rokelseskjegler-i-bulk-jasmine\/","title":{"rendered":"R\u00f8kelseskjegler I Bulk &#8211; Jasmine"},"content":{"rendered":"<p>Ordet \u00abjasmin\u00bb betyr gave fra Gud. Jasminblomsten regnes som en av de kraftigste blomstene som brukes i trolldom og magi. Dens sensuelle duft er lett gjenkjennelig, og det finnes mange m\u00e5ter \u00e5 innlemme jasmin i ritualer og trolldom. Jasmin med sin berusende duft vekker f\u00f8lelser av lidenskap og er det perfekte verkt\u00f8yet i en kj\u00e6rlighetsbringende trolldom. Dens beroligende og sensuelle egenskaper p\u00e5virker sinnet og vekker sensualitet.<\/p>\n<p>Disse indiske r\u00f8kelseskjeglene med sin fantastiske farge og eksotiske duft er virkelig fantastiske. Med en h\u00f8yde p\u00e5 25 mm er de st\u00f8rre enn gjennomsnittet.<\/p>\n<p>Tenn spissen av kjeglen, bl\u00e5s ut flammen og la r\u00f8kelseskjeglen ulme, slik at r\u00f8yken, tilsatt duften, slippes ut.<\/p>\n","protected":false},"excerpt":{"rendered":"<p>Ordet \u00abjasmin\u00bb betyr gave fra Gud. Jasminblomsten regnes som en av de kraftigste blomstene som brukes i trolldom og magi. Dens sensuelle duft er lett gjenkjennelig, og det finnes mange m\u00e5ter \u00e5 innlemme jasmin i ritualer og trolldom. Jasmin med sin berusende duft vekker f\u00f8lelser av lidenskap og er det perfekte verkt\u00f8yet i en kj\u00e6rlighetsbringende [&hellip;]<\/p>\n","protected":false},"featured_media":399438,"comment_status":"closed","ping_status":"open","template":"","meta":{"_angie_page":false},"product_brand":[],"product_cat":[26834,25843,26222,8747,8792],"product_tag":[],"class_list":{"0":"post-204886","1":"product","2":"type-product","3":"status-publish","4":"has-post-thumbnail","6":"product_cat-blomster","7":"product_cat-dufter-aromaer","8":"product_cat-jasmin","9":"product_cat-rokelse-og-rokelsesholdere","10":"product_cat-rokelseskjegler","11":"pa_collection-indian-bulk-incense-cones-no","12":"pa_made-in-india","14":"first","15":"outofstock","16":"purchasable","17":"product-type-simple"},"supplier_id":null,"supplier_sku":"BinC-07","barcode":null,"atum_controlled":true,"out_stock_date":"2025-09-04 21:39:09","out_stock_threshold":null,"inheritable":false,"inbound_stock":null,"stock_on_hold":0,"sold_today":0,"sales_last_days":0,"reserved_stock":null,"customer_returns":null,"warehouse_damage":null,"lost_in_post":null,"other_logs":null,"out_stock_days":34,"lost_sales":0,"has_location":null,"update_date":"2026-04-27T06:54:09","atum_locations":[],"atum_stock_status":"outofstock","restock_status":false,"low_stock_amount":"","sales_update_date":"2025-10-09T03:25:47","calc_backorders":null,"_links":{"self":[{"href":"https:\/\/aromasentia.com\/no\/wp-json\/wp\/v2\/product\/204886","targetHints":{"allow":["GET"]}}],"collection":[{"href":"https:\/\/aromasentia.com\/no\/wp-json\/wp\/v2\/product"}],"about":[{"href":"https:\/\/aromasentia.com\/no\/wp-json\/wp\/v2\/types\/product"}],"replies":[{"embeddable":true,"href":"https:\/\/aromasentia.com\/no\/wp-json\/wp\/v2\/comments?post=204886"}],"version-history":[{"count":0,"href":"https:\/\/aromasentia.com\/no\/wp-json\/wp\/v2\/product\/204886\/revisions"}],"wp:featuredmedia":[{"embeddable":true,"href":"https:\/\/aromasentia.com\/no\/wp-json\/wp\/v2\/media\/399438"}],"wp:attachment":[{"href":"https:\/\/aromasentia.com\/no\/wp-json\/wp\/v2\/media?parent=204886"}],"wp:term":[{"taxonomy":"product_brand","embeddable":true,"href":"https:\/\/aromasentia.com\/no\/wp-json\/wp\/v2\/product_brand?post=204886"},{"taxonomy":"product_cat","embeddable":true,"href":"https:\/\/aromasentia.com\/no\/wp-json\/wp\/v2\/product_cat?post=204886"},{"taxonomy":"product_tag","embeddable":true,"href":"https:\/\/aromasentia.com\/no\/wp-json\/wp\/v2\/product_tag?post=204886"}],"curies":[{"name":"wp","href":"https:\/\/api.w.org\/{rel}","templated":true}]}}