{"id":204884,"date":"2025-03-23T10:29:53","date_gmt":"2025-03-23T10:29:53","guid":{"rendered":"https:\/\/aromasentia.com\/product\/bulk-incense-cones-frank-myrrh\/"},"modified":"2025-05-31T01:15:20","modified_gmt":"2025-05-31T01:15:20","slug":"rokelseskjegler-i-bulk-frank-myrra","status":"publish","type":"product","link":"https:\/\/aromasentia.com\/no\/rokelseskjegler-i-bulk-frank-myrra\/","title":{"rendered":"R\u00f8kelseskjegler I Bulk &#8211; Frank &#038; Myrra"},"content":{"rendered":"<p>Frank og myrra med sin rike og beroligende duft er et fantastisk tilskudd til ethvert rom. Begge har helbredende egenskaper som kan hjelpe mennesker f\u00f8lelsesmessig, vibrasjonsmessig og \u00e5ndelig. P\u00e5 grunn av dette brukes de ofte i ritualer.<\/p>\n<p>Disse indiske r\u00f8kelseskjeglene med sin fantastiske farge og eksotiske duft er virkelig fantastiske. Med en h\u00f8yde p\u00e5 25 mm er de st\u00f8rre enn gjennomsnittet.<\/p>\n<p>Tenn tuppen av kjeglen, bl\u00e5s ut flammen og la r\u00f8kelseskjeglen ulme, slik at r\u00f8yken, tilsatt duften, slippes ut.<\/p>\n","protected":false},"excerpt":{"rendered":"<p>Frank og myrra med sin rike og beroligende duft er et fantastisk tilskudd til ethvert rom. Begge har helbredende egenskaper som kan hjelpe mennesker f\u00f8lelsesmessig, vibrasjonsmessig og \u00e5ndelig. P\u00e5 grunn av dette brukes de ofte i ritualer. Disse indiske r\u00f8kelseskjeglene med sin fantastiske farge og eksotiske duft er virkelig fantastiske. Med en h\u00f8yde p\u00e5 25 [&hellip;]<\/p>\n","protected":false},"featured_media":399420,"comment_status":"closed","ping_status":"open","template":"","meta":[],"product_brand":[],"product_cat":[25843,26883,26282,8747,8792],"product_tag":[],"class_list":{"0":"post-204884","1":"product","2":"type-product","3":"status-publish","4":"has-post-thumbnail","6":"product_cat-dufter-aromaer","7":"product_cat-harpiksaktig-balsamisk","8":"product_cat-myrt","9":"product_cat-rokelse-og-rokelsesholdere","10":"product_cat-rokelseskjegler","11":"pa_collection-indian-bulk-incense-cones-no","12":"pa_made-in-india","14":"first","15":"outofstock","16":"purchasable","17":"product-type-simple"},"supplier_id":null,"supplier_sku":"BinC-05","barcode":null,"atum_controlled":true,"out_stock_date":"2025-11-18 13:59:41","out_stock_threshold":null,"inheritable":false,"inbound_stock":null,"stock_on_hold":0,"sold_today":0,"sales_last_days":0,"reserved_stock":null,"customer_returns":null,"warehouse_damage":null,"lost_in_post":null,"other_logs":null,"out_stock_days":79,"lost_sales":0,"has_location":null,"update_date":"2026-02-06T00:01:14","atum_locations":[],"atum_stock_status":"outofstock","restock_status":false,"low_stock_amount":"","sales_update_date":"2026-02-06T00:01:14","calc_backorders":null,"_links":{"self":[{"href":"https:\/\/aromasentia.com\/no\/wp-json\/wp\/v2\/product\/204884","targetHints":{"allow":["GET"]}}],"collection":[{"href":"https:\/\/aromasentia.com\/no\/wp-json\/wp\/v2\/product"}],"about":[{"href":"https:\/\/aromasentia.com\/no\/wp-json\/wp\/v2\/types\/product"}],"replies":[{"embeddable":true,"href":"https:\/\/aromasentia.com\/no\/wp-json\/wp\/v2\/comments?post=204884"}],"version-history":[{"count":0,"href":"https:\/\/aromasentia.com\/no\/wp-json\/wp\/v2\/product\/204884\/revisions"}],"wp:featuredmedia":[{"embeddable":true,"href":"https:\/\/aromasentia.com\/no\/wp-json\/wp\/v2\/media\/399420"}],"wp:attachment":[{"href":"https:\/\/aromasentia.com\/no\/wp-json\/wp\/v2\/media?parent=204884"}],"wp:term":[{"taxonomy":"product_brand","embeddable":true,"href":"https:\/\/aromasentia.com\/no\/wp-json\/wp\/v2\/product_brand?post=204884"},{"taxonomy":"product_cat","embeddable":true,"href":"https:\/\/aromasentia.com\/no\/wp-json\/wp\/v2\/product_cat?post=204884"},{"taxonomy":"product_tag","embeddable":true,"href":"https:\/\/aromasentia.com\/no\/wp-json\/wp\/v2\/product_tag?post=204884"}],"curies":[{"name":"wp","href":"https:\/\/api.w.org\/{rel}","templated":true}]}}