{"id":204883,"date":"2025-03-23T10:29:53","date_gmt":"2025-03-23T10:29:53","guid":{"rendered":"https:\/\/aromasentia.com\/product\/bulk-incense-cones-dragons-blood\/"},"modified":"2025-05-31T01:15:18","modified_gmt":"2025-05-31T01:15:18","slug":"rokelseskjegler-i-bulk-dragons-blood","status":"publish","type":"product","link":"https:\/\/aromasentia.com\/no\/rokelseskjegler-i-bulk-dragons-blood\/","title":{"rendered":"R\u00f8kelseskjegler I Bulk &#8211; Dragons Blood"},"content":{"rendered":"<p>Dragons Blood-r\u00f8kelsespinner er laget av en knallr\u00f8d harpiks fra en rekke forskjellige tropiske tr\u00e6r, kalt dragetr\u00e6r, som Croton eller Dracaena. Drageblod gir en distinkt aroma. Lukter s\u00f8tt og mykt, likt rav. Du kan bruke drageblodr\u00f8kelse for \u00e5 beskytte hjemmet ditt, men det er ogs\u00e5 kjent for \u00e5 berolige stemningen.<\/p>\n<p>Disse indiske r\u00f8kelseskjeglene med sin fantastiske farge og eksotiske duft er virkelig fantastiske. Med en h\u00f8yde p\u00e5 25 mm er de st\u00f8rre enn gjennomsnittet.<\/p>\n<p>Tenn tuppen av kjeglen, bl\u00e5s ut flammen og la r\u00f8kelseskjeglen ulme, slik at r\u00f8yken, tilsatt duft, slippes ut.<\/p>\n","protected":false},"excerpt":{"rendered":"<p>Dragons Blood-r\u00f8kelsespinner er laget av en knallr\u00f8d harpiks fra en rekke forskjellige tropiske tr\u00e6r, kalt dragetr\u00e6r, som Croton eller Dracaena. Drageblod gir en distinkt aroma. Lukter s\u00f8tt og mykt, likt rav. Du kan bruke drageblodr\u00f8kelse for \u00e5 beskytte hjemmet ditt, men det er ogs\u00e5 kjent for \u00e5 berolige stemningen. Disse indiske r\u00f8kelseskjeglene med sin fantastiske [&hellip;]<\/p>\n","protected":false},"featured_media":399411,"comment_status":"closed","ping_status":"open","template":"","meta":{"_angie_page":false},"product_brand":[],"product_cat":[8747,8792],"product_tag":[],"class_list":{"0":"post-204883","1":"product","2":"type-product","3":"status-publish","4":"has-post-thumbnail","6":"product_cat-rokelse-og-rokelsesholdere","7":"product_cat-rokelseskjegler","8":"pa_collection-indian-bulk-incense-cones-no","9":"pa_made-in-india","11":"first","12":"outofstock","13":"purchasable","14":"product-type-simple"},"supplier_id":null,"supplier_sku":"BinC-04","barcode":null,"atum_controlled":true,"out_stock_date":"2025-09-04 21:39:01","out_stock_threshold":null,"inheritable":false,"inbound_stock":null,"stock_on_hold":0,"sold_today":0,"sales_last_days":0,"reserved_stock":null,"customer_returns":null,"warehouse_damage":null,"lost_in_post":null,"other_logs":null,"out_stock_days":34,"lost_sales":0,"has_location":null,"update_date":"2026-04-27T06:54:09","atum_locations":[],"atum_stock_status":"outofstock","restock_status":false,"low_stock_amount":"","sales_update_date":"2025-10-09T03:25:45","calc_backorders":null,"_links":{"self":[{"href":"https:\/\/aromasentia.com\/no\/wp-json\/wp\/v2\/product\/204883","targetHints":{"allow":["GET"]}}],"collection":[{"href":"https:\/\/aromasentia.com\/no\/wp-json\/wp\/v2\/product"}],"about":[{"href":"https:\/\/aromasentia.com\/no\/wp-json\/wp\/v2\/types\/product"}],"replies":[{"embeddable":true,"href":"https:\/\/aromasentia.com\/no\/wp-json\/wp\/v2\/comments?post=204883"}],"version-history":[{"count":0,"href":"https:\/\/aromasentia.com\/no\/wp-json\/wp\/v2\/product\/204883\/revisions"}],"wp:featuredmedia":[{"embeddable":true,"href":"https:\/\/aromasentia.com\/no\/wp-json\/wp\/v2\/media\/399411"}],"wp:attachment":[{"href":"https:\/\/aromasentia.com\/no\/wp-json\/wp\/v2\/media?parent=204883"}],"wp:term":[{"taxonomy":"product_brand","embeddable":true,"href":"https:\/\/aromasentia.com\/no\/wp-json\/wp\/v2\/product_brand?post=204883"},{"taxonomy":"product_cat","embeddable":true,"href":"https:\/\/aromasentia.com\/no\/wp-json\/wp\/v2\/product_cat?post=204883"},{"taxonomy":"product_tag","embeddable":true,"href":"https:\/\/aromasentia.com\/no\/wp-json\/wp\/v2\/product_tag?post=204883"}],"curies":[{"name":"wp","href":"https:\/\/api.w.org\/{rel}","templated":true}]}}