{"id":204875,"date":"2025-03-23T10:29:53","date_gmt":"2025-03-23T10:29:53","guid":{"rendered":"https:\/\/aromasentia.com\/product\/brass-charcoal-burner-with-coaster\/"},"modified":"2025-05-31T01:14:57","modified_gmt":"2025-05-31T01:14:57","slug":"kullbrenner-i-messing-med-underkop","status":"publish","type":"product","link":"https:\/\/aromasentia.com\/no\/kullbrenner-i-messing-med-underkop\/","title":{"rendered":"Kullbrenner I Messing med Underkop"},"content":{"rendered":"<p><span style=\"color: rgb(75, 80, 88);\">La aromaen flyte forsiktig med disse tradisjonelle messingbrennerne. Fra den gamle messingbyen Moradabad i India, hvor disse gjenstandene har blitt laget og brukt i generasjoner.<\/span><\/p>\n<p><span style=\"color: rgb(75, 80, 88);\">Denne <strong>r\u00f8kelseskrukken i messing, utsk\u00e5ret kull<\/strong>, er importert direkte fra en familieprodusent i Morodabad, s\u00e5 du kan v\u00e6re sikker p\u00e5 at disse r\u00f8kelsesbrennerne er autentiske og til konkurransedyktige priser.<\/span><\/p>\n<p><span style=\"color: rgb(75, 80, 88);\">Bes\u00f8k v\u00e5r<\/span><a href=\"https:\/\/aromasentia.com\/incense\"><span style=\"color: rgb(149, 122, 101);\"><strong>side for r\u00f8kelsesavdelingen<\/strong><\/span><\/a><span style=\"color: rgb(75, 80, 88);\">for det beste utvalget av r\u00f8kelsespinner, r\u00f8kelseskjegler og r\u00f8kelse holdere.<\/span><\/p>\n<p><span style=\"color: rgb(149, 122, 101);\"><a href=\"https:\/\/aromasentia.com\/resin-22c\"><strong>Kj\u00f8p kull her<\/strong><\/a><strong>&nbsp;<\/strong><\/span><\/p>\n<p><strong><span style=\"color: rgb(184, 49, 47);\">ADVARSEL<\/span><\/strong>:<span style=\"color: rgb(75, 80, 88);\"><strong>&nbsp;Alle typer r\u00f8kelsesbrennere blir veldig varme n\u00e5r de er i bruk, s\u00e5 plasser dem p\u00e5 en flat, stabil og varmebestandig overflate og hold dem unna alt som er brennbart.<\/strong><\/span><\/p>\n","protected":false},"excerpt":{"rendered":"<p>La aromaen flyte forsiktig med disse tradisjonelle messingbrennerne. Fra den gamle messingbyen Moradabad i India, hvor disse gjenstandene har blitt laget og brukt i generasjoner. Denne r\u00f8kelseskrukken i messing, utsk\u00e5ret kull, er importert direkte fra en familieprodusent i Morodabad, s\u00e5 du kan v\u00e6re sikker p\u00e5 at disse r\u00f8kelsesbrennerne er autentiske og til konkurransedyktige priser. Bes\u00f8k [&hellip;]<\/p>\n","protected":false},"featured_media":399219,"comment_status":"closed","ping_status":"open","template":"","meta":{"_angie_page":false},"product_brand":[],"product_cat":[8747,8748],"product_tag":[],"class_list":{"0":"post-204875","1":"product","2":"type-product","3":"status-publish","4":"has-post-thumbnail","6":"product_cat-rokelse-og-rokelsesholdere","7":"product_cat-rokelsesholdere-og-rokelsesbrennere","8":"pa_collection-traditional-brass-incense-burners-no","9":"pa_made-in-india","11":"first","12":"outofstock","13":"purchasable","14":"product-type-simple"},"supplier_id":null,"supplier_sku":"BIB-14","barcode":null,"atum_controlled":true,"out_stock_date":"2025-09-04 21:38:45","out_stock_threshold":null,"inheritable":false,"inbound_stock":null,"stock_on_hold":0,"sold_today":0,"sales_last_days":0,"reserved_stock":null,"customer_returns":null,"warehouse_damage":null,"lost_in_post":null,"other_logs":null,"out_stock_days":34,"lost_sales":0,"has_location":null,"update_date":"2026-04-27T06:54:02","atum_locations":[],"atum_stock_status":"outofstock","restock_status":false,"low_stock_amount":"","sales_update_date":"2025-10-09T03:25:44","calc_backorders":null,"_links":{"self":[{"href":"https:\/\/aromasentia.com\/no\/wp-json\/wp\/v2\/product\/204875","targetHints":{"allow":["GET"]}}],"collection":[{"href":"https:\/\/aromasentia.com\/no\/wp-json\/wp\/v2\/product"}],"about":[{"href":"https:\/\/aromasentia.com\/no\/wp-json\/wp\/v2\/types\/product"}],"replies":[{"embeddable":true,"href":"https:\/\/aromasentia.com\/no\/wp-json\/wp\/v2\/comments?post=204875"}],"version-history":[{"count":0,"href":"https:\/\/aromasentia.com\/no\/wp-json\/wp\/v2\/product\/204875\/revisions"}],"wp:featuredmedia":[{"embeddable":true,"href":"https:\/\/aromasentia.com\/no\/wp-json\/wp\/v2\/media\/399219"}],"wp:attachment":[{"href":"https:\/\/aromasentia.com\/no\/wp-json\/wp\/v2\/media?parent=204875"}],"wp:term":[{"taxonomy":"product_brand","embeddable":true,"href":"https:\/\/aromasentia.com\/no\/wp-json\/wp\/v2\/product_brand?post=204875"},{"taxonomy":"product_cat","embeddable":true,"href":"https:\/\/aromasentia.com\/no\/wp-json\/wp\/v2\/product_cat?post=204875"},{"taxonomy":"product_tag","embeddable":true,"href":"https:\/\/aromasentia.com\/no\/wp-json\/wp\/v2\/product_tag?post=204875"}],"curies":[{"name":"wp","href":"https:\/\/api.w.org\/{rel}","templated":true}]}}