{"id":204870,"date":"2025-03-23T10:29:53","date_gmt":"2025-03-23T10:29:53","guid":{"rendered":"https:\/\/aromasentia.com\/product\/pentagram-incense-butler\/"},"modified":"2025-05-31T01:14:46","modified_gmt":"2025-05-31T01:14:46","slug":"pentagram-rokelse-butler","status":"publish","type":"product","link":"https:\/\/aromasentia.com\/no\/pentagram-rokelse-butler\/","title":{"rendered":"Pentagram R\u00f8kelse Butler"},"content":{"rendered":"<p>En r\u00f8kelsesbrenner i messing med skjermtopp er et ideelt valg for de fleste typer r\u00f8kelse. De er nyttige med kulltavler. Bare fyll bunnen med sand eller aske, legg til en kulltavle og brenn din favorittharpiksr\u00f8kelse. Pentagrambrenneren har et avtakbart treh\u00e5ndtak for \u00e5 flytte dem rundt n\u00e5r du vil ta r\u00f8kelsen fra rom til rom.<\/p>\n<p>ADVARSEL: R\u00f8kelsesbrennere blir varme n\u00e5r de er i bruk, s\u00e5 plasser dem p\u00e5 en flat, stabil og varmebestandig overflate og hold dem unna barn.<\/p>\n","protected":false},"excerpt":{"rendered":"<p>En r\u00f8kelsesbrenner i messing med skjermtopp er et ideelt valg for de fleste typer r\u00f8kelse. De er nyttige med kulltavler. Bare fyll bunnen med sand eller aske, legg til en kulltavle og brenn din favorittharpiksr\u00f8kelse. Pentagrambrenneren har et avtakbart treh\u00e5ndtak for \u00e5 flytte dem rundt n\u00e5r du vil ta r\u00f8kelsen fra rom til rom. ADVARSEL: [&hellip;]<\/p>\n","protected":false},"featured_media":398982,"comment_status":"closed","ping_status":"open","template":"","meta":{"_angie_page":false},"product_brand":[],"product_cat":[8747,8748],"product_tag":[],"class_list":{"0":"post-204870","1":"product","2":"type-product","3":"status-publish","4":"has-post-thumbnail","6":"product_cat-rokelse-og-rokelsesholdere","7":"product_cat-rokelsesholdere-og-rokelsesbrennere","8":"pa_collection-traditional-brass-incense-burners-no","9":"pa_made-in-india","11":"first","12":"outofstock","13":"purchasable","14":"product-type-simple"},"supplier_id":null,"supplier_sku":"BIB-07","barcode":null,"atum_controlled":true,"out_stock_date":"2025-09-04 21:38:32","out_stock_threshold":null,"inheritable":false,"inbound_stock":null,"stock_on_hold":0,"sold_today":0,"sales_last_days":0,"reserved_stock":null,"customer_returns":null,"warehouse_damage":null,"lost_in_post":null,"other_logs":null,"out_stock_days":34,"lost_sales":0,"has_location":null,"update_date":"2026-04-27T06:54:02","atum_locations":[],"atum_stock_status":"outofstock","restock_status":false,"low_stock_amount":"","sales_update_date":"2025-10-09T03:25:44","calc_backorders":null,"_links":{"self":[{"href":"https:\/\/aromasentia.com\/no\/wp-json\/wp\/v2\/product\/204870","targetHints":{"allow":["GET"]}}],"collection":[{"href":"https:\/\/aromasentia.com\/no\/wp-json\/wp\/v2\/product"}],"about":[{"href":"https:\/\/aromasentia.com\/no\/wp-json\/wp\/v2\/types\/product"}],"replies":[{"embeddable":true,"href":"https:\/\/aromasentia.com\/no\/wp-json\/wp\/v2\/comments?post=204870"}],"version-history":[{"count":0,"href":"https:\/\/aromasentia.com\/no\/wp-json\/wp\/v2\/product\/204870\/revisions"}],"wp:featuredmedia":[{"embeddable":true,"href":"https:\/\/aromasentia.com\/no\/wp-json\/wp\/v2\/media\/398982"}],"wp:attachment":[{"href":"https:\/\/aromasentia.com\/no\/wp-json\/wp\/v2\/media?parent=204870"}],"wp:term":[{"taxonomy":"product_brand","embeddable":true,"href":"https:\/\/aromasentia.com\/no\/wp-json\/wp\/v2\/product_brand?post=204870"},{"taxonomy":"product_cat","embeddable":true,"href":"https:\/\/aromasentia.com\/no\/wp-json\/wp\/v2\/product_cat?post=204870"},{"taxonomy":"product_tag","embeddable":true,"href":"https:\/\/aromasentia.com\/no\/wp-json\/wp\/v2\/product_tag?post=204870"}],"curies":[{"name":"wp","href":"https:\/\/api.w.org\/{rel}","templated":true}]}}